{"id":4913,"date":"2017-10-28T10:20:23","date_gmt":"2017-10-28T08:20:23","guid":{"rendered":"https:\/\/malaga.salesianos.edu\/social\/?page_id=4913"},"modified":"2022-11-13T21:37:35","modified_gmt":"2022-11-13T20:37:35","slug":"boscoglobal","status":"publish","type":"page","link":"https:\/\/malaga.salesianos.edu\/social\/boscoglobal\/","title":{"rendered":"ONGD Bosco Global"},"content":{"rendered":"<p>[et_pb_section fb_built=\u00bb1&#8243; fullwidth=\u00bbon\u00bb _builder_version=\u00bb4.16&#8243; global_colors_info=\u00bb{}\u00bb][et_pb_fullwidth_header title=\u00bbONGD Bosco Global\u00bb title_font_color=\u00bb#ffffff\u00bb module_class=\u00bbpagina-imagen-cabecera\u00bb _builder_version=\u00bb4.16&#8243; title_text_color=\u00bb#ffffff\u00bb title_font_size=\u00bb40px\u00bb background_color=\u00bbrgba(255, 255, 255, 0)\u00bb background_image=\u00bbhttps:\/\/malaga.salesianos.edu\/social\/wp-content\/uploads\/sites\/7\/2017\/02\/board-2450096_1280.jpg\u00bb background_blend=\u00bbsoft-light\u00bb background_layout=\u00bblight\u00bb background_url=\u00bbhttps:\/\/malaga.salesianos.edu\/social\/wp-content\/uploads\/sites\/7\/2017\/04\/DSC0006c.jpg\u00bb global_colors_info=\u00bb{}\u00bb button_one_text_size__hover_enabled=\u00bboff\u00bb button_two_text_size__hover_enabled=\u00bboff\u00bb button_one_text_color__hover_enabled=\u00bboff\u00bb button_two_text_color__hover_enabled=\u00bboff\u00bb button_one_border_width__hover_enabled=\u00bboff\u00bb button_two_border_width__hover_enabled=\u00bboff\u00bb button_one_border_color__hover_enabled=\u00bboff\u00bb button_two_border_color__hover_enabled=\u00bboff\u00bb button_one_border_radius__hover_enabled=\u00bboff\u00bb button_two_border_radius__hover_enabled=\u00bboff\u00bb button_one_letter_spacing__hover_enabled=\u00bboff\u00bb button_two_letter_spacing__hover_enabled=\u00bboff\u00bb button_one_bg_color__hover_enabled=\u00bboff\u00bb button_two_bg_color__hover_enabled=\u00bboff\u00bb][\/et_pb_fullwidth_header][\/et_pb_section][et_pb_section fb_built=\u00bb1&#8243; module_class=\u00bbpagina-seccion-contenido\u00bb _builder_version=\u00bb4.16&#8243; custom_padding=\u00bb-4%|||\u00bb transparent_background=\u00bboff\u00bb make_fullwidth=\u00bboff\u00bb use_custom_width=\u00bboff\u00bb width_unit=\u00bbon\u00bb global_colors_info=\u00bb{}\u00bb][et_pb_row module_class=\u00bbpagina-texto\u00bb _builder_version=\u00bb4.16&#8243; background_size=\u00bbinitial\u00bb background_position=\u00bbtop_left\u00bb background_repeat=\u00bbrepeat\u00bb make_fullwidth=\u00bboff\u00bb use_custom_width=\u00bboff\u00bb width_unit=\u00bbon\u00bb global_colors_info=\u00bb{}\u00bb][et_pb_column type=\u00bb4_4&#8243; _builder_version=\u00bb4.16&#8243; custom_padding=\u00bb|||\u00bb global_colors_info=\u00bb{}\u00bb custom_padding__hover=\u00bb|||\u00bb][et_pb_post_title author=\u00bboff\u00bb date=\u00bboff\u00bb comments=\u00bboff\u00bb featured_image=\u00bboff\u00bb _builder_version=\u00bb4.16&#8243; title_font_size=\u00bb26&#8243; title_font_size_tablet=\u00bb\u00bb title_font_size_phone=\u00bb\u00bb title_font_size_last_edited=\u00bbon|phone\u00bb parallax_effect=\u00bboff\u00bb use_border_color=\u00bboff\u00bb border_color=\u00bb#ffffff\u00bb border_style=\u00bbsolid\u00bb global_colors_info=\u00bb{}\u00bb][\/et_pb_post_title][et_pb_text _builder_version=\u00bb4.16&#8243; text_orientation=\u00bbjustified\u00bb module_alignment=\u00bbjustified\u00bb global_colors_info=\u00bb{}\u00bb]<\/p>\n<blockquote><p><strong>ONG salesiana de desarrollo, trabajando en el \u00e1mbito escolar con un Equipo de Voluntariado que participa en la Coordinadora Provincial de ONGS, animando grupos de la Espiral Solidaria con un Equipo de Voluntariado en sensibilizaci\u00f3n y compromiso activo y en la captaci\u00f3n de fondos para apoyar la dimensi\u00f3n de Cooperaci\u00f3n Internacional (proyectos de \u00c1frica Subsahariana, Sudam\u00e9rica y Magreb)<\/strong><\/p><\/blockquote>\n<p>[\/et_pb_text][\/et_pb_column][\/et_pb_row][et_pb_row column_structure=\u00bb2_3,1_3&#8243; _builder_version=\u00bb4.16&#8243; background_size=\u00bbinitial\u00bb background_position=\u00bbtop_left\u00bb background_repeat=\u00bbrepeat\u00bb global_colors_info=\u00bb{}\u00bb][et_pb_column type=\u00bb2_3&#8243; _builder_version=\u00bb4.16&#8243; custom_padding=\u00bb|||\u00bb global_colors_info=\u00bb{}\u00bb custom_padding__hover=\u00bb|||\u00bb][et_pb_text _builder_version=\u00bb4.16&#8243; text_orientation=\u00bbjustified\u00bb module_alignment=\u00bbjustified\u00bb global_colors_info=\u00bb{}\u00bb]<\/p>\n<h2>\u00bfQu\u00edenes somos?<\/h2>\n<p>Bosco Global somos una ONG de Desarrollo, promovida por los salesianos, y\u00a0formada por mujeres y hombres que vivimos convencidos de que un mundo m\u00e1s justo y solidario es posible y necesario. Favorecemos la promoci\u00f3n integral de las personas y los pueblos de los pa\u00edses empobrecidos, especialmente de los j\u00f3venes en situaci\u00f3n de riesgo y exclusi\u00f3n social, promoviendo proyectos de capacitaci\u00f3n e inserci\u00f3n socioprofesional. Impulsamos propuestas de desarrollo personal y comunitario, facilitando espacios para la educaci\u00f3n y la participaci\u00f3n que alienten una ciudadan\u00eda activa que sea motor de cambio.<\/p>\n<h2>\u00bfQu\u00e9 hacemos?<\/h2>\n<p>Despu\u00e9s de 15 a\u00f1os hemos consolidado y ampliado nuestro trabajo para mejorar las condiciones de vida de las personas que viven en los pa\u00edses m\u00e1s pobres mediante propuestas viables y con clara vocaci\u00f3n de futuro. Un compromiso que hacemos posible gracias al empe\u00f1o que realizamos desde las diferentes l\u00edneas de trabajo de la organizaci\u00f3n y el enfoque integral de todas nuestras acciones: Cooperaci\u00f3n Internacional, Educaci\u00f3n para el Desarrollo y Voluntariado.<\/p>\n<p>[\/et_pb_text][\/et_pb_column][et_pb_column type=\u00bb1_3&#8243; _builder_version=\u00bb4.16&#8243; custom_padding=\u00bb|||\u00bb global_colors_info=\u00bb{}\u00bb custom_padding__hover=\u00bb|||\u00bb][et_pb_image src=\u00bbhttps:\/\/malaga.salesianos.edu\/social\/wp-content\/uploads\/sites\/7\/2019\/11\/logotipo-retina-boscoglobal.jpg\u00bb title_text=\u00bblogotipo-retina-boscoglobal\u00bb url=\u00bbhttp:\/\/solidaridaddonbosco.org\/\u00bb url_new_window=\u00bbon\u00bb force_fullwidth=\u00bbon\u00bb align_tablet=\u00bbcenter\u00bb align_phone=\u00bb\u00bb align_last_edited=\u00bbon|desktop\u00bb _builder_version=\u00bb4.16&#8243; animation_style=\u00bbslide\u00bb animation_direction=\u00bbright\u00bb always_center_on_mobile=\u00bbon\u00bb global_colors_info=\u00bb{}\u00bb][\/et_pb_image][et_pb_blurb title=\u00bbVisita la web\u00bb url=\u00bbhttps:\/\/boscoglobal.org\/\u00bb url_new_window=\u00bbon\u00bb _builder_version=\u00bb4.16&#8243; header_text_align=\u00bbcenter\u00bb global_colors_info=\u00bb{}\u00bb][\/et_pb_blurb][\/et_pb_column][\/et_pb_row][et_pb_row column_structure=\u00bb1_2,1_2&#8243; _builder_version=\u00bb4.16&#8243; background_size=\u00bbinitial\u00bb background_position=\u00bbtop_left\u00bb background_repeat=\u00bbrepeat\u00bb global_colors_info=\u00bb{}\u00bb][et_pb_column type=\u00bb1_2&#8243; _builder_version=\u00bb4.16&#8243; custom_padding=\u00bb|||\u00bb global_colors_info=\u00bb{}\u00bb custom_padding__hover=\u00bb|||\u00bb][et_pb_text _builder_version=\u00bb4.16&#8243; global_colors_info=\u00bb{}\u00bb]<\/p>\n<h1 class=\"et_pb_contact_main_title\">Contacta con Bosco Global<\/h1>\n<p>[\/et_pb_text][et_pb_contact_form email=\u00bbinfo@boscoglobal.org\u00bb _builder_version=\u00bb4.16&#8243; _unique_id=\u00bbbc65e108-527a-473c-8866-f09a6f3f1c3f\u00bb hover_enabled=\u00bb0&#8243; saved_tabs=\u00bball\u00bb global_colors_info=\u00bb{}\u00bb sticky_enabled=\u00bb0&#8243;][et_pb_contact_field field_id=\u00bbName\u00bb field_title=\u00bbNombre\u00bb _builder_version=\u00bb4.16&#8243; global_colors_info=\u00bb{}\u00bb button_text_size__hover_enabled=\u00bboff\u00bb button_one_text_size__hover_enabled=\u00bboff\u00bb button_two_text_size__hover_enabled=\u00bboff\u00bb button_text_color__hover_enabled=\u00bboff\u00bb button_one_text_color__hover_enabled=\u00bboff\u00bb button_two_text_color__hover_enabled=\u00bboff\u00bb button_border_width__hover_enabled=\u00bboff\u00bb button_one_border_width__hover_enabled=\u00bboff\u00bb button_two_border_width__hover_enabled=\u00bboff\u00bb button_border_color__hover_enabled=\u00bboff\u00bb button_one_border_color__hover_enabled=\u00bboff\u00bb button_two_border_color__hover_enabled=\u00bboff\u00bb button_border_radius__hover_enabled=\u00bboff\u00bb button_one_border_radius__hover_enabled=\u00bboff\u00bb button_two_border_radius__hover_enabled=\u00bboff\u00bb button_letter_spacing__hover_enabled=\u00bboff\u00bb button_one_letter_spacing__hover_enabled=\u00bboff\u00bb button_two_letter_spacing__hover_enabled=\u00bboff\u00bb button_bg_color__hover_enabled=\u00bboff\u00bb button_one_bg_color__hover_enabled=\u00bboff\u00bb button_two_bg_color__hover_enabled=\u00bboff\u00bb][\/et_pb_contact_field][et_pb_contact_field field_id=\u00bbEmail\u00bb field_title=\u00bbDirecci\u00f3n de correo electr\u00f3nico\u00bb field_type=\u00bbemail\u00bb _builder_version=\u00bb4.16&#8243; hover_enabled=\u00bb0&#8243; global_colors_info=\u00bb{}\u00bb button_text_size__hover_enabled=\u00bboff\u00bb button_one_text_size__hover_enabled=\u00bboff\u00bb button_two_text_size__hover_enabled=\u00bboff\u00bb button_text_color__hover_enabled=\u00bboff\u00bb button_one_text_color__hover_enabled=\u00bboff\u00bb button_two_text_color__hover_enabled=\u00bboff\u00bb button_border_width__hover_enabled=\u00bboff\u00bb button_one_border_width__hover_enabled=\u00bboff\u00bb button_two_border_width__hover_enabled=\u00bboff\u00bb button_border_color__hover_enabled=\u00bboff\u00bb button_one_border_color__hover_enabled=\u00bboff\u00bb button_two_border_color__hover_enabled=\u00bboff\u00bb button_border_radius__hover_enabled=\u00bboff\u00bb button_one_border_radius__hover_enabled=\u00bboff\u00bb button_two_border_radius__hover_enabled=\u00bboff\u00bb button_letter_spacing__hover_enabled=\u00bboff\u00bb button_one_letter_spacing__hover_enabled=\u00bboff\u00bb button_two_letter_spacing__hover_enabled=\u00bboff\u00bb button_bg_color__hover_enabled=\u00bboff\u00bb button_one_bg_color__hover_enabled=\u00bboff\u00bb button_two_bg_color__hover_enabled=\u00bboff\u00bb sticky_enabled=\u00bb0&#8243;][\/et_pb_contact_field][et_pb_contact_field field_id=\u00bbMessage\u00bb field_title=\u00bbMensaje\u00bb field_type=\u00bbtext\u00bb fullwidth_field=\u00bbon\u00bb _builder_version=\u00bb4.16&#8243; global_colors_info=\u00bb{}\u00bb button_text_size__hover_enabled=\u00bboff\u00bb button_one_text_size__hover_enabled=\u00bboff\u00bb button_two_text_size__hover_enabled=\u00bboff\u00bb button_text_color__hover_enabled=\u00bboff\u00bb button_one_text_color__hover_enabled=\u00bboff\u00bb button_two_text_color__hover_enabled=\u00bboff\u00bb button_border_width__hover_enabled=\u00bboff\u00bb button_one_border_width__hover_enabled=\u00bboff\u00bb button_two_border_width__hover_enabled=\u00bboff\u00bb button_border_color__hover_enabled=\u00bboff\u00bb button_one_border_color__hover_enabled=\u00bboff\u00bb button_two_border_color__hover_enabled=\u00bboff\u00bb button_border_radius__hover_enabled=\u00bboff\u00bb button_one_border_radius__hover_enabled=\u00bboff\u00bb button_two_border_radius__hover_enabled=\u00bboff\u00bb button_letter_spacing__hover_enabled=\u00bboff\u00bb button_one_letter_spacing__hover_enabled=\u00bboff\u00bb button_two_letter_spacing__hover_enabled=\u00bboff\u00bb button_bg_color__hover_enabled=\u00bboff\u00bb button_one_bg_color__hover_enabled=\u00bboff\u00bb button_two_bg_color__hover_enabled=\u00bboff\u00bb][\/et_pb_contact_field][et_pb_contact_field field_id=\u00bbPol\u00edtica_de_privacidad\u00bb field_title=\u00bb \u00bb field_type=\u00bbcheckbox\u00bb checkbox_options=\u00bb%91{%22value%22:%22Acepto la pol\u00edtica de privacidad del sitio%22,%22checked%22:0}%93&#8243; fullwidth_field=\u00bbon\u00bb _builder_version=\u00bb4.16&#8243; form_field_font=\u00bb||||\u00bb use_border_color=\u00bboff\u00bb border_style=\u00bbsolid\u00bb global_colors_info=\u00bb{}\u00bb button_text_size__hover_enabled=\u00bboff\u00bb button_one_text_size__hover_enabled=\u00bboff\u00bb button_two_text_size__hover_enabled=\u00bboff\u00bb button_text_color__hover_enabled=\u00bboff\u00bb button_one_text_color__hover_enabled=\u00bboff\u00bb button_two_text_color__hover_enabled=\u00bboff\u00bb button_border_width__hover_enabled=\u00bboff\u00bb button_one_border_width__hover_enabled=\u00bboff\u00bb button_two_border_width__hover_enabled=\u00bboff\u00bb button_border_color__hover_enabled=\u00bboff\u00bb button_one_border_color__hover_enabled=\u00bboff\u00bb button_two_border_color__hover_enabled=\u00bboff\u00bb button_border_radius__hover_enabled=\u00bboff\u00bb button_one_border_radius__hover_enabled=\u00bboff\u00bb button_two_border_radius__hover_enabled=\u00bboff\u00bb button_letter_spacing__hover_enabled=\u00bboff\u00bb button_one_letter_spacing__hover_enabled=\u00bboff\u00bb button_two_letter_spacing__hover_enabled=\u00bboff\u00bb button_bg_color__hover_enabled=\u00bboff\u00bb button_one_bg_color__hover_enabled=\u00bboff\u00bb button_two_bg_color__hover_enabled=\u00bboff\u00bb][\/et_pb_contact_field][\/et_pb_contact_form][\/et_pb_column][et_pb_column type=\u00bb1_2&#8243; _builder_version=\u00bb4.16&#8243; custom_padding=\u00bb|||\u00bb global_colors_info=\u00bb{}\u00bb custom_padding__hover=\u00bb|||\u00bb][et_pb_divider show_divider=\u00bboff\u00bb _builder_version=\u00bb4.16&#8243; global_colors_info=\u00bb{}\u00bb][\/et_pb_divider][et_pb_gallery gallery_ids=\u00bb4989,4990,4991,4992,4993,4994,4995,4996&#8243; fullwidth=\u00bbon\u00bb _builder_version=\u00bb4.16&#8243; auto=\u00bbon\u00bb pagination_font_size_tablet=\u00bb51&#8243; pagination_line_height_tablet=\u00bb2&#8243; global_colors_info=\u00bb{}\u00bb][\/et_pb_gallery][\/et_pb_column][\/et_pb_row][et_pb_row column_structure=\u00bb1_4,1_4,1_4,1_4&#8243; _builder_version=\u00bb4.16&#8243; global_colors_info=\u00bb{}\u00bb][et_pb_column type=\u00bb1_4&#8243; _builder_version=\u00bb4.16&#8243; custom_padding=\u00bb|||\u00bb global_colors_info=\u00bb{}\u00bb custom_padding__hover=\u00bb|||\u00bb][et_pb_blurb title=\u00bbC\/ Eduardo Dom\u00ednguez \u00c1vila 19. 29014 M\u00e1laga\u00bb url=\u00bbhttps:\/\/www.google.es\/maps\/place\/Calle+Eduardo+Dom%C3%ADnguez+%C3%81vila,+19,+29014+M%C3%A1laga\/@36.731222,-4.4238126,17z\/data=!3m1!4b1!4m5!3m4!1s0xd72f7b9c6dd7f5d:0xd2320464490da072!8m2!3d36.731222!4d-4.4216239?hl=es\u00bb use_icon=\u00bbon\u00bb font_icon=\u00bb&#xe01d;||divi||400&#8243; admin_label=\u00bbDirecci\u00f3n\u00bb _builder_version=\u00bb4.16&#8243; header_text_align=\u00bbcenter\u00bb header_font_size=\u00bb16&#8243; body_text_align=\u00bbcenter\u00bb text_orientation=\u00bbcenter\u00bb border_style_top_image=\u00bbsolid\u00bb border_style_right_image=\u00bbsolid\u00bb border_style_bottom_image=\u00bbsolid\u00bb border_style_left_image=\u00bbsolid\u00bb global_colors_info=\u00bb{}\u00bb][\/et_pb_blurb][\/et_pb_column][et_pb_column type=\u00bb1_4&#8243; _builder_version=\u00bb4.16&#8243; custom_padding=\u00bb|||\u00bb global_colors_info=\u00bb{}\u00bb custom_padding__hover=\u00bb|||\u00bb][et_pb_blurb title=\u00bbTfno: 952 25 15 41&#8243; url=\u00bbtel:\/\/952251541&#8243; use_icon=\u00bbon\u00bb font_icon=\u00bb&#xe090;||divi||400&#8243; admin_label=\u00bbTel\u00e9fono\u00bb _builder_version=\u00bb4.16&#8243; header_text_align=\u00bbcenter\u00bb header_font_size=\u00bb16&#8243; body_text_align=\u00bbcenter\u00bb text_orientation=\u00bbcenter\u00bb global_colors_info=\u00bb{}\u00bb][\/et_pb_blurb][\/et_pb_column][et_pb_column type=\u00bb1_4&#8243; _builder_version=\u00bb4.16&#8243; custom_padding=\u00bb|||\u00bb global_colors_info=\u00bb{}\u00bb custom_padding__hover=\u00bb|||\u00bb][et_pb_blurb title=\u00bbinfo@boscoglobal.org\u00bb url=\u00bbmailto:info@boscoglobal.org\u00bb use_icon=\u00bbon\u00bb font_icon=\u00bb&#xe010;||divi||400&#8243; admin_label=\u00bbCorreo\u00bb _builder_version=\u00bb4.16&#8243; header_text_align=\u00bbcenter\u00bb header_font_size=\u00bb16&#8243; body_text_align=\u00bbcenter\u00bb text_orientation=\u00bbcenter\u00bb border_style_top_image=\u00bbsolid\u00bb border_style_right_image=\u00bbsolid\u00bb border_style_bottom_image=\u00bbsolid\u00bb border_style_left_image=\u00bbsolid\u00bb global_colors_info=\u00bb{}\u00bb][\/et_pb_blurb][\/et_pb_column][et_pb_column type=\u00bb1_4&#8243; _builder_version=\u00bb4.16&#8243; custom_padding=\u00bb|||\u00bb global_colors_info=\u00bb{}\u00bb custom_padding__hover=\u00bb|||\u00bb][et_pb_blurb title=\u00bbwww.boscoglogal.org\u00bb url=\u00bbhttp:\/\/boscoglobal.org\/\u00bb url_new_window=\u00bbon\u00bb use_icon=\u00bbon\u00bb font_icon=\u00bb&#xe0e3;||divi||400&#8243; admin_label=\u00bbWeb\u00bb _builder_version=\u00bb4.16&#8243; header_text_align=\u00bbcenter\u00bb header_font_size=\u00bb16&#8243; body_text_align=\u00bbcenter\u00bb text_orientation=\u00bbcenter\u00bb border_style_top_image=\u00bbsolid\u00bb border_style_right_image=\u00bbsolid\u00bb border_style_bottom_image=\u00bbsolid\u00bb border_style_left_image=\u00bbsolid\u00bb global_colors_info=\u00bb{}\u00bb][\/et_pb_blurb][\/et_pb_column][\/et_pb_row][\/et_pb_section]<\/p>\n","protected":false},"excerpt":{"rendered":"<p>ONG salesiana de desarrollo, trabajando en el \u00e1mbito escolar con un Equipo de Voluntariado que participa en la Coordinadora Provincial de ONGS, animando grupos de la Espiral Solidaria con un Equipo de Voluntariado en sensibilizaci\u00f3n y compromiso activo y en la captaci\u00f3n de fondos para apoyar la dimensi\u00f3n de Cooperaci\u00f3n Internacional (proyectos de \u00c1frica Subsahariana, [&hellip;]<\/p>\n","protected":false},"author":2,"featured_media":0,"parent":0,"menu_order":0,"comment_status":"closed","ping_status":"closed","template":"","meta":{"_et_pb_use_builder":"on","_et_pb_old_content":"","_et_gb_content_width":"","footnotes":""},"class_list":["post-4913","page","type-page","status-publish","hentry"],"yoast_head":"<!-- This site is optimized with the Yoast SEO plugin v27.3 - https:\/\/yoast.com\/product\/yoast-seo-wordpress\/ -->\n<title>ONGD Bosco Global - Plataformas Sociales | Salesianos M\u00e1laga<\/title>\n<meta name=\"robots\" content=\"index, follow, max-snippet:-1, max-image-preview:large, max-video-preview:-1\" \/>\n<link rel=\"canonical\" href=\"https:\/\/malaga.salesianos.edu\/social\/boscoglobal\/\" \/>\n<meta property=\"og:locale\" content=\"es_ES\" \/>\n<meta property=\"og:type\" content=\"article\" \/>\n<meta property=\"og:title\" content=\"ONGD Bosco Global - Plataformas Sociales | Salesianos M\u00e1laga\" \/>\n<meta property=\"og:description\" content=\"ONG salesiana de desarrollo, trabajando en el \u00e1mbito escolar con un Equipo de Voluntariado que participa en la Coordinadora Provincial de ONGS, animando grupos de la Espiral Solidaria con un Equipo de Voluntariado en sensibilizaci\u00f3n y compromiso activo y en la captaci\u00f3n de fondos para apoyar la dimensi\u00f3n de Cooperaci\u00f3n Internacional (proyectos de \u00c1frica Subsahariana, [&hellip;]\" \/>\n<meta property=\"og:url\" content=\"https:\/\/malaga.salesianos.edu\/social\/boscoglobal\/\" \/>\n<meta property=\"og:site_name\" content=\"Plataformas Sociales | Salesianos M\u00e1laga\" \/>\n<meta property=\"article:modified_time\" content=\"2022-11-13T20:37:35+00:00\" \/>\n<meta name=\"twitter:card\" content=\"summary_large_image\" \/>\n<meta name=\"twitter:label1\" content=\"Tiempo de lectura\" \/>\n\t<meta name=\"twitter:data1\" content=\"3 minutos\" \/>\n<script type=\"application\/ld+json\" class=\"yoast-schema-graph\">{\"@context\":\"https:\\\/\\\/schema.org\",\"@graph\":[{\"@type\":\"WebPage\",\"@id\":\"https:\\\/\\\/malaga.salesianos.edu\\\/social\\\/boscoglobal\\\/\",\"url\":\"https:\\\/\\\/malaga.salesianos.edu\\\/social\\\/boscoglobal\\\/\",\"name\":\"ONGD Bosco Global - Plataformas Sociales | Salesianos M\u00e1laga\",\"isPartOf\":{\"@id\":\"https:\\\/\\\/malaga.salesianos.edu\\\/social\\\/#website\"},\"datePublished\":\"2017-10-28T08:20:23+00:00\",\"dateModified\":\"2022-11-13T20:37:35+00:00\",\"breadcrumb\":{\"@id\":\"https:\\\/\\\/malaga.salesianos.edu\\\/social\\\/boscoglobal\\\/#breadcrumb\"},\"inLanguage\":\"es\",\"potentialAction\":[{\"@type\":\"ReadAction\",\"target\":[\"https:\\\/\\\/malaga.salesianos.edu\\\/social\\\/boscoglobal\\\/\"]}]},{\"@type\":\"BreadcrumbList\",\"@id\":\"https:\\\/\\\/malaga.salesianos.edu\\\/social\\\/boscoglobal\\\/#breadcrumb\",\"itemListElement\":[{\"@type\":\"ListItem\",\"position\":1,\"name\":\"Portada\",\"item\":\"https:\\\/\\\/malaga.salesianos.edu\\\/social\\\/\"},{\"@type\":\"ListItem\",\"position\":2,\"name\":\"ONGD Bosco Global\"}]},{\"@type\":\"WebSite\",\"@id\":\"https:\\\/\\\/malaga.salesianos.edu\\\/social\\\/#website\",\"url\":\"https:\\\/\\\/malaga.salesianos.edu\\\/social\\\/\",\"name\":\"Plataformas Sociales | Salesianos M\u00e1laga\",\"description\":\"Plataformas Sociales | Salesianos M\u00e1laga\",\"potentialAction\":[{\"@type\":\"SearchAction\",\"target\":{\"@type\":\"EntryPoint\",\"urlTemplate\":\"https:\\\/\\\/malaga.salesianos.edu\\\/social\\\/?s={search_term_string}\"},\"query-input\":{\"@type\":\"PropertyValueSpecification\",\"valueRequired\":true,\"valueName\":\"search_term_string\"}}],\"inLanguage\":\"es\"}]}<\/script>\n<!-- \/ Yoast SEO plugin. -->","yoast_head_json":{"title":"ONGD Bosco Global - Plataformas Sociales | Salesianos M\u00e1laga","robots":{"index":"index","follow":"follow","max-snippet":"max-snippet:-1","max-image-preview":"max-image-preview:large","max-video-preview":"max-video-preview:-1"},"canonical":"https:\/\/malaga.salesianos.edu\/social\/boscoglobal\/","og_locale":"es_ES","og_type":"article","og_title":"ONGD Bosco Global - Plataformas Sociales | Salesianos M\u00e1laga","og_description":"ONG salesiana de desarrollo, trabajando en el \u00e1mbito escolar con un Equipo de Voluntariado que participa en la Coordinadora Provincial de ONGS, animando grupos de la Espiral Solidaria con un Equipo de Voluntariado en sensibilizaci\u00f3n y compromiso activo y en la captaci\u00f3n de fondos para apoyar la dimensi\u00f3n de Cooperaci\u00f3n Internacional (proyectos de \u00c1frica Subsahariana, [&hellip;]","og_url":"https:\/\/malaga.salesianos.edu\/social\/boscoglobal\/","og_site_name":"Plataformas Sociales | Salesianos M\u00e1laga","article_modified_time":"2022-11-13T20:37:35+00:00","twitter_card":"summary_large_image","twitter_misc":{"Tiempo de lectura":"3 minutos"},"schema":{"@context":"https:\/\/schema.org","@graph":[{"@type":"WebPage","@id":"https:\/\/malaga.salesianos.edu\/social\/boscoglobal\/","url":"https:\/\/malaga.salesianos.edu\/social\/boscoglobal\/","name":"ONGD Bosco Global - Plataformas Sociales | Salesianos M\u00e1laga","isPartOf":{"@id":"https:\/\/malaga.salesianos.edu\/social\/#website"},"datePublished":"2017-10-28T08:20:23+00:00","dateModified":"2022-11-13T20:37:35+00:00","breadcrumb":{"@id":"https:\/\/malaga.salesianos.edu\/social\/boscoglobal\/#breadcrumb"},"inLanguage":"es","potentialAction":[{"@type":"ReadAction","target":["https:\/\/malaga.salesianos.edu\/social\/boscoglobal\/"]}]},{"@type":"BreadcrumbList","@id":"https:\/\/malaga.salesianos.edu\/social\/boscoglobal\/#breadcrumb","itemListElement":[{"@type":"ListItem","position":1,"name":"Portada","item":"https:\/\/malaga.salesianos.edu\/social\/"},{"@type":"ListItem","position":2,"name":"ONGD Bosco Global"}]},{"@type":"WebSite","@id":"https:\/\/malaga.salesianos.edu\/social\/#website","url":"https:\/\/malaga.salesianos.edu\/social\/","name":"Plataformas Sociales | Salesianos M\u00e1laga","description":"Plataformas Sociales | Salesianos M\u00e1laga","potentialAction":[{"@type":"SearchAction","target":{"@type":"EntryPoint","urlTemplate":"https:\/\/malaga.salesianos.edu\/social\/?s={search_term_string}"},"query-input":{"@type":"PropertyValueSpecification","valueRequired":true,"valueName":"search_term_string"}}],"inLanguage":"es"}]}},"_links":{"self":[{"href":"https:\/\/malaga.salesianos.edu\/social\/wp-json\/wp\/v2\/pages\/4913","targetHints":{"allow":["GET"]}}],"collection":[{"href":"https:\/\/malaga.salesianos.edu\/social\/wp-json\/wp\/v2\/pages"}],"about":[{"href":"https:\/\/malaga.salesianos.edu\/social\/wp-json\/wp\/v2\/types\/page"}],"author":[{"embeddable":true,"href":"https:\/\/malaga.salesianos.edu\/social\/wp-json\/wp\/v2\/users\/2"}],"replies":[{"embeddable":true,"href":"https:\/\/malaga.salesianos.edu\/social\/wp-json\/wp\/v2\/comments?post=4913"}],"version-history":[{"count":21,"href":"https:\/\/malaga.salesianos.edu\/social\/wp-json\/wp\/v2\/pages\/4913\/revisions"}],"predecessor-version":[{"id":77962,"href":"https:\/\/malaga.salesianos.edu\/social\/wp-json\/wp\/v2\/pages\/4913\/revisions\/77962"}],"wp:attachment":[{"href":"https:\/\/malaga.salesianos.edu\/social\/wp-json\/wp\/v2\/media?parent=4913"}],"curies":[{"name":"wp","href":"https:\/\/api.w.org\/{rel}","templated":true}]}}