{"id":704,"date":"2017-02-10T22:37:52","date_gmt":"2017-02-10T20:37:52","guid":{"rendered":"http:\/\/malagaold.salesianos.edu\/?page_id=704"},"modified":"2018-04-18T00:21:41","modified_gmt":"2018-04-17T22:21:41","slug":"blog-santuario","status":"publish","type":"page","link":"https:\/\/malaga.salesianos.edu\/santuario\/blog-santuario\/","title":{"rendered":"Noticias del Santuario"},"content":{"rendered":"<p>[et_pb_section bb_built=\u00bb1&#8243; fullwidth=\u00bbon\u00bb specialty=\u00bboff\u00bb transparent_background=\u00bboff\u00bb allow_player_pause=\u00bboff\u00bb inner_shadow=\u00bboff\u00bb parallax=\u00bboff\u00bb parallax_method=\u00bbon\u00bb make_fullwidth=\u00bboff\u00bb use_custom_width=\u00bboff\u00bb width_unit=\u00bbon\u00bb make_equal=\u00bboff\u00bb use_custom_gutter=\u00bboff\u00bb prev_background_color=\u00bb#000000&#8243; next_background_color=\u00bb#ffffff\u00bb][et_pb_fullwidth_header admin_label=\u00bbBlog\u00bb title=\u00bbNoticias del Santuario\u00bb background_layout=\u00bblight\u00bb text_orientation=\u00bbleft\u00bb header_fullscreen=\u00bboff\u00bb header_scroll_down=\u00bboff\u00bb content_orientation=\u00bbcenter\u00bb image_orientation=\u00bbcenter\u00bb custom_button_one=\u00bboff\u00bb button_one_icon_placement=\u00bbright\u00bb custom_button_two=\u00bboff\u00bb button_two_icon_placement=\u00bbright\u00bb module_class=\u00bbpagina-imagen-cabecera\u00bb title_font_size=\u00bb40px\u00bb saved_tabs=\u00bball\u00bb background_image=\u00bbhttps:\/\/malaga.salesianos.edu\/santuario\/wp-content\/uploads\/sites\/3\/2017\/02\/cabecera_santuario.jpg\u00bb _builder_version=\u00bb3.0.106&#8243; max_width_tablet=\u00bb50px\u00bb title_text_color=\u00bb#ffffff\u00bb background_color=\u00bb#dc001b\u00bb background_blend=\u00bbsoft-light\u00bb \/][\/et_pb_section][et_pb_section bb_built=\u00bb1&#8243; custom_padding=\u00bb28px|0px|54px|0px\u00bb prev_background_color=\u00bb#000000&#8243;][et_pb_row custom_padding=\u00bb0px|0px|27px|0px\u00bb background_position=\u00bbtop_left\u00bb background_repeat=\u00bbrepeat\u00bb background_size=\u00bbinitial\u00bb][et_pb_column type=\u00bb4_4&#8243;][et_pb_divider _builder_version=\u00bb3.0.106&#8243; \/][et_pb_blog fullwidth=\u00bboff\u00bb posts_number=\u00bb12&#8243; include_categories=\u00bb98&#8243; show_more=\u00bbon\u00bb show_author=\u00bboff\u00bb show_thumbnail=\u00bbon\u00bb show_content=\u00bboff\u00bb show_date=\u00bbon\u00bb show_categories=\u00bbon\u00bb show_comments=\u00bbon\u00bb show_pagination=\u00bbon\u00bb use_overlay=\u00bbon\u00bb background_layout=\u00bblight\u00bb use_dropshadow=\u00bboff\u00bb _builder_version=\u00bb3.0.83&#8243; pagination_font_size_tablet=\u00bb51&#8243; pagination_line_height_tablet=\u00bb2&#8243; box_shadow_color=\u00bbrgba(0,0,0,0.3)\u00bb box_shadow_style=\u00bbnone\u00bb \/][\/et_pb_column][\/et_pb_row][\/et_pb_section]<\/p>\n","protected":false},"excerpt":{"rendered":"","protected":false},"author":2,"featured_media":0,"parent":0,"menu_order":0,"comment_status":"closed","ping_status":"closed","template":"","meta":{"_et_pb_use_builder":"on","_et_pb_old_content":"","_et_gb_content_width":"","footnotes":""},"class_list":["post-704","page","type-page","status-publish","hentry"],"yoast_head":"<!-- This site is optimized with the Yoast SEO plugin v27.3 - https:\/\/yoast.com\/product\/yoast-seo-wordpress\/ -->\n<title>Noticias del Santuario M\u00aa Auxiliadora | Salesianos M\u00e1laga<\/title>\n<meta name=\"description\" content=\"Noticias del Santuario: Toda la informaci\u00f3n actualizada, con noticias de inter\u00e9s relacionadas con el Santuario Mar\u00eda Auxiliadora, Salesianos M\u00e1laga San Bartolom\u00e9.\" \/>\n<meta name=\"robots\" content=\"index, follow, max-snippet:-1, max-image-preview:large, max-video-preview:-1\" \/>\n<link rel=\"canonical\" href=\"https:\/\/malaga.salesianos.edu\/santuario\/blog-santuario\/\" \/>\n<meta property=\"og:locale\" content=\"es_ES\" \/>\n<meta property=\"og:type\" content=\"article\" \/>\n<meta property=\"og:title\" content=\"Noticias del Santuario M\u00aa Auxiliadora | Salesianos M\u00e1laga\" \/>\n<meta property=\"og:description\" content=\"Noticias del Santuario: Toda la informaci\u00f3n actualizada, con noticias de inter\u00e9s relacionadas con el Santuario Mar\u00eda Auxiliadora, Salesianos M\u00e1laga San Bartolom\u00e9.\" \/>\n<meta property=\"og:url\" content=\"https:\/\/malaga.salesianos.edu\/santuario\/blog-santuario\/\" \/>\n<meta property=\"og:site_name\" content=\"Santuario M\u00aa Auxiliadora | Salesianos M\u00e1laga\" \/>\n<meta property=\"article:modified_time\" content=\"2018-04-17T22:21:41+00:00\" \/>\n<meta name=\"twitter:card\" content=\"summary_large_image\" \/>\n<meta name=\"twitter:label1\" content=\"Tiempo de lectura\" \/>\n\t<meta name=\"twitter:data1\" content=\"1 minuto\" \/>\n<script type=\"application\/ld+json\" class=\"yoast-schema-graph\">{\"@context\":\"https:\\\/\\\/schema.org\",\"@graph\":[{\"@type\":\"WebPage\",\"@id\":\"https:\\\/\\\/malaga.salesianos.edu\\\/santuario\\\/blog-santuario\\\/\",\"url\":\"https:\\\/\\\/malaga.salesianos.edu\\\/santuario\\\/blog-santuario\\\/\",\"name\":\"Noticias del Santuario M\u00aa Auxiliadora | Salesianos M\u00e1laga\",\"isPartOf\":{\"@id\":\"https:\\\/\\\/malaga.salesianos.edu\\\/santuario\\\/#website\"},\"datePublished\":\"2017-02-10T20:37:52+00:00\",\"dateModified\":\"2018-04-17T22:21:41+00:00\",\"description\":\"Noticias del Santuario: Toda la informaci\u00f3n actualizada, con noticias de inter\u00e9s relacionadas con el Santuario Mar\u00eda Auxiliadora, Salesianos M\u00e1laga San Bartolom\u00e9.\",\"breadcrumb\":{\"@id\":\"https:\\\/\\\/malaga.salesianos.edu\\\/santuario\\\/blog-santuario\\\/#breadcrumb\"},\"inLanguage\":\"es\",\"potentialAction\":[{\"@type\":\"ReadAction\",\"target\":[\"https:\\\/\\\/malaga.salesianos.edu\\\/santuario\\\/blog-santuario\\\/\"]}]},{\"@type\":\"BreadcrumbList\",\"@id\":\"https:\\\/\\\/malaga.salesianos.edu\\\/santuario\\\/blog-santuario\\\/#breadcrumb\",\"itemListElement\":[{\"@type\":\"ListItem\",\"position\":1,\"name\":\"Portada\",\"item\":\"https:\\\/\\\/malaga.salesianos.edu\\\/santuario\\\/\"},{\"@type\":\"ListItem\",\"position\":2,\"name\":\"Noticias del Santuario\"}]},{\"@type\":\"WebSite\",\"@id\":\"https:\\\/\\\/malaga.salesianos.edu\\\/santuario\\\/#website\",\"url\":\"https:\\\/\\\/malaga.salesianos.edu\\\/santuario\\\/\",\"name\":\"Santuario M\u00aa Auxiliadora | Salesianos M\u00e1laga\",\"description\":\"Santuario Inspectorial Mar\u00eda Auxiliadora | Salesianos M\u00e1laga\",\"potentialAction\":[{\"@type\":\"SearchAction\",\"target\":{\"@type\":\"EntryPoint\",\"urlTemplate\":\"https:\\\/\\\/malaga.salesianos.edu\\\/santuario\\\/?s={search_term_string}\"},\"query-input\":{\"@type\":\"PropertyValueSpecification\",\"valueRequired\":true,\"valueName\":\"search_term_string\"}}],\"inLanguage\":\"es\"}]}<\/script>\n<!-- \/ Yoast SEO plugin. -->","yoast_head_json":{"title":"Noticias del Santuario M\u00aa Auxiliadora | Salesianos M\u00e1laga","description":"Noticias del Santuario: Toda la informaci\u00f3n actualizada, con noticias de inter\u00e9s relacionadas con el Santuario Mar\u00eda Auxiliadora, Salesianos M\u00e1laga San Bartolom\u00e9.","robots":{"index":"index","follow":"follow","max-snippet":"max-snippet:-1","max-image-preview":"max-image-preview:large","max-video-preview":"max-video-preview:-1"},"canonical":"https:\/\/malaga.salesianos.edu\/santuario\/blog-santuario\/","og_locale":"es_ES","og_type":"article","og_title":"Noticias del Santuario M\u00aa Auxiliadora | Salesianos M\u00e1laga","og_description":"Noticias del Santuario: Toda la informaci\u00f3n actualizada, con noticias de inter\u00e9s relacionadas con el Santuario Mar\u00eda Auxiliadora, Salesianos M\u00e1laga San Bartolom\u00e9.","og_url":"https:\/\/malaga.salesianos.edu\/santuario\/blog-santuario\/","og_site_name":"Santuario M\u00aa Auxiliadora | Salesianos M\u00e1laga","article_modified_time":"2018-04-17T22:21:41+00:00","twitter_card":"summary_large_image","twitter_misc":{"Tiempo de lectura":"1 minuto"},"schema":{"@context":"https:\/\/schema.org","@graph":[{"@type":"WebPage","@id":"https:\/\/malaga.salesianos.edu\/santuario\/blog-santuario\/","url":"https:\/\/malaga.salesianos.edu\/santuario\/blog-santuario\/","name":"Noticias del Santuario M\u00aa Auxiliadora | Salesianos M\u00e1laga","isPartOf":{"@id":"https:\/\/malaga.salesianos.edu\/santuario\/#website"},"datePublished":"2017-02-10T20:37:52+00:00","dateModified":"2018-04-17T22:21:41+00:00","description":"Noticias del Santuario: Toda la informaci\u00f3n actualizada, con noticias de inter\u00e9s relacionadas con el Santuario Mar\u00eda Auxiliadora, Salesianos M\u00e1laga San Bartolom\u00e9.","breadcrumb":{"@id":"https:\/\/malaga.salesianos.edu\/santuario\/blog-santuario\/#breadcrumb"},"inLanguage":"es","potentialAction":[{"@type":"ReadAction","target":["https:\/\/malaga.salesianos.edu\/santuario\/blog-santuario\/"]}]},{"@type":"BreadcrumbList","@id":"https:\/\/malaga.salesianos.edu\/santuario\/blog-santuario\/#breadcrumb","itemListElement":[{"@type":"ListItem","position":1,"name":"Portada","item":"https:\/\/malaga.salesianos.edu\/santuario\/"},{"@type":"ListItem","position":2,"name":"Noticias del Santuario"}]},{"@type":"WebSite","@id":"https:\/\/malaga.salesianos.edu\/santuario\/#website","url":"https:\/\/malaga.salesianos.edu\/santuario\/","name":"Santuario M\u00aa Auxiliadora | Salesianos M\u00e1laga","description":"Santuario Inspectorial Mar\u00eda Auxiliadora | Salesianos M\u00e1laga","potentialAction":[{"@type":"SearchAction","target":{"@type":"EntryPoint","urlTemplate":"https:\/\/malaga.salesianos.edu\/santuario\/?s={search_term_string}"},"query-input":{"@type":"PropertyValueSpecification","valueRequired":true,"valueName":"search_term_string"}}],"inLanguage":"es"}]}},"_links":{"self":[{"href":"https:\/\/malaga.salesianos.edu\/santuario\/wp-json\/wp\/v2\/pages\/704","targetHints":{"allow":["GET"]}}],"collection":[{"href":"https:\/\/malaga.salesianos.edu\/santuario\/wp-json\/wp\/v2\/pages"}],"about":[{"href":"https:\/\/malaga.salesianos.edu\/santuario\/wp-json\/wp\/v2\/types\/page"}],"author":[{"embeddable":true,"href":"https:\/\/malaga.salesianos.edu\/santuario\/wp-json\/wp\/v2\/users\/2"}],"replies":[{"embeddable":true,"href":"https:\/\/malaga.salesianos.edu\/santuario\/wp-json\/wp\/v2\/comments?post=704"}],"version-history":[{"count":28,"href":"https:\/\/malaga.salesianos.edu\/santuario\/wp-json\/wp\/v2\/pages\/704\/revisions"}],"predecessor-version":[{"id":8651,"href":"https:\/\/malaga.salesianos.edu\/santuario\/wp-json\/wp\/v2\/pages\/704\/revisions\/8651"}],"wp:attachment":[{"href":"https:\/\/malaga.salesianos.edu\/santuario\/wp-json\/wp\/v2\/media?parent=704"}],"curies":[{"name":"wp","href":"https:\/\/api.w.org\/{rel}","templated":true}]}}