{"id":2584,"date":"2017-10-12T01:11:19","date_gmt":"2017-10-11T23:11:19","guid":{"rendered":"https:\/\/malaga.salesianos.edu\/santuario\/?page_id=2584"},"modified":"2022-10-10T23:58:31","modified_gmt":"2022-10-10T21:58:31","slug":"notas-historicas","status":"publish","type":"page","link":"https:\/\/malaga.salesianos.edu\/santuario\/notas-historicas\/","title":{"rendered":"Notas Hist\u00f3ricas"},"content":{"rendered":"<p>[et_pb_section fb_built=\u00bb1&#8243; fullwidth=\u00bbon\u00bb _builder_version=\u00bb4.16&#8243; global_colors_info=\u00bb{}\u00bb][et_pb_fullwidth_header title=\u00bbSantuario\u00bb title_font_color=\u00bb#ffffff\u00bb module_class=\u00bbpagina-imagen-cabecera\u00bb _builder_version=\u00bb4.16&#8243; title_text_color=\u00bb#ffffff\u00bb title_font_size=\u00bb40px\u00bb background_color=\u00bbrgba(255, 255, 255, 0)\u00bb background_image=\u00bbhttps:\/\/malaga.salesianos.edu\/santuario\/wp-content\/uploads\/sites\/3\/2017\/10\/Santuario.jpg\u00bb background_layout=\u00bblight\u00bb background_url=\u00bbhttps:\/\/malaga.salesianos.edu\/santuario\/wp-content\/uploads\/sites\/3\/2017\/04\/DSC0006c.jpg\u00bb button_one_letter_spacing_hover=\u00bb0&#8243; button_two_letter_spacing_hover=\u00bb0&#8243; global_colors_info=\u00bb{}\u00bb button_one_text_size__hover_enabled=\u00bboff\u00bb button_two_text_size__hover_enabled=\u00bboff\u00bb button_one_text_color__hover_enabled=\u00bboff\u00bb button_two_text_color__hover_enabled=\u00bboff\u00bb button_one_border_width__hover_enabled=\u00bboff\u00bb button_two_border_width__hover_enabled=\u00bboff\u00bb button_one_border_color__hover_enabled=\u00bboff\u00bb button_two_border_color__hover_enabled=\u00bboff\u00bb button_one_border_radius__hover_enabled=\u00bboff\u00bb button_two_border_radius__hover_enabled=\u00bboff\u00bb button_one_letter_spacing__hover_enabled=\u00bbon\u00bb button_one_letter_spacing__hover=\u00bb0&#8243; button_two_letter_spacing__hover_enabled=\u00bbon\u00bb button_two_letter_spacing__hover=\u00bb0&#8243; button_one_bg_color__hover_enabled=\u00bboff\u00bb button_two_bg_color__hover_enabled=\u00bboff\u00bb][\/et_pb_fullwidth_header][\/et_pb_section][et_pb_section fb_built=\u00bb1&#8243; module_class=\u00bbpagina-seccion-contenido\u00bb _builder_version=\u00bb4.16&#8243; custom_padding=\u00bb-4%|||\u00bb transparent_background=\u00bboff\u00bb make_fullwidth=\u00bboff\u00bb use_custom_width=\u00bboff\u00bb width_unit=\u00bbon\u00bb global_colors_info=\u00bb{}\u00bb][et_pb_row module_class=\u00bbpagina-texto\u00bb _builder_version=\u00bb4.16&#8243; background_size=\u00bbinitial\u00bb background_position=\u00bbtop_left\u00bb background_repeat=\u00bbrepeat\u00bb make_fullwidth=\u00bboff\u00bb use_custom_width=\u00bboff\u00bb width_unit=\u00bbon\u00bb global_colors_info=\u00bb{}\u00bb column_structure=\u00bb2_3,1_3&#8243;][et_pb_column type=\u00bb2_3&#8243; _builder_version=\u00bb4.16&#8243; custom_padding=\u00bb|||\u00bb global_colors_info=\u00bb{}\u00bb custom_padding__hover=\u00bb|||\u00bb][et_pb_post_title author=\u00bboff\u00bb date=\u00bboff\u00bb comments=\u00bboff\u00bb featured_image=\u00bboff\u00bb _builder_version=\u00bb4.16&#8243; title_font_size=\u00bb26&#8243; title_font_size_tablet=\u00bb\u00bb title_font_size_phone=\u00bb\u00bb title_font_size_last_edited=\u00bbon|phone\u00bb parallax_effect=\u00bboff\u00bb use_border_color=\u00bboff\u00bb border_color=\u00bb#ffffff\u00bb border_style=\u00bbsolid\u00bb global_colors_info=\u00bb{}\u00bb][\/et_pb_post_title][et_pb_text _builder_version=\u00bb4.16&#8243; text_orientation=\u00bbjustified\u00bb module_alignment=\u00bbjustified\u00bb border_style=\u00bbsolid\u00bb global_colors_info=\u00bb{}\u00bb]<\/p>\n<blockquote><p><strong>Con el establecimiento de los Salesianos en M\u00e1laga en el a\u00f1o 1894 comenz\u00f3 a difundirse la devoci\u00f3n a la Madre de Dios con el t\u00edtulo de Auxiliadora.<\/strong><\/p><\/blockquote>\n<p>El 3 de enero de 1897 se bendijo una hermosa imagen de la <strong>Virgen de<\/strong> <strong>Don Bosco<\/strong> en la Parroquia de Ntra. Sra. de la Merced. Esta imagen, venerada en el <strong>Colegio Salesiano de San Bartolom\u00e9<\/strong>, fue coronada can\u00f3nicamente por el Sr. Obispo de M\u00e1laga. D. Juan Mu\u00f1oz Herrera, el 30 de junio de 1907.\u00a0<strong>Es la primera imagen de Mar\u00eda Auxiliadora coronada de Espa\u00f1a<\/strong> y la tercera imagen mariana coronada, despu\u00e9s de la virgen de los Reyes de Sevilla y de la Virgen de Montserrat. Lamentablemente fue destruida en 1936.<\/p>\n<p>Desde hace m\u00e1s de un siglo miles de malague\u00f1os se han educado en el Colegio Salesiano cuya vida ha girado entorno a la venerada imagen que les recuerda la presencia de la persona viva de Mar\u00eda en sus vidas.<\/p>\n<p>El 7 de diciembre de 1972 fue inaugurado el hermoso y moderno templo actual, situado en la demarcaci\u00f3n parroquial de La Pastora. Fue declarado <strong>Santuario de Mar\u00eda Auxiliadora<\/strong> por el Obispo de la Di\u00f3cesis. Mons. Buxarrais, con Decreto firmado y fechado el 11 de marzo de 1982.<\/p>\n<p>Cabe destacar la existencia en el Santuario de la Asociaci\u00f3n de Mar\u00eda Auxiliadora con rango de Archicofrad\u00eda. Fue erigida can\u00f3nicamente y agregada a la asociaci\u00f3n Primaria de Tur\u00edn el 10 de abril de 1899 por el Primer Sucesor de Don Bosco, Beato Miguel R\u00faa, en su visita a M\u00e1laga en aquel entonces.<br \/>\n[\/et_pb_text][\/et_pb_column][et_pb_column type=\u00bb1_3&#8243; _builder_version=\u00bb4.16&#8243; custom_padding=\u00bb|||\u00bb global_colors_info=\u00bb{}\u00bb custom_padding__hover=\u00bb|||\u00bb][et_pb_divider show_divider=\u00bboff\u00bb _builder_version=\u00bb4.16&#8243; global_colors_info=\u00bb{}\u00bb][\/et_pb_divider][et_pb_divider show_divider=\u00bboff\u00bb _builder_version=\u00bb4.16&#8243; global_colors_info=\u00bb{}\u00bb][\/et_pb_divider][et_pb_divider show_divider=\u00bboff\u00bb _builder_version=\u00bb4.16&#8243; global_colors_info=\u00bb{}\u00bb][\/et_pb_divider][et_pb_image src=\u00bbhttps:\/\/malaga.salesianos.edu\/santuario\/wp-content\/uploads\/sites\/3\/2017\/10\/celebracion6_285.png\u00bb align_tablet=\u00bbcenter\u00bb align_last_edited=\u00bbon|desktop\u00bb _builder_version=\u00bb4.16&#8243; animation_style=\u00bbslide\u00bb animation_direction=\u00bbright\u00bb border_style=\u00bbsolid\u00bb always_center_on_mobile=\u00bbon\u00bb global_colors_info=\u00bb{}\u00bb align_phone=\u00bbcenter\u00bb][\/et_pb_image][\/et_pb_column][\/et_pb_row][et_pb_row _builder_version=\u00bb4.16&#8243; background_size=\u00bbinitial\u00bb background_position=\u00bbtop_left\u00bb background_repeat=\u00bbrepeat\u00bb global_colors_info=\u00bb{}\u00bb][et_pb_column type=\u00bb4_4&#8243; _builder_version=\u00bb4.16&#8243; custom_padding=\u00bb|||\u00bb global_colors_info=\u00bb{}\u00bb custom_padding__hover=\u00bb|||\u00bb][et_pb_gallery gallery_ids=\u00bb2611,2652,2651,2650&#8243; gallery_orderby=\u00bbrand\u00bb zoom_icon_color=\u00bb#dc001b\u00bb _builder_version=\u00bb4.16&#8243; pagination_font_size_tablet=\u00bb51&#8243; pagination_line_height_tablet=\u00bb2&#8243; border_style=\u00bbsolid\u00bb global_colors_info=\u00bb{}\u00bb][\/et_pb_gallery][\/et_pb_column][\/et_pb_row][et_pb_row _builder_version=\u00bb4.16&#8243; background_size=\u00bbinitial\u00bb background_position=\u00bbtop_left\u00bb background_repeat=\u00bbrepeat\u00bb global_colors_info=\u00bb{}\u00bb column_structure=\u00bb1_4,1_4,1_4,1_4&#8243;][et_pb_column type=\u00bb1_4&#8243; _builder_version=\u00bb4.16&#8243; custom_padding=\u00bb|||\u00bb global_colors_info=\u00bb{}\u00bb custom_padding__hover=\u00bb|||\u00bb][et_pb_blurb title=\u00bbIdentidad\u00bb url=\u00bb\/identidad\/\u00bb use_icon=\u00bbon\u00bb font_icon=\u00bb&#xe030;||divi||400&#8243; image_icon_background_color=\u00bb#ffffff\u00bb image_icon_width=\u00bb48px\u00bb admin_label=\u00bbIdentidad\u00bb _builder_version=\u00bb4.16&#8243; header_text_color=\u00bb#66757e\u00bb background_size=\u00bbinitial\u00bb background_position=\u00bbtop_left\u00bb background_repeat=\u00bbrepeat\u00bb image_icon_custom_padding=\u00bb25px|25px|25px|25px|false|false\u00bb text_orientation=\u00bbcenter\u00bb border_radii_image=\u00bbon|100%|100%|100%|100%\u00bb border_width_all_image=\u00bb3px\u00bb border_color_all_image=\u00bb#66757e\u00bb use_circle=\u00bbon\u00bb use_circle_border=\u00bbon\u00bb circle_border_color=\u00bb#66757e\u00bb circle_color=\u00bb#ffffff\u00bb global_colors_info=\u00bb{}\u00bb image_icon_background_color__sticky_enabled=\u00bb#dc001b\u00bb image_icon_background_color__sticky=\u00bb#dc001b\u00bb][\/et_pb_blurb][\/et_pb_column][et_pb_column type=\u00bb1_4&#8243; _builder_version=\u00bb4.16&#8243; custom_padding=\u00bb|||\u00bb global_colors_info=\u00bb{}\u00bb custom_padding__hover=\u00bb|||\u00bb][et_pb_blurb title=\u00bbCamino de Fe\u00bb url=\u00bb\/santuario\/camino-de-fe\/\u00bb use_icon=\u00bbon\u00bb font_icon=\u00bb&#xf647;||fa||900&#8243; image_icon_background_color=\u00bb#ffffff\u00bb image_icon_width=\u00bb48px\u00bb admin_label=\u00bbCamino de Fe\u00bb _builder_version=\u00bb4.18.0&#8243; header_text_color=\u00bb#66757e\u00bb background_size=\u00bbinitial\u00bb background_position=\u00bbtop_left\u00bb background_repeat=\u00bbrepeat\u00bb image_icon_custom_padding=\u00bb25px|25px|25px|25px|false|false\u00bb text_orientation=\u00bbcenter\u00bb max_width_tablet=\u00bb50px\u00bb hover_enabled=\u00bb0&#8243; border_radii_image=\u00bbon|100%|100%|100%|100%\u00bb border_width_all_image=\u00bb3px\u00bb border_color_all_image=\u00bb#66757e\u00bb use_circle=\u00bbon\u00bb use_circle_border=\u00bbon\u00bb circle_border_color=\u00bb#66757e\u00bb circle_color=\u00bb#ffffff\u00bb global_colors_info=\u00bb{}\u00bb image_icon_background_color__sticky_enabled=\u00bb#dc001b\u00bb image_icon_background_color__sticky=\u00bb#dc001b\u00bb sticky_enabled=\u00bb0&#8243;][\/et_pb_blurb][\/et_pb_column][et_pb_column type=\u00bb1_4&#8243; _builder_version=\u00bb4.16&#8243; custom_padding=\u00bb|||\u00bb global_colors_info=\u00bb{}\u00bb custom_padding__hover=\u00bb|||\u00bb][et_pb_blurb title=\u00bbServicios Religiosos\u00bb url=\u00bb\/santuario\/servicios-religiosos\/\u00bb use_icon=\u00bbon\u00bb font_icon=\u00bb&#xf518;||fa||900&#8243; image_icon_background_color=\u00bb#ffffff\u00bb image_icon_width=\u00bb48px\u00bb admin_label=\u00bbServicios Religiosos\u00bb _builder_version=\u00bb4.18.0&#8243; header_text_color=\u00bb#66757e\u00bb background_size=\u00bbinitial\u00bb background_position=\u00bbtop_left\u00bb background_repeat=\u00bbrepeat\u00bb image_icon_custom_padding=\u00bb25px|25px|25px|25px|false|false\u00bb text_orientation=\u00bbcenter\u00bb max_width_tablet=\u00bb50px\u00bb hover_enabled=\u00bb0&#8243; border_radii_image=\u00bbon|100%|100%|100%|100%\u00bb border_width_all_image=\u00bb3px\u00bb border_color_all_image=\u00bb#66757e\u00bb use_circle=\u00bbon\u00bb use_circle_border=\u00bbon\u00bb circle_border_color=\u00bb#66757e\u00bb circle_color=\u00bb#ffffff\u00bb global_colors_info=\u00bb{}\u00bb image_icon_background_color__sticky_enabled=\u00bb#dc001b\u00bb image_icon_background_color__sticky=\u00bb#dc001b\u00bb sticky_enabled=\u00bb0&#8243;][\/et_pb_blurb][\/et_pb_column][et_pb_column type=\u00bb1_4&#8243; _builder_version=\u00bb4.16&#8243; custom_padding=\u00bb|||\u00bb global_colors_info=\u00bb{}\u00bb custom_padding__hover=\u00bb|||\u00bb][et_pb_blurb title=\u00bbHorarios\u00bb url=\u00bb\/santuario\/horarios\/\u00bb use_icon=\u00bbon\u00bb font_icon=\u00bb&#x7d;||divi||400&#8243; image_icon_background_color=\u00bb#ffffff\u00bb image_icon_width=\u00bb48px\u00bb admin_label=\u00bbHorarios\u00bb _builder_version=\u00bb4.16&#8243; header_text_color=\u00bb#66757e\u00bb background_size=\u00bbinitial\u00bb background_position=\u00bbtop_left\u00bb background_repeat=\u00bbrepeat\u00bb image_icon_custom_padding=\u00bb25px|25px|25px|25px|false|false\u00bb text_orientation=\u00bbcenter\u00bb max_width_tablet=\u00bb50px\u00bb border_radii_image=\u00bbon|100%|100%|100%|100%\u00bb border_width_all_image=\u00bb3px\u00bb border_color_all_image=\u00bb#66757e\u00bb use_circle=\u00bbon\u00bb use_circle_border=\u00bbon\u00bb circle_border_color=\u00bb#66757e\u00bb circle_color=\u00bb#ffffff\u00bb global_colors_info=\u00bb{}\u00bb image_icon_background_color__sticky_enabled=\u00bb#dc001b\u00bb image_icon_background_color__sticky=\u00bb#dc001b\u00bb][\/et_pb_blurb][\/et_pb_column][\/et_pb_row][\/et_pb_section]<\/p>\n","protected":false},"excerpt":{"rendered":"<p>Con el establecimiento de los Salesianos en M\u00e1laga en el a\u00f1o 1894 comenz\u00f3 a difundirse la devoci\u00f3n a la Madre de Dios con el t\u00edtulo de Auxiliadora. El 3 de enero de 1897 se bendijo una hermosa imagen de la Virgen de Don Bosco en la Parroquia de Ntra. Sra. de la Merced. Esta imagen, [&hellip;]<\/p>\n","protected":false},"author":2,"featured_media":0,"parent":0,"menu_order":0,"comment_status":"closed","ping_status":"closed","template":"","meta":{"_et_pb_use_builder":"on","_et_pb_old_content":"","_et_gb_content_width":"","footnotes":""},"class_list":["post-2584","page","type-page","status-publish","hentry"],"yoast_head":"<!-- This site is optimized with the Yoast SEO plugin v27.4 - https:\/\/yoast.com\/product\/yoast-seo-wordpress\/ -->\n<title>Notas Hist\u00f3ricas - Santuario M\u00aa Auxiliadora | Salesianos M\u00e1laga<\/title>\n<meta name=\"robots\" content=\"index, follow, max-snippet:-1, max-image-preview:large, max-video-preview:-1\" \/>\n<link rel=\"canonical\" href=\"https:\/\/malaga.salesianos.edu\/santuario\/notas-historicas\/\" \/>\n<meta property=\"og:locale\" content=\"es_ES\" \/>\n<meta property=\"og:type\" content=\"article\" \/>\n<meta property=\"og:title\" content=\"Notas Hist\u00f3ricas - Santuario M\u00aa Auxiliadora | Salesianos M\u00e1laga\" \/>\n<meta property=\"og:description\" content=\"Con el establecimiento de los Salesianos en M\u00e1laga en el a\u00f1o 1894 comenz\u00f3 a difundirse la devoci\u00f3n a la Madre de Dios con el t\u00edtulo de Auxiliadora. El 3 de enero de 1897 se bendijo una hermosa imagen de la Virgen de Don Bosco en la Parroquia de Ntra. Sra. de la Merced. Esta imagen, [&hellip;]\" \/>\n<meta property=\"og:url\" content=\"https:\/\/malaga.salesianos.edu\/santuario\/notas-historicas\/\" \/>\n<meta property=\"og:site_name\" content=\"Santuario M\u00aa Auxiliadora | Salesianos M\u00e1laga\" \/>\n<meta property=\"article:modified_time\" content=\"2022-10-10T21:58:31+00:00\" \/>\n<meta name=\"twitter:card\" content=\"summary_large_image\" \/>\n<meta name=\"twitter:label1\" content=\"Tiempo de lectura\" \/>\n\t<meta name=\"twitter:data1\" content=\"3 minutos\" \/>\n<script type=\"application\/ld+json\" class=\"yoast-schema-graph\">{\"@context\":\"https:\\\/\\\/schema.org\",\"@graph\":[{\"@type\":\"WebPage\",\"@id\":\"https:\\\/\\\/malaga.salesianos.edu\\\/santuario\\\/notas-historicas\\\/\",\"url\":\"https:\\\/\\\/malaga.salesianos.edu\\\/santuario\\\/notas-historicas\\\/\",\"name\":\"Notas Hist\u00f3ricas - Santuario M\u00aa Auxiliadora | Salesianos M\u00e1laga\",\"isPartOf\":{\"@id\":\"https:\\\/\\\/malaga.salesianos.edu\\\/santuario\\\/#website\"},\"datePublished\":\"2017-10-11T23:11:19+00:00\",\"dateModified\":\"2022-10-10T21:58:31+00:00\",\"breadcrumb\":{\"@id\":\"https:\\\/\\\/malaga.salesianos.edu\\\/santuario\\\/notas-historicas\\\/#breadcrumb\"},\"inLanguage\":\"es\",\"potentialAction\":[{\"@type\":\"ReadAction\",\"target\":[\"https:\\\/\\\/malaga.salesianos.edu\\\/santuario\\\/notas-historicas\\\/\"]}]},{\"@type\":\"BreadcrumbList\",\"@id\":\"https:\\\/\\\/malaga.salesianos.edu\\\/santuario\\\/notas-historicas\\\/#breadcrumb\",\"itemListElement\":[{\"@type\":\"ListItem\",\"position\":1,\"name\":\"Portada\",\"item\":\"https:\\\/\\\/malaga.salesianos.edu\\\/santuario\\\/\"},{\"@type\":\"ListItem\",\"position\":2,\"name\":\"Notas Hist\u00f3ricas\"}]},{\"@type\":\"WebSite\",\"@id\":\"https:\\\/\\\/malaga.salesianos.edu\\\/santuario\\\/#website\",\"url\":\"https:\\\/\\\/malaga.salesianos.edu\\\/santuario\\\/\",\"name\":\"Santuario M\u00aa Auxiliadora | Salesianos M\u00e1laga\",\"description\":\"Santuario Inspectorial Mar\u00eda Auxiliadora | Salesianos M\u00e1laga\",\"potentialAction\":[{\"@type\":\"SearchAction\",\"target\":{\"@type\":\"EntryPoint\",\"urlTemplate\":\"https:\\\/\\\/malaga.salesianos.edu\\\/santuario\\\/?s={search_term_string}\"},\"query-input\":{\"@type\":\"PropertyValueSpecification\",\"valueRequired\":true,\"valueName\":\"search_term_string\"}}],\"inLanguage\":\"es\"}]}<\/script>\n<!-- \/ Yoast SEO plugin. -->","yoast_head_json":{"title":"Notas Hist\u00f3ricas - Santuario M\u00aa Auxiliadora | Salesianos M\u00e1laga","robots":{"index":"index","follow":"follow","max-snippet":"max-snippet:-1","max-image-preview":"max-image-preview:large","max-video-preview":"max-video-preview:-1"},"canonical":"https:\/\/malaga.salesianos.edu\/santuario\/notas-historicas\/","og_locale":"es_ES","og_type":"article","og_title":"Notas Hist\u00f3ricas - Santuario M\u00aa Auxiliadora | Salesianos M\u00e1laga","og_description":"Con el establecimiento de los Salesianos en M\u00e1laga en el a\u00f1o 1894 comenz\u00f3 a difundirse la devoci\u00f3n a la Madre de Dios con el t\u00edtulo de Auxiliadora. El 3 de enero de 1897 se bendijo una hermosa imagen de la Virgen de Don Bosco en la Parroquia de Ntra. Sra. de la Merced. Esta imagen, [&hellip;]","og_url":"https:\/\/malaga.salesianos.edu\/santuario\/notas-historicas\/","og_site_name":"Santuario M\u00aa Auxiliadora | Salesianos M\u00e1laga","article_modified_time":"2022-10-10T21:58:31+00:00","twitter_card":"summary_large_image","twitter_misc":{"Tiempo de lectura":"3 minutos"},"schema":{"@context":"https:\/\/schema.org","@graph":[{"@type":"WebPage","@id":"https:\/\/malaga.salesianos.edu\/santuario\/notas-historicas\/","url":"https:\/\/malaga.salesianos.edu\/santuario\/notas-historicas\/","name":"Notas Hist\u00f3ricas - Santuario M\u00aa Auxiliadora | Salesianos M\u00e1laga","isPartOf":{"@id":"https:\/\/malaga.salesianos.edu\/santuario\/#website"},"datePublished":"2017-10-11T23:11:19+00:00","dateModified":"2022-10-10T21:58:31+00:00","breadcrumb":{"@id":"https:\/\/malaga.salesianos.edu\/santuario\/notas-historicas\/#breadcrumb"},"inLanguage":"es","potentialAction":[{"@type":"ReadAction","target":["https:\/\/malaga.salesianos.edu\/santuario\/notas-historicas\/"]}]},{"@type":"BreadcrumbList","@id":"https:\/\/malaga.salesianos.edu\/santuario\/notas-historicas\/#breadcrumb","itemListElement":[{"@type":"ListItem","position":1,"name":"Portada","item":"https:\/\/malaga.salesianos.edu\/santuario\/"},{"@type":"ListItem","position":2,"name":"Notas Hist\u00f3ricas"}]},{"@type":"WebSite","@id":"https:\/\/malaga.salesianos.edu\/santuario\/#website","url":"https:\/\/malaga.salesianos.edu\/santuario\/","name":"Santuario M\u00aa Auxiliadora | Salesianos M\u00e1laga","description":"Santuario Inspectorial Mar\u00eda Auxiliadora | Salesianos M\u00e1laga","potentialAction":[{"@type":"SearchAction","target":{"@type":"EntryPoint","urlTemplate":"https:\/\/malaga.salesianos.edu\/santuario\/?s={search_term_string}"},"query-input":{"@type":"PropertyValueSpecification","valueRequired":true,"valueName":"search_term_string"}}],"inLanguage":"es"}]}},"_links":{"self":[{"href":"https:\/\/malaga.salesianos.edu\/santuario\/wp-json\/wp\/v2\/pages\/2584","targetHints":{"allow":["GET"]}}],"collection":[{"href":"https:\/\/malaga.salesianos.edu\/santuario\/wp-json\/wp\/v2\/pages"}],"about":[{"href":"https:\/\/malaga.salesianos.edu\/santuario\/wp-json\/wp\/v2\/types\/page"}],"author":[{"embeddable":true,"href":"https:\/\/malaga.salesianos.edu\/santuario\/wp-json\/wp\/v2\/users\/2"}],"replies":[{"embeddable":true,"href":"https:\/\/malaga.salesianos.edu\/santuario\/wp-json\/wp\/v2\/comments?post=2584"}],"version-history":[{"count":20,"href":"https:\/\/malaga.salesianos.edu\/santuario\/wp-json\/wp\/v2\/pages\/2584\/revisions"}],"predecessor-version":[{"id":21262,"href":"https:\/\/malaga.salesianos.edu\/santuario\/wp-json\/wp\/v2\/pages\/2584\/revisions\/21262"}],"wp:attachment":[{"href":"https:\/\/malaga.salesianos.edu\/santuario\/wp-json\/wp\/v2\/media?parent=2584"}],"curies":[{"name":"wp","href":"https:\/\/api.w.org\/{rel}","templated":true}]}}