{"id":2474,"date":"2017-10-11T01:07:43","date_gmt":"2017-10-10T23:07:43","guid":{"rendered":"https:\/\/malaga.salesianos.edu\/santuario\/?page_id=2474"},"modified":"2022-10-12T22:29:07","modified_gmt":"2022-10-12T20:29:07","slug":"camino-de-fe","status":"publish","type":"page","link":"https:\/\/malaga.salesianos.edu\/santuario\/camino-de-fe\/","title":{"rendered":"Camino de Fe"},"content":{"rendered":"<p>[et_pb_section fb_built=\u00bb1&#8243; fullwidth=\u00bbon\u00bb _builder_version=\u00bb4.16&#8243; global_colors_info=\u00bb{}\u00bb][et_pb_fullwidth_header title=\u00bbSantuario\u00bb title_font_color=\u00bb#ffffff\u00bb module_class=\u00bbpagina-imagen-cabecera\u00bb _builder_version=\u00bb4.16&#8243; title_text_color=\u00bb#ffffff\u00bb title_font_size=\u00bb40px\u00bb background_color=\u00bbrgba(255, 255, 255, 0)\u00bb background_image=\u00bbhttps:\/\/malaga.salesianos.edu\/santuario\/wp-content\/uploads\/sites\/3\/2017\/10\/camino_de_fe2.jpg\u00bb background_blend=\u00bbscreen\u00bb background_layout=\u00bblight\u00bb background_url=\u00bbhttps:\/\/malaga.salesianos.edu\/santuario\/wp-content\/uploads\/sites\/3\/2017\/04\/DSC0006c.jpg\u00bb button_one_letter_spacing_hover=\u00bb0&#8243; button_two_letter_spacing_hover=\u00bb0&#8243; global_colors_info=\u00bb{}\u00bb button_one_text_size__hover_enabled=\u00bboff\u00bb button_two_text_size__hover_enabled=\u00bboff\u00bb button_one_text_color__hover_enabled=\u00bboff\u00bb button_two_text_color__hover_enabled=\u00bboff\u00bb button_one_border_width__hover_enabled=\u00bboff\u00bb button_two_border_width__hover_enabled=\u00bboff\u00bb button_one_border_color__hover_enabled=\u00bboff\u00bb button_two_border_color__hover_enabled=\u00bboff\u00bb button_one_border_radius__hover_enabled=\u00bboff\u00bb button_two_border_radius__hover_enabled=\u00bboff\u00bb button_one_letter_spacing__hover_enabled=\u00bbon\u00bb button_one_letter_spacing__hover=\u00bb0&#8243; button_two_letter_spacing__hover_enabled=\u00bbon\u00bb button_two_letter_spacing__hover=\u00bb0&#8243; button_one_bg_color__hover_enabled=\u00bboff\u00bb button_two_bg_color__hover_enabled=\u00bboff\u00bb][\/et_pb_fullwidth_header][\/et_pb_section][et_pb_section fb_built=\u00bb1&#8243; module_class=\u00bbpagina-seccion-contenido\u00bb _builder_version=\u00bb4.16&#8243; custom_padding=\u00bb-4%|||\u00bb transparent_background=\u00bboff\u00bb make_fullwidth=\u00bboff\u00bb use_custom_width=\u00bboff\u00bb width_unit=\u00bbon\u00bb global_colors_info=\u00bb{}\u00bb][et_pb_row module_class=\u00bbpagina-texto\u00bb _builder_version=\u00bb4.16&#8243; background_size=\u00bbinitial\u00bb background_position=\u00bbtop_left\u00bb background_repeat=\u00bbrepeat\u00bb make_fullwidth=\u00bboff\u00bb use_custom_width=\u00bboff\u00bb width_unit=\u00bbon\u00bb global_colors_info=\u00bb{}\u00bb][et_pb_column type=\u00bb4_4&#8243; _builder_version=\u00bb4.16&#8243; custom_padding=\u00bb|||\u00bb global_colors_info=\u00bb{}\u00bb custom_padding__hover=\u00bb|||\u00bb][et_pb_post_title author=\u00bboff\u00bb date=\u00bboff\u00bb comments=\u00bboff\u00bb featured_image=\u00bboff\u00bb _builder_version=\u00bb4.16&#8243; title_font_size=\u00bb26&#8243; title_font_size_tablet=\u00bb\u00bb title_font_size_phone=\u00bb\u00bb title_font_size_last_edited=\u00bbon|phone\u00bb parallax_effect=\u00bboff\u00bb use_border_color=\u00bboff\u00bb border_color=\u00bb#ffffff\u00bb border_style=\u00bbsolid\u00bb global_colors_info=\u00bb{}\u00bb][\/et_pb_post_title][et_pb_text _builder_version=\u00bb4.18.0&#8243; text_orientation=\u00bbjustified\u00bb module_alignment=\u00bbleft\u00bb global_colors_info=\u00bb{}\u00bb]<\/p>\n<blockquote>\n<p><strong>Es una clara intenci\u00f3n que el Santuario sea como un camino espiritual que ayude a las personas en el proceso de maduraci\u00f3n cristiana a trav\u00e9s de:<\/strong><\/p>\n<\/blockquote>\n<p>[\/et_pb_text][\/et_pb_column][\/et_pb_row][et_pb_row column_structure=\u00bb2_3,1_3&#8243; _builder_version=\u00bb4.18.0&#8243; _module_preset=\u00bbdefault\u00bb global_colors_info=\u00bb{}\u00bb][et_pb_column type=\u00bb2_3&#8243; _builder_version=\u00bb4.18.0&#8243; _module_preset=\u00bbdefault\u00bb global_colors_info=\u00bb{}\u00bb][et_pb_text _builder_version=\u00bb4.18.0&#8243; text_orientation=\u00bbjustified\u00bb module_alignment=\u00bbleft\u00bb global_colors_info=\u00bb{}\u00bb]<\/p>\n<h4><strong>LA ESCUCHA DE LA PALABRA DE DIOS<\/strong><\/h4>\n<p>Como los disc\u00edpulos de Ema\u00fas, necesitamos reencontrar, en el encuentro con jes\u00fas y con la palabra de vida eterna, el gozo y la esperanza.<\/p>\n<h4><strong>LA ORACI\u00d3N<\/strong><\/h4>\n<p>Sin la cual no es posible el crecimiento espiritual ni adhesi\u00f3n a cuanto el se\u00f1or nos ense\u00f1\u00f3 con palabras y obras.<\/p>\n<h4><strong>LA RECONCILIACI\u00d3N<\/strong><\/h4>\n<p>Con Dios y con nuestros hermanos y hermanas a trav\u00e9s del sacramento de la Penitencia. Con la Eucarist\u00eda, la Confesi\u00f3n es una de las columnas del edificio espiritual y educativo de San Juan Bosco.<\/p>\n<h4><strong>LA EUCARIST\u00cdA<\/strong><\/h4>\n<p>Debe ser el momento del culmen: Con la Eucarist\u00eda nos unimos a Jes\u00fas, nuestro salvador, el Sentido y Gu\u00eda de nuestra vida.<\/p>\n<h4><strong>LA CONFIANZA EN MAR\u00cdA<\/strong><\/h4>\n<p>Jes\u00fas en la cruz nos dio a Mar\u00eda como Madre nuestra. La veneramos como Auxiliadora. Nos confiamos a ella como nuestra gu\u00eda, la tenemos como modelo y ayuda en nuestro caminar hacia Cristo y el Padre.<\/p>\n<h4><strong>UNA FE RENOVADA<\/strong><\/h4>\n<p>Todo debe llevar a una renovaci\u00f3n de nuestra fe en Jesucristo. El Cristianismo, en efecto, es mucho m\u00e1s que una tradici\u00f3n cultural, que un conjunto de verdades y de pr\u00e1cticas religiosas, que un c\u00f3digo de comportamiento \u00e9tico. Es una persona, es Jesucristo, el Viviente, Camino, Verdad y Vida.<\/p>\n<h4><strong>UN COMPROMISO RENOVADO<\/strong><\/h4>\n<p>Seguir\u00e1 siendo in\u00fatil la experiencia de nuestro caminar si despu\u00e9s no sentimos en nosotros el impulso a un mayor compromiso de amor a Dios y al pr\u00f3jimo, especialmente a los j\u00f3venes, en la familia y en la sociedad.<\/p>\n<p>[\/et_pb_text][\/et_pb_column][et_pb_column type=\u00bb1_3&#8243; _builder_version=\u00bb4.18.0&#8243; _module_preset=\u00bbdefault\u00bb global_colors_info=\u00bb{}\u00bb][et_pb_image src=\u00bbhttps:\/\/malaga.salesianos.edu\/santuario\/wp-content\/uploads\/sites\/3\/2022\/10\/Vela_santuario.jpeg\u00bb title_text=\u00bbVela_santuario\u00bb _builder_version=\u00bb4.18.0&#8243; _module_preset=\u00bbdefault\u00bb hover_enabled=\u00bb0&#8243; global_colors_info=\u00bb{}\u00bb sticky_enabled=\u00bb0&#8243;][\/et_pb_image][\/et_pb_column][\/et_pb_row][et_pb_row column_structure=\u00bb1_4,1_4,1_4,1_4&#8243; _builder_version=\u00bb4.16&#8243; background_size=\u00bbinitial\u00bb background_position=\u00bbtop_left\u00bb background_repeat=\u00bbrepeat\u00bb global_colors_info=\u00bb{}\u00bb][et_pb_column type=\u00bb1_4&#8243; _builder_version=\u00bb4.16&#8243; custom_padding=\u00bb|||\u00bb global_colors_info=\u00bb{}\u00bb custom_padding__hover=\u00bb|||\u00bb][et_pb_blurb title=\u00bbIdentidad\u00bb url=\u00bb\/identidad\/\u00bb use_icon=\u00bbon\u00bb font_icon=\u00bb&#xe030;||divi||400&#8243; image_icon_background_color=\u00bb#ffffff\u00bb image_icon_width=\u00bb48px\u00bb admin_label=\u00bbIdentidad\u00bb _builder_version=\u00bb4.16&#8243; header_text_color=\u00bb#66757e\u00bb background_size=\u00bbinitial\u00bb background_position=\u00bbtop_left\u00bb background_repeat=\u00bbrepeat\u00bb image_icon_custom_padding=\u00bb25px|25px|25px|25px|false|false\u00bb text_orientation=\u00bbcenter\u00bb border_radii_image=\u00bbon|100%|100%|100%|100%\u00bb border_width_all_image=\u00bb3px\u00bb border_color_all_image=\u00bb#66757e\u00bb use_circle=\u00bbon\u00bb use_circle_border=\u00bbon\u00bb circle_border_color=\u00bb#66757e\u00bb circle_color=\u00bb#ffffff\u00bb global_colors_info=\u00bb{}\u00bb image_icon_background_color__sticky_enabled=\u00bb#dc001b\u00bb image_icon_background_color__sticky=\u00bb#dc001b\u00bb][\/et_pb_blurb][\/et_pb_column][et_pb_column type=\u00bb1_4&#8243; _builder_version=\u00bb4.16&#8243; custom_padding=\u00bb|||\u00bb global_colors_info=\u00bb{}\u00bb custom_padding__hover=\u00bb|||\u00bb][et_pb_blurb title=\u00bbServicios Religiosos\u00bb url=\u00bb\/santuario\/servicios-religiosos\/\u00bb use_icon=\u00bbon\u00bb font_icon=\u00bb&#xf518;||fa||900&#8243; image_icon_background_color=\u00bb#ffffff\u00bb image_icon_width=\u00bb48px\u00bb admin_label=\u00bbServicios Religiosos\u00bb _builder_version=\u00bb4.18.0&#8243; header_text_color=\u00bb#66757e\u00bb background_size=\u00bbinitial\u00bb background_position=\u00bbtop_left\u00bb background_repeat=\u00bbrepeat\u00bb image_icon_custom_padding=\u00bb25px|25px|25px|25px|false|false\u00bb text_orientation=\u00bbcenter\u00bb max_width_tablet=\u00bb50px\u00bb border_radii_image=\u00bbon|100%|100%|100%|100%\u00bb border_width_all_image=\u00bb3px\u00bb border_color_all_image=\u00bb#66757e\u00bb use_circle=\u00bbon\u00bb use_circle_border=\u00bbon\u00bb circle_border_color=\u00bb#66757e\u00bb circle_color=\u00bb#ffffff\u00bb global_colors_info=\u00bb{}\u00bb image_icon_background_color__sticky_enabled=\u00bb#dc001b\u00bb image_icon_background_color__sticky=\u00bb#dc001b\u00bb][\/et_pb_blurb][\/et_pb_column][et_pb_column type=\u00bb1_4&#8243; _builder_version=\u00bb4.16&#8243; custom_padding=\u00bb|||\u00bb global_colors_info=\u00bb{}\u00bb custom_padding__hover=\u00bb|||\u00bb][et_pb_blurb title=\u00bbHorarios\u00bb url=\u00bb\/santuario\/horarios\/\u00bb use_icon=\u00bbon\u00bb font_icon=\u00bb&#x7d;||divi||400&#8243; image_icon_background_color=\u00bb#ffffff\u00bb image_icon_width=\u00bb48px\u00bb admin_label=\u00bbHorarios\u00bb _builder_version=\u00bb4.16&#8243; header_text_color=\u00bb#66757e\u00bb background_size=\u00bbinitial\u00bb background_position=\u00bbtop_left\u00bb background_repeat=\u00bbrepeat\u00bb image_icon_custom_padding=\u00bb25px|25px|25px|25px|false|false\u00bb text_orientation=\u00bbcenter\u00bb max_width_tablet=\u00bb50px\u00bb border_radii_image=\u00bbon|100%|100%|100%|100%\u00bb border_width_all_image=\u00bb3px\u00bb border_color_all_image=\u00bb#66757e\u00bb use_circle=\u00bbon\u00bb use_circle_border=\u00bbon\u00bb circle_border_color=\u00bb#66757e\u00bb circle_color=\u00bb#ffffff\u00bb global_colors_info=\u00bb{}\u00bb image_icon_background_color__sticky_enabled=\u00bb#dc001b\u00bb image_icon_background_color__sticky=\u00bb#dc001b\u00bb][\/et_pb_blurb][\/et_pb_column][et_pb_column type=\u00bb1_4&#8243; _builder_version=\u00bb4.16&#8243; custom_padding=\u00bb|||\u00bb global_colors_info=\u00bb{}\u00bb custom_padding__hover=\u00bb|||\u00bb][et_pb_blurb title=\u00bbNotas Hist\u00f3ricas\u00bb url=\u00bb\/santuario\/notas-historicas\/\u00bb use_icon=\u00bbon\u00bb font_icon=\u00bb&#xe0e1;||divi||400&#8243; image_icon_background_color=\u00bb#ffffff\u00bb image_icon_width=\u00bb48px\u00bb admin_label=\u00bbHistoria\u00bb _builder_version=\u00bb4.16&#8243; header_text_color=\u00bb#66757e\u00bb background_size=\u00bbinitial\u00bb background_position=\u00bbtop_left\u00bb background_repeat=\u00bbrepeat\u00bb image_icon_custom_padding=\u00bb25px|25px|25px|25px|false|false\u00bb text_orientation=\u00bbcenter\u00bb max_width_tablet=\u00bb50px\u00bb border_radii_image=\u00bbon|100%|100%|100%|100%\u00bb border_width_all_image=\u00bb3px\u00bb border_color_all_image=\u00bb#66757e\u00bb use_circle=\u00bbon\u00bb use_circle_border=\u00bbon\u00bb circle_border_color=\u00bb#66757e\u00bb circle_color=\u00bb#ffffff\u00bb global_colors_info=\u00bb{}\u00bb image_icon_background_color__sticky_enabled=\u00bb#dc001b\u00bb image_icon_background_color__sticky=\u00bb#dc001b\u00bb][\/et_pb_blurb][\/et_pb_column][\/et_pb_row][\/et_pb_section]<\/p>\n","protected":false},"excerpt":{"rendered":"<p>Es una clara intenci\u00f3n que el Santuario sea como un camino espiritual que ayude a las personas en el proceso de maduraci\u00f3n cristiana a trav\u00e9s de: LA ESCUCHA DE LA PALABRA DE DIOS Como los disc\u00edpulos de Ema\u00fas, necesitamos reencontrar, en el encuentro con jes\u00fas y con la palabra de vida eterna, el gozo y [&hellip;]<\/p>\n","protected":false},"author":2,"featured_media":0,"parent":0,"menu_order":0,"comment_status":"closed","ping_status":"closed","template":"","meta":{"_et_pb_use_builder":"on","_et_pb_old_content":"","_et_gb_content_width":"","footnotes":""},"class_list":["post-2474","page","type-page","status-publish","hentry"],"yoast_head":"<!-- This site is optimized with the Yoast SEO plugin v27.3 - https:\/\/yoast.com\/product\/yoast-seo-wordpress\/ -->\n<title>Camino de Fe - Santuario M\u00aa Auxiliadora | Salesianos M\u00e1laga<\/title>\n<meta name=\"robots\" content=\"index, follow, max-snippet:-1, max-image-preview:large, max-video-preview:-1\" \/>\n<link rel=\"canonical\" href=\"https:\/\/malaga.salesianos.edu\/santuario\/camino-de-fe\/\" \/>\n<meta property=\"og:locale\" content=\"es_ES\" \/>\n<meta property=\"og:type\" content=\"article\" \/>\n<meta property=\"og:title\" content=\"Camino de Fe - Santuario M\u00aa Auxiliadora | Salesianos M\u00e1laga\" \/>\n<meta property=\"og:description\" content=\"Es una clara intenci\u00f3n que el Santuario sea como un camino espiritual que ayude a las personas en el proceso de maduraci\u00f3n cristiana a trav\u00e9s de: LA ESCUCHA DE LA PALABRA DE DIOS Como los disc\u00edpulos de Ema\u00fas, necesitamos reencontrar, en el encuentro con jes\u00fas y con la palabra de vida eterna, el gozo y [&hellip;]\" \/>\n<meta property=\"og:url\" content=\"https:\/\/malaga.salesianos.edu\/santuario\/camino-de-fe\/\" \/>\n<meta property=\"og:site_name\" content=\"Santuario M\u00aa Auxiliadora | Salesianos M\u00e1laga\" \/>\n<meta property=\"article:modified_time\" content=\"2022-10-12T20:29:07+00:00\" \/>\n<meta name=\"twitter:card\" content=\"summary_large_image\" \/>\n<meta name=\"twitter:label1\" content=\"Tiempo de lectura\" \/>\n\t<meta name=\"twitter:data1\" content=\"3 minutos\" \/>\n<script type=\"application\/ld+json\" class=\"yoast-schema-graph\">{\"@context\":\"https:\\\/\\\/schema.org\",\"@graph\":[{\"@type\":\"WebPage\",\"@id\":\"https:\\\/\\\/malaga.salesianos.edu\\\/santuario\\\/camino-de-fe\\\/\",\"url\":\"https:\\\/\\\/malaga.salesianos.edu\\\/santuario\\\/camino-de-fe\\\/\",\"name\":\"Camino de Fe - Santuario M\u00aa Auxiliadora | Salesianos M\u00e1laga\",\"isPartOf\":{\"@id\":\"https:\\\/\\\/malaga.salesianos.edu\\\/santuario\\\/#website\"},\"datePublished\":\"2017-10-10T23:07:43+00:00\",\"dateModified\":\"2022-10-12T20:29:07+00:00\",\"breadcrumb\":{\"@id\":\"https:\\\/\\\/malaga.salesianos.edu\\\/santuario\\\/camino-de-fe\\\/#breadcrumb\"},\"inLanguage\":\"es\",\"potentialAction\":[{\"@type\":\"ReadAction\",\"target\":[\"https:\\\/\\\/malaga.salesianos.edu\\\/santuario\\\/camino-de-fe\\\/\"]}]},{\"@type\":\"BreadcrumbList\",\"@id\":\"https:\\\/\\\/malaga.salesianos.edu\\\/santuario\\\/camino-de-fe\\\/#breadcrumb\",\"itemListElement\":[{\"@type\":\"ListItem\",\"position\":1,\"name\":\"Portada\",\"item\":\"https:\\\/\\\/malaga.salesianos.edu\\\/santuario\\\/\"},{\"@type\":\"ListItem\",\"position\":2,\"name\":\"Camino de Fe\"}]},{\"@type\":\"WebSite\",\"@id\":\"https:\\\/\\\/malaga.salesianos.edu\\\/santuario\\\/#website\",\"url\":\"https:\\\/\\\/malaga.salesianos.edu\\\/santuario\\\/\",\"name\":\"Santuario M\u00aa Auxiliadora | Salesianos M\u00e1laga\",\"description\":\"Santuario Inspectorial Mar\u00eda Auxiliadora | Salesianos M\u00e1laga\",\"potentialAction\":[{\"@type\":\"SearchAction\",\"target\":{\"@type\":\"EntryPoint\",\"urlTemplate\":\"https:\\\/\\\/malaga.salesianos.edu\\\/santuario\\\/?s={search_term_string}\"},\"query-input\":{\"@type\":\"PropertyValueSpecification\",\"valueRequired\":true,\"valueName\":\"search_term_string\"}}],\"inLanguage\":\"es\"}]}<\/script>\n<!-- \/ Yoast SEO plugin. -->","yoast_head_json":{"title":"Camino de Fe - Santuario M\u00aa Auxiliadora | Salesianos M\u00e1laga","robots":{"index":"index","follow":"follow","max-snippet":"max-snippet:-1","max-image-preview":"max-image-preview:large","max-video-preview":"max-video-preview:-1"},"canonical":"https:\/\/malaga.salesianos.edu\/santuario\/camino-de-fe\/","og_locale":"es_ES","og_type":"article","og_title":"Camino de Fe - Santuario M\u00aa Auxiliadora | Salesianos M\u00e1laga","og_description":"Es una clara intenci\u00f3n que el Santuario sea como un camino espiritual que ayude a las personas en el proceso de maduraci\u00f3n cristiana a trav\u00e9s de: LA ESCUCHA DE LA PALABRA DE DIOS Como los disc\u00edpulos de Ema\u00fas, necesitamos reencontrar, en el encuentro con jes\u00fas y con la palabra de vida eterna, el gozo y [&hellip;]","og_url":"https:\/\/malaga.salesianos.edu\/santuario\/camino-de-fe\/","og_site_name":"Santuario M\u00aa Auxiliadora | Salesianos M\u00e1laga","article_modified_time":"2022-10-12T20:29:07+00:00","twitter_card":"summary_large_image","twitter_misc":{"Tiempo de lectura":"3 minutos"},"schema":{"@context":"https:\/\/schema.org","@graph":[{"@type":"WebPage","@id":"https:\/\/malaga.salesianos.edu\/santuario\/camino-de-fe\/","url":"https:\/\/malaga.salesianos.edu\/santuario\/camino-de-fe\/","name":"Camino de Fe - Santuario M\u00aa Auxiliadora | Salesianos M\u00e1laga","isPartOf":{"@id":"https:\/\/malaga.salesianos.edu\/santuario\/#website"},"datePublished":"2017-10-10T23:07:43+00:00","dateModified":"2022-10-12T20:29:07+00:00","breadcrumb":{"@id":"https:\/\/malaga.salesianos.edu\/santuario\/camino-de-fe\/#breadcrumb"},"inLanguage":"es","potentialAction":[{"@type":"ReadAction","target":["https:\/\/malaga.salesianos.edu\/santuario\/camino-de-fe\/"]}]},{"@type":"BreadcrumbList","@id":"https:\/\/malaga.salesianos.edu\/santuario\/camino-de-fe\/#breadcrumb","itemListElement":[{"@type":"ListItem","position":1,"name":"Portada","item":"https:\/\/malaga.salesianos.edu\/santuario\/"},{"@type":"ListItem","position":2,"name":"Camino de Fe"}]},{"@type":"WebSite","@id":"https:\/\/malaga.salesianos.edu\/santuario\/#website","url":"https:\/\/malaga.salesianos.edu\/santuario\/","name":"Santuario M\u00aa Auxiliadora | Salesianos M\u00e1laga","description":"Santuario Inspectorial Mar\u00eda Auxiliadora | Salesianos M\u00e1laga","potentialAction":[{"@type":"SearchAction","target":{"@type":"EntryPoint","urlTemplate":"https:\/\/malaga.salesianos.edu\/santuario\/?s={search_term_string}"},"query-input":{"@type":"PropertyValueSpecification","valueRequired":true,"valueName":"search_term_string"}}],"inLanguage":"es"}]}},"_links":{"self":[{"href":"https:\/\/malaga.salesianos.edu\/santuario\/wp-json\/wp\/v2\/pages\/2474","targetHints":{"allow":["GET"]}}],"collection":[{"href":"https:\/\/malaga.salesianos.edu\/santuario\/wp-json\/wp\/v2\/pages"}],"about":[{"href":"https:\/\/malaga.salesianos.edu\/santuario\/wp-json\/wp\/v2\/types\/page"}],"author":[{"embeddable":true,"href":"https:\/\/malaga.salesianos.edu\/santuario\/wp-json\/wp\/v2\/users\/2"}],"replies":[{"embeddable":true,"href":"https:\/\/malaga.salesianos.edu\/santuario\/wp-json\/wp\/v2\/comments?post=2474"}],"version-history":[{"count":37,"href":"https:\/\/malaga.salesianos.edu\/santuario\/wp-json\/wp\/v2\/pages\/2474\/revisions"}],"predecessor-version":[{"id":22570,"href":"https:\/\/malaga.salesianos.edu\/santuario\/wp-json\/wp\/v2\/pages\/2474\/revisions\/22570"}],"wp:attachment":[{"href":"https:\/\/malaga.salesianos.edu\/santuario\/wp-json\/wp\/v2\/media?parent=2474"}],"curies":[{"name":"wp","href":"https:\/\/api.w.org\/{rel}","templated":true}]}}