{"id":4894,"date":"2017-10-28T01:35:53","date_gmt":"2017-10-27T23:35:53","guid":{"rendered":"https:\/\/malaga.salesianos.edu\/deporte\/?page_id=4894"},"modified":"2022-10-13T22:56:29","modified_gmt":"2022-10-13T20:56:29","slug":"adesa","status":"publish","type":"page","link":"https:\/\/malaga.salesianos.edu\/deporte\/adesa\/","title":{"rendered":"ADESA"},"content":{"rendered":"<p>[et_pb_section fb_built=\u00bb1&#8243; fullwidth=\u00bbon\u00bb _builder_version=\u00bb4.16&#8243; global_colors_info=\u00bb{}\u00bb][et_pb_fullwidth_header title=\u00bbADESA\u00bb title_font_color=\u00bb#ffffff\u00bb module_class=\u00bbpagina-imagen-cabecera\u00bb _builder_version=\u00bb4.16&#8243; title_text_color=\u00bb#ffffff\u00bb title_font_size=\u00bb40px\u00bb background_color=\u00bbrgba(255, 255, 255, 0)\u00bb background_image=\u00bbhttps:\/\/malaga.salesianos.edu\/deporte\/wp-content\/uploads\/sites\/9\/2017\/10\/DeporteEducativo_1_R_2-1.jpg\u00bb background_position=\u00bbtop_center\u00bb background_layout=\u00bblight\u00bb background_url=\u00bbhttps:\/\/malaga.salesianos.edu\/deporte\/wp-content\/uploads\/sites\/9\/2017\/04\/DSC0006c.jpg\u00bb global_colors_info=\u00bb{}\u00bb button_one_text_size__hover_enabled=\u00bboff\u00bb button_two_text_size__hover_enabled=\u00bboff\u00bb button_one_text_color__hover_enabled=\u00bboff\u00bb button_two_text_color__hover_enabled=\u00bboff\u00bb button_one_border_width__hover_enabled=\u00bboff\u00bb button_two_border_width__hover_enabled=\u00bboff\u00bb button_one_border_color__hover_enabled=\u00bboff\u00bb button_two_border_color__hover_enabled=\u00bboff\u00bb button_one_border_radius__hover_enabled=\u00bboff\u00bb button_two_border_radius__hover_enabled=\u00bboff\u00bb button_one_letter_spacing__hover_enabled=\u00bboff\u00bb button_two_letter_spacing__hover_enabled=\u00bboff\u00bb button_one_bg_color__hover_enabled=\u00bboff\u00bb button_two_bg_color__hover_enabled=\u00bboff\u00bb][\/et_pb_fullwidth_header][\/et_pb_section][et_pb_section fb_built=\u00bb1&#8243; module_class=\u00bbpagina-seccion-contenido\u00bb _builder_version=\u00bb4.16&#8243; custom_padding=\u00bb-4%|||\u00bb transparent_background=\u00bboff\u00bb make_fullwidth=\u00bboff\u00bb use_custom_width=\u00bboff\u00bb width_unit=\u00bbon\u00bb global_colors_info=\u00bb{}\u00bb][et_pb_row column_structure=\u00bb2_3,1_3&#8243; _builder_version=\u00bb4.16&#8243; background_size=\u00bbinitial\u00bb background_position=\u00bbtop_left\u00bb background_repeat=\u00bbrepeat\u00bb global_colors_info=\u00bb{}\u00bb][et_pb_column type=\u00bb2_3&#8243; _builder_version=\u00bb4.16&#8243; custom_padding=\u00bb|||\u00bb global_colors_info=\u00bb{}\u00bb custom_padding__hover=\u00bb|||\u00bb][et_pb_post_title author=\u00bboff\u00bb date=\u00bboff\u00bb comments=\u00bboff\u00bb featured_image=\u00bboff\u00bb _builder_version=\u00bb4.16&#8243; title_font_size=\u00bb26&#8243; title_font_size_tablet=\u00bb\u00bb title_font_size_phone=\u00bb\u00bb title_font_size_last_edited=\u00bbon|phone\u00bb use_border_color=\u00bboff\u00bb border_color=\u00bb#ffffff\u00bb border_style=\u00bbsolid\u00bb parallax_effect=\u00bboff\u00bb global_colors_info=\u00bb{}\u00bb][\/et_pb_post_title][et_pb_text _builder_version=\u00bb4.16&#8243; text_orientation=\u00bbjustified\u00bb module_alignment=\u00bbleft\u00bb global_colors_info=\u00bb{}\u00bb]<\/p>\n<blockquote><p><strong>Una experiencia salesiana, donde el patio y el baloncesto, son los mejores aliados.<\/strong><\/p><\/blockquote>\n<p>[\/et_pb_text][et_pb_text _builder_version=\u00bb4.16&#8243; text_orientation=\u00bbjustified\u00bb module_alignment=\u00bbleft\u00bb global_colors_info=\u00bb{}\u00bb]<\/p>\n<h2><strong>\u00bfQu\u00edenes somos?<br \/>\n<\/strong><\/h2>\n<p>Somos ADESA, la Asociaci\u00f3n Deportiva Salesiana, con m\u00e1s de 20 a\u00f1os de experiencia en el mundo del baloncesto.<\/p>\n<p>Nuestra asociaci\u00f3n deportiva se consolida como un grupo fuerte y un club competitivo a nivel provincial y nacional. M\u00e1s de 40 entrenadores, totalmente voluntarios, trabajan y acompa\u00f1an, desde una clave totalmente salesiana, a unos 300 chicos de entre 3 y 22 a\u00f1os.<\/p>\n<p>Una familia y una realidad preciosa de la que pocos clubes pueden presumir.<\/p>\n<h2><strong>Finalidad<br \/>\n<\/strong><\/h2>\n<p>Educar a trav\u00e9s del deporte es nuestra principal finalidad, una experiencia salesiana, donde el patio y el baloncesto, son los mejores aliados para educar en el tiempo libre a j\u00f3venes y no tan j\u00f3venes de nuestra provincia.<br \/>\n[\/et_pb_text][\/et_pb_column][et_pb_column type=\u00bb1_3&#8243; _builder_version=\u00bb4.16&#8243; custom_padding=\u00bb|||\u00bb global_colors_info=\u00bb{}\u00bb custom_padding__hover=\u00bb|||\u00bb][et_pb_image src=\u00bbhttps:\/\/malaga.salesianos.edu\/deporte\/wp-content\/uploads\/sites\/9\/2017\/02\/Logo-Adesa-Esfera-Azul-1_330.png\u00bb url=\u00bbhttp:\/\/www.adesamalaga.com\/\u00bb url_new_window=\u00bbon\u00bb force_fullwidth=\u00bbon\u00bb align_tablet=\u00bbcenter\u00bb align_phone=\u00bbcenter\u00bb align_last_edited=\u00bbon|desktop\u00bb _builder_version=\u00bb4.18.0&#8243; animation_style=\u00bbslide\u00bb animation_direction=\u00bbright\u00bb hover_enabled=\u00bb0&#8243; always_center_on_mobile=\u00bbon\u00bb global_colors_info=\u00bb{}\u00bb sticky_enabled=\u00bb0&#8243;][\/et_pb_image][et_pb_blurb title=\u00bbVisita la web\u00bb url=\u00bbhttp:\/\/www.adesamalaga.com\/\u00bb url_new_window=\u00bbon\u00bb _builder_version=\u00bb4.16&#8243; header_text_align=\u00bbcenter\u00bb body_text_align=\u00bbcenter\u00bb text_orientation=\u00bbcenter\u00bb use_circle=\u00bboff\u00bb use_circle_border=\u00bboff\u00bb global_colors_info=\u00bb{}\u00bb][\/et_pb_blurb][\/et_pb_column][\/et_pb_row][et_pb_row column_structure=\u00bb1_2,1_2&#8243; _builder_version=\u00bb4.16&#8243; background_size=\u00bbinitial\u00bb background_position=\u00bbtop_left\u00bb background_repeat=\u00bbrepeat\u00bb global_colors_info=\u00bb{}\u00bb][et_pb_column type=\u00bb1_2&#8243; _builder_version=\u00bb4.16&#8243; custom_padding=\u00bb|||\u00bb global_colors_info=\u00bb{}\u00bb custom_padding__hover=\u00bb|||\u00bb][et_pb_text _builder_version=\u00bb4.16&#8243; global_colors_info=\u00bb{}\u00bb]<\/p>\n<h1 class=\"et_pb_contact_main_title\">Contacta con ADESA<\/h1>\n<p>[\/et_pb_text][et_pb_contact_form email=\u00bbcdadesamalaga@gmail.com\u00bb _builder_version=\u00bb4.16&#8243; _unique_id=\u00bb5c06b667-2e7c-44b2-9846-04eb4aa9d4a3&#8243; saved_tabs=\u00bball\u00bb global_colors_info=\u00bb{}\u00bb][et_pb_contact_field field_id=\u00bbName\u00bb field_title=\u00bbNombre\u00bb _builder_version=\u00bb4.16&#8243; global_colors_info=\u00bb{}\u00bb button_text_size__hover_enabled=\u00bboff\u00bb button_one_text_size__hover_enabled=\u00bboff\u00bb button_two_text_size__hover_enabled=\u00bboff\u00bb button_text_color__hover_enabled=\u00bboff\u00bb button_one_text_color__hover_enabled=\u00bboff\u00bb button_two_text_color__hover_enabled=\u00bboff\u00bb button_border_width__hover_enabled=\u00bboff\u00bb button_one_border_width__hover_enabled=\u00bboff\u00bb button_two_border_width__hover_enabled=\u00bboff\u00bb button_border_color__hover_enabled=\u00bboff\u00bb button_one_border_color__hover_enabled=\u00bboff\u00bb button_two_border_color__hover_enabled=\u00bboff\u00bb button_border_radius__hover_enabled=\u00bboff\u00bb button_one_border_radius__hover_enabled=\u00bboff\u00bb button_two_border_radius__hover_enabled=\u00bboff\u00bb button_letter_spacing__hover_enabled=\u00bboff\u00bb button_one_letter_spacing__hover_enabled=\u00bboff\u00bb button_two_letter_spacing__hover_enabled=\u00bboff\u00bb button_bg_color__hover_enabled=\u00bboff\u00bb button_one_bg_color__hover_enabled=\u00bboff\u00bb button_two_bg_color__hover_enabled=\u00bboff\u00bb][\/et_pb_contact_field][et_pb_contact_field field_id=\u00bbEmail\u00bb field_title=\u00bbDirecci\u00f3n de correo electr\u00f3nico\u00bb field_type=\u00bbemail\u00bb _builder_version=\u00bb4.16&#8243; global_colors_info=\u00bb{}\u00bb button_text_size__hover_enabled=\u00bboff\u00bb button_one_text_size__hover_enabled=\u00bboff\u00bb button_two_text_size__hover_enabled=\u00bboff\u00bb button_text_color__hover_enabled=\u00bboff\u00bb button_one_text_color__hover_enabled=\u00bboff\u00bb button_two_text_color__hover_enabled=\u00bboff\u00bb button_border_width__hover_enabled=\u00bboff\u00bb button_one_border_width__hover_enabled=\u00bboff\u00bb button_two_border_width__hover_enabled=\u00bboff\u00bb button_border_color__hover_enabled=\u00bboff\u00bb button_one_border_color__hover_enabled=\u00bboff\u00bb button_two_border_color__hover_enabled=\u00bboff\u00bb button_border_radius__hover_enabled=\u00bboff\u00bb button_one_border_radius__hover_enabled=\u00bboff\u00bb button_two_border_radius__hover_enabled=\u00bboff\u00bb button_letter_spacing__hover_enabled=\u00bboff\u00bb button_one_letter_spacing__hover_enabled=\u00bboff\u00bb button_two_letter_spacing__hover_enabled=\u00bboff\u00bb button_bg_color__hover_enabled=\u00bboff\u00bb button_one_bg_color__hover_enabled=\u00bboff\u00bb button_two_bg_color__hover_enabled=\u00bboff\u00bb][\/et_pb_contact_field][et_pb_contact_field field_id=\u00bbMessage\u00bb field_title=\u00bbMensaje\u00bb field_type=\u00bbtext\u00bb fullwidth_field=\u00bbon\u00bb _builder_version=\u00bb4.16&#8243; global_colors_info=\u00bb{}\u00bb button_text_size__hover_enabled=\u00bboff\u00bb button_one_text_size__hover_enabled=\u00bboff\u00bb button_two_text_size__hover_enabled=\u00bboff\u00bb button_text_color__hover_enabled=\u00bboff\u00bb button_one_text_color__hover_enabled=\u00bboff\u00bb button_two_text_color__hover_enabled=\u00bboff\u00bb button_border_width__hover_enabled=\u00bboff\u00bb button_one_border_width__hover_enabled=\u00bboff\u00bb button_two_border_width__hover_enabled=\u00bboff\u00bb button_border_color__hover_enabled=\u00bboff\u00bb button_one_border_color__hover_enabled=\u00bboff\u00bb button_two_border_color__hover_enabled=\u00bboff\u00bb button_border_radius__hover_enabled=\u00bboff\u00bb button_one_border_radius__hover_enabled=\u00bboff\u00bb button_two_border_radius__hover_enabled=\u00bboff\u00bb button_letter_spacing__hover_enabled=\u00bboff\u00bb button_one_letter_spacing__hover_enabled=\u00bboff\u00bb button_two_letter_spacing__hover_enabled=\u00bboff\u00bb button_bg_color__hover_enabled=\u00bboff\u00bb button_one_bg_color__hover_enabled=\u00bboff\u00bb button_two_bg_color__hover_enabled=\u00bboff\u00bb][\/et_pb_contact_field][et_pb_contact_field field_id=\u00bbPol\u00edtica_de_privacidad\u00bb field_title=\u00bbAcepto la pol\u00edtica de privacidad del sitio\u00bb field_type=\u00bbcheckbox\u00bb fullwidth_field=\u00bbon\u00bb _builder_version=\u00bb4.16&#8243; form_field_font=\u00bb||||\u00bb use_border_color=\u00bboff\u00bb border_style=\u00bbsolid\u00bb global_colors_info=\u00bb{}\u00bb button_text_size__hover_enabled=\u00bboff\u00bb button_one_text_size__hover_enabled=\u00bboff\u00bb button_two_text_size__hover_enabled=\u00bboff\u00bb button_text_color__hover_enabled=\u00bboff\u00bb button_one_text_color__hover_enabled=\u00bboff\u00bb button_two_text_color__hover_enabled=\u00bboff\u00bb button_border_width__hover_enabled=\u00bboff\u00bb button_one_border_width__hover_enabled=\u00bboff\u00bb button_two_border_width__hover_enabled=\u00bboff\u00bb button_border_color__hover_enabled=\u00bboff\u00bb button_one_border_color__hover_enabled=\u00bboff\u00bb button_two_border_color__hover_enabled=\u00bboff\u00bb button_border_radius__hover_enabled=\u00bboff\u00bb button_one_border_radius__hover_enabled=\u00bboff\u00bb button_two_border_radius__hover_enabled=\u00bboff\u00bb button_letter_spacing__hover_enabled=\u00bboff\u00bb button_one_letter_spacing__hover_enabled=\u00bboff\u00bb button_two_letter_spacing__hover_enabled=\u00bboff\u00bb button_bg_color__hover_enabled=\u00bboff\u00bb button_one_bg_color__hover_enabled=\u00bboff\u00bb button_two_bg_color__hover_enabled=\u00bboff\u00bb][\/et_pb_contact_field][\/et_pb_contact_form][\/et_pb_column][et_pb_column type=\u00bb1_2&#8243; _builder_version=\u00bb4.16&#8243; custom_padding=\u00bb|||\u00bb global_colors_info=\u00bb{}\u00bb custom_padding__hover=\u00bb|||\u00bb][et_pb_divider show_divider=\u00bboff\u00bb _builder_version=\u00bb4.16&#8243; global_colors_info=\u00bb{}\u00bb][\/et_pb_divider][et_pb_gallery gallery_ids=\u00bb5092,5093,5094,5095,5096,5097,5098,5099,5100,5101,5102,5103&#8243; gallery_orderby=\u00bbrand\u00bb fullwidth=\u00bbon\u00bb _builder_version=\u00bb4.16&#8243; auto=\u00bbon\u00bb pagination_font_size_tablet=\u00bb51&#8243; pagination_line_height_tablet=\u00bb2&#8243; global_colors_info=\u00bb{}\u00bb][\/et_pb_gallery][\/et_pb_column][\/et_pb_row][et_pb_row column_structure=\u00bb1_3,1_3,1_3&#8243; _builder_version=\u00bb4.16&#8243; global_colors_info=\u00bb{}\u00bb][et_pb_column type=\u00bb1_3&#8243; _builder_version=\u00bb4.16&#8243; custom_padding=\u00bb|||\u00bb global_colors_info=\u00bb{}\u00bb custom_padding__hover=\u00bb|||\u00bb][et_pb_blurb title=\u00bbC\/ Eduardo Dom\u00ednguez \u00c1vila, 19 M\u00e1laga\u00bb url=\u00bbhttps:\/\/www.google.es\/maps\/place\/Calle+Eduardo+Dom%C3%ADnguez+%C3%81vila,+19,+29014+M%C3%A1laga\/@36.731222,-4.4238126,17z\/data=!4m5!3m4!1s0xd72f7b9c6dd7f5d:0xd2320464490da072!8m2!3d36.731222!4d-4.4216239&#8243; url_new_window=\u00bbon\u00bb use_icon=\u00bbon\u00bb font_icon=\u00bb&#xe01d;||divi||400&#8243; admin_label=\u00bbDirecci\u00f3n\u00bb _builder_version=\u00bb4.16&#8243; header_text_align=\u00bbcenter\u00bb header_font_size=\u00bb16&#8243; body_text_align=\u00bbcenter\u00bb text_orientation=\u00bbcenter\u00bb border_style_top_image=\u00bbsolid\u00bb border_style_right_image=\u00bbsolid\u00bb border_style_bottom_image=\u00bbsolid\u00bb border_style_left_image=\u00bbsolid\u00bb use_circle=\u00bboff\u00bb use_circle_border=\u00bboff\u00bb global_colors_info=\u00bb{}\u00bb][\/et_pb_blurb][\/et_pb_column][et_pb_column type=\u00bb1_3&#8243; _builder_version=\u00bb4.16&#8243; custom_padding=\u00bb|||\u00bb global_colors_info=\u00bb{}\u00bb custom_padding__hover=\u00bb|||\u00bb][et_pb_blurb title=\u00bbcdadesamalaga@gmail.com\u00bb url=\u00bbmailto:cdadesamalaga@gmail.com\u00bb url_new_window=\u00bbon\u00bb use_icon=\u00bbon\u00bb font_icon=\u00bb&#xe010;||divi||400&#8243; admin_label=\u00bbCorreo\u00bb _builder_version=\u00bb4.16&#8243; header_text_align=\u00bbcenter\u00bb header_font_size=\u00bb16&#8243; body_text_align=\u00bbcenter\u00bb text_orientation=\u00bbcenter\u00bb border_style_top_image=\u00bbsolid\u00bb border_style_right_image=\u00bbsolid\u00bb border_style_bottom_image=\u00bbsolid\u00bb border_style_left_image=\u00bbsolid\u00bb use_circle=\u00bboff\u00bb use_circle_border=\u00bboff\u00bb global_colors_info=\u00bb{}\u00bb][\/et_pb_blurb][\/et_pb_column][et_pb_column type=\u00bb1_3&#8243; _builder_version=\u00bb4.16&#8243; custom_padding=\u00bb|||\u00bb global_colors_info=\u00bb{}\u00bb custom_padding__hover=\u00bb|||\u00bb][et_pb_blurb title=\u00bbwww.adesamalaga.com\u00bb url=\u00bbhttp:\/\/www.adesamalaga.com\/\u00bb url_new_window=\u00bbon\u00bb use_icon=\u00bbon\u00bb font_icon=\u00bb&#xe0e3;||divi||400&#8243; admin_label=\u00bbWeb\u00bb _builder_version=\u00bb4.16&#8243; header_text_align=\u00bbcenter\u00bb header_font_size=\u00bb16&#8243; body_text_align=\u00bbcenter\u00bb text_orientation=\u00bbcenter\u00bb border_style_top_image=\u00bbsolid\u00bb border_style_right_image=\u00bbsolid\u00bb border_style_bottom_image=\u00bbsolid\u00bb border_style_left_image=\u00bbsolid\u00bb use_circle=\u00bboff\u00bb use_circle_border=\u00bboff\u00bb global_colors_info=\u00bb{}\u00bb][\/et_pb_blurb][\/et_pb_column][\/et_pb_row][\/et_pb_section]<\/p>\n","protected":false},"excerpt":{"rendered":"<p>ADESA: Asociaci\u00f3n Deportiva Salesiana, con m\u00e1s de 20 a\u00f1os de experiencia en el mundo del baloncesto. Club competitivo a nivel provincial y nacional. M\u00e1s de 40 entrenadores, totalmente voluntarios, trabajan y acompa\u00f1an, desde una clave totalmente salesiana, a unos 300 chicos de entre 3 y 22 a\u00f1os.<\/p>\n","protected":false},"author":2,"featured_media":0,"parent":0,"menu_order":0,"comment_status":"closed","ping_status":"closed","template":"","meta":{"_et_pb_use_builder":"on","_et_pb_old_content":"","_et_gb_content_width":"","footnotes":""},"class_list":["post-4894","page","type-page","status-publish","hentry"],"yoast_head":"<!-- This site is optimized with the Yoast SEO plugin v27.4 - https:\/\/yoast.com\/product\/yoast-seo-wordpress\/ -->\n<title>ADESA | Deporte Educativo | Salesianos M\u00e1laga<\/title>\n<meta name=\"description\" content=\"ADESA: Asociaci\u00f3n Deportiva Salesiana, con m\u00e1s de 20 a\u00f1os de experiencia en el mundo del baloncesto. Club competitivo a nivel provincial y nacional. M\u00e1s de 40 entrenadores, totalmente voluntarios, trabajan y acompa\u00f1an, desde una clave totalmente salesiana, a unos 300 chicos de entre 3 y 22 a\u00f1os.\" \/>\n<meta name=\"robots\" content=\"index, follow, max-snippet:-1, max-image-preview:large, max-video-preview:-1\" \/>\n<link rel=\"canonical\" href=\"https:\/\/malaga.salesianos.edu\/deporte\/adesa\/\" \/>\n<meta property=\"og:locale\" content=\"es_ES\" \/>\n<meta property=\"og:type\" content=\"article\" \/>\n<meta property=\"og:title\" content=\"ADESA | Deporte Educativo | Salesianos M\u00e1laga\" \/>\n<meta property=\"og:description\" content=\"ADESA: Asociaci\u00f3n Deportiva Salesiana, con m\u00e1s de 20 a\u00f1os de experiencia en el mundo del baloncesto. Club competitivo a nivel provincial y nacional. M\u00e1s de 40 entrenadores, totalmente voluntarios, trabajan y acompa\u00f1an, desde una clave totalmente salesiana, a unos 300 chicos de entre 3 y 22 a\u00f1os.\" \/>\n<meta property=\"og:url\" content=\"https:\/\/malaga.salesianos.edu\/deporte\/adesa\/\" \/>\n<meta property=\"og:site_name\" content=\"Deporte Educativo | Salesianos M\u00e1laga\" \/>\n<meta property=\"article:modified_time\" content=\"2022-10-13T20:56:29+00:00\" \/>\n<meta name=\"twitter:card\" content=\"summary_large_image\" \/>\n<meta name=\"twitter:label1\" content=\"Tiempo de lectura\" \/>\n\t<meta name=\"twitter:data1\" content=\"3 minutos\" \/>\n<script type=\"application\/ld+json\" class=\"yoast-schema-graph\">{\"@context\":\"https:\\\/\\\/schema.org\",\"@graph\":[{\"@type\":\"WebPage\",\"@id\":\"https:\\\/\\\/malaga.salesianos.edu\\\/deporte\\\/adesa\\\/\",\"url\":\"https:\\\/\\\/malaga.salesianos.edu\\\/deporte\\\/adesa\\\/\",\"name\":\"ADESA | Deporte Educativo | Salesianos M\u00e1laga\",\"isPartOf\":{\"@id\":\"https:\\\/\\\/malaga.salesianos.edu\\\/deporte\\\/#website\"},\"datePublished\":\"2017-10-27T23:35:53+00:00\",\"dateModified\":\"2022-10-13T20:56:29+00:00\",\"description\":\"ADESA: Asociaci\u00f3n Deportiva Salesiana, con m\u00e1s de 20 a\u00f1os de experiencia en el mundo del baloncesto. Club competitivo a nivel provincial y nacional. M\u00e1s de 40 entrenadores, totalmente voluntarios, trabajan y acompa\u00f1an, desde una clave totalmente salesiana, a unos 300 chicos de entre 3 y 22 a\u00f1os.\",\"breadcrumb\":{\"@id\":\"https:\\\/\\\/malaga.salesianos.edu\\\/deporte\\\/adesa\\\/#breadcrumb\"},\"inLanguage\":\"es\",\"potentialAction\":[{\"@type\":\"ReadAction\",\"target\":[\"https:\\\/\\\/malaga.salesianos.edu\\\/deporte\\\/adesa\\\/\"]}]},{\"@type\":\"BreadcrumbList\",\"@id\":\"https:\\\/\\\/malaga.salesianos.edu\\\/deporte\\\/adesa\\\/#breadcrumb\",\"itemListElement\":[{\"@type\":\"ListItem\",\"position\":1,\"name\":\"Portada\",\"item\":\"https:\\\/\\\/malaga.salesianos.edu\\\/deporte\\\/\"},{\"@type\":\"ListItem\",\"position\":2,\"name\":\"ADESA\"}]},{\"@type\":\"WebSite\",\"@id\":\"https:\\\/\\\/malaga.salesianos.edu\\\/deporte\\\/#website\",\"url\":\"https:\\\/\\\/malaga.salesianos.edu\\\/deporte\\\/\",\"name\":\"Deporte Educativo | Salesianos M\u00e1laga\",\"description\":\"Deporte Educativo | Salesianos M\u00e1laga, ADESA\",\"potentialAction\":[{\"@type\":\"SearchAction\",\"target\":{\"@type\":\"EntryPoint\",\"urlTemplate\":\"https:\\\/\\\/malaga.salesianos.edu\\\/deporte\\\/?s={search_term_string}\"},\"query-input\":{\"@type\":\"PropertyValueSpecification\",\"valueRequired\":true,\"valueName\":\"search_term_string\"}}],\"inLanguage\":\"es\"}]}<\/script>\n<!-- \/ Yoast SEO plugin. -->","yoast_head_json":{"title":"ADESA | Deporte Educativo | Salesianos M\u00e1laga","description":"ADESA: Asociaci\u00f3n Deportiva Salesiana, con m\u00e1s de 20 a\u00f1os de experiencia en el mundo del baloncesto. Club competitivo a nivel provincial y nacional. M\u00e1s de 40 entrenadores, totalmente voluntarios, trabajan y acompa\u00f1an, desde una clave totalmente salesiana, a unos 300 chicos de entre 3 y 22 a\u00f1os.","robots":{"index":"index","follow":"follow","max-snippet":"max-snippet:-1","max-image-preview":"max-image-preview:large","max-video-preview":"max-video-preview:-1"},"canonical":"https:\/\/malaga.salesianos.edu\/deporte\/adesa\/","og_locale":"es_ES","og_type":"article","og_title":"ADESA | Deporte Educativo | Salesianos M\u00e1laga","og_description":"ADESA: Asociaci\u00f3n Deportiva Salesiana, con m\u00e1s de 20 a\u00f1os de experiencia en el mundo del baloncesto. Club competitivo a nivel provincial y nacional. M\u00e1s de 40 entrenadores, totalmente voluntarios, trabajan y acompa\u00f1an, desde una clave totalmente salesiana, a unos 300 chicos de entre 3 y 22 a\u00f1os.","og_url":"https:\/\/malaga.salesianos.edu\/deporte\/adesa\/","og_site_name":"Deporte Educativo | Salesianos M\u00e1laga","article_modified_time":"2022-10-13T20:56:29+00:00","twitter_card":"summary_large_image","twitter_misc":{"Tiempo de lectura":"3 minutos"},"schema":{"@context":"https:\/\/schema.org","@graph":[{"@type":"WebPage","@id":"https:\/\/malaga.salesianos.edu\/deporte\/adesa\/","url":"https:\/\/malaga.salesianos.edu\/deporte\/adesa\/","name":"ADESA | Deporte Educativo | Salesianos M\u00e1laga","isPartOf":{"@id":"https:\/\/malaga.salesianos.edu\/deporte\/#website"},"datePublished":"2017-10-27T23:35:53+00:00","dateModified":"2022-10-13T20:56:29+00:00","description":"ADESA: Asociaci\u00f3n Deportiva Salesiana, con m\u00e1s de 20 a\u00f1os de experiencia en el mundo del baloncesto. Club competitivo a nivel provincial y nacional. M\u00e1s de 40 entrenadores, totalmente voluntarios, trabajan y acompa\u00f1an, desde una clave totalmente salesiana, a unos 300 chicos de entre 3 y 22 a\u00f1os.","breadcrumb":{"@id":"https:\/\/malaga.salesianos.edu\/deporte\/adesa\/#breadcrumb"},"inLanguage":"es","potentialAction":[{"@type":"ReadAction","target":["https:\/\/malaga.salesianos.edu\/deporte\/adesa\/"]}]},{"@type":"BreadcrumbList","@id":"https:\/\/malaga.salesianos.edu\/deporte\/adesa\/#breadcrumb","itemListElement":[{"@type":"ListItem","position":1,"name":"Portada","item":"https:\/\/malaga.salesianos.edu\/deporte\/"},{"@type":"ListItem","position":2,"name":"ADESA"}]},{"@type":"WebSite","@id":"https:\/\/malaga.salesianos.edu\/deporte\/#website","url":"https:\/\/malaga.salesianos.edu\/deporte\/","name":"Deporte Educativo | Salesianos M\u00e1laga","description":"Deporte Educativo | Salesianos M\u00e1laga, ADESA","potentialAction":[{"@type":"SearchAction","target":{"@type":"EntryPoint","urlTemplate":"https:\/\/malaga.salesianos.edu\/deporte\/?s={search_term_string}"},"query-input":{"@type":"PropertyValueSpecification","valueRequired":true,"valueName":"search_term_string"}}],"inLanguage":"es"}]}},"_links":{"self":[{"href":"https:\/\/malaga.salesianos.edu\/deporte\/wp-json\/wp\/v2\/pages\/4894","targetHints":{"allow":["GET"]}}],"collection":[{"href":"https:\/\/malaga.salesianos.edu\/deporte\/wp-json\/wp\/v2\/pages"}],"about":[{"href":"https:\/\/malaga.salesianos.edu\/deporte\/wp-json\/wp\/v2\/types\/page"}],"author":[{"embeddable":true,"href":"https:\/\/malaga.salesianos.edu\/deporte\/wp-json\/wp\/v2\/users\/2"}],"replies":[{"embeddable":true,"href":"https:\/\/malaga.salesianos.edu\/deporte\/wp-json\/wp\/v2\/comments?post=4894"}],"version-history":[{"count":26,"href":"https:\/\/malaga.salesianos.edu\/deporte\/wp-json\/wp\/v2\/pages\/4894\/revisions"}],"predecessor-version":[{"id":21384,"href":"https:\/\/malaga.salesianos.edu\/deporte\/wp-json\/wp\/v2\/pages\/4894\/revisions\/21384"}],"wp:attachment":[{"href":"https:\/\/malaga.salesianos.edu\/deporte\/wp-json\/wp\/v2\/media?parent=4894"}],"curies":[{"name":"wp","href":"https:\/\/api.w.org\/{rel}","templated":true}]}}