{"id":89865,"date":"2024-05-14T19:41:53","date_gmt":"2024-05-14T17:41:53","guid":{"rendered":"https:\/\/malaga.salesianos.edu\/colegio\/?page_id=89865"},"modified":"2025-06-15T17:40:01","modified_gmt":"2025-06-15T15:40:01","slug":"matriculacion-secretaria-virtual","status":"publish","type":"page","link":"https:\/\/malaga.salesianos.edu\/colegio\/matriculacion-secretaria-virtual\/","title":{"rendered":"Matriculaci\u00f3n: Secretar\u00eda Virtual"},"content":{"rendered":"<p>[et_pb_section fb_built=\u00bb1&#8243; fullwidth=\u00bbon\u00bb _builder_version=\u00bb4.16&#8243; locked=\u00bboff\u00bb global_colors_info=\u00bb{}\u00bb][et_pb_fullwidth_header title=\u00bbMatriculaci\u00f3n: Secretar\u00eda Virtual\u00bb title_font_color=\u00bb#ffffff\u00bb module_class=\u00bbpagina-imagen-cabecera\u00bb _builder_version=\u00bb4.25.0&#8243; title_font_size=\u00bb40px\u00bb background_color=\u00bbrgba(255, 255, 255, 0)\u00bb background_image=\u00bbhttps:\/\/malaga.salesianos.edu\/colegio\/wp-content\/uploads\/sites\/2\/2024\/05\/pexels-pixabay-159497.jpg\u00bb background_position=\u00bbbottom_center\u00bb background_layout=\u00bblight\u00bb max_width_tablet=\u00bb50px\u00bb background_url=\u00bbhttps:\/\/alicante.salesianos.edu\/colegio\/wp-content\/uploads\/sites\/2\/2017\/03\/Captura-de-pantalla-2017-04-12-a-las-22.32.46.png\u00bb global_colors_info=\u00bb{}\u00bb button_one_text_size__hover_enabled=\u00bboff\u00bb button_two_text_size__hover_enabled=\u00bboff\u00bb button_one_text_color__hover_enabled=\u00bboff\u00bb button_two_text_color__hover_enabled=\u00bboff\u00bb button_one_border_width__hover_enabled=\u00bboff\u00bb button_two_border_width__hover_enabled=\u00bboff\u00bb button_one_border_color__hover_enabled=\u00bboff\u00bb button_two_border_color__hover_enabled=\u00bboff\u00bb button_one_border_radius__hover_enabled=\u00bboff\u00bb button_two_border_radius__hover_enabled=\u00bboff\u00bb button_one_letter_spacing__hover_enabled=\u00bboff\u00bb button_two_letter_spacing__hover_enabled=\u00bboff\u00bb button_one_bg_color__hover_enabled=\u00bboff\u00bb button_two_bg_color__hover_enabled=\u00bboff\u00bb][\/et_pb_fullwidth_header][\/et_pb_section][et_pb_section fb_built=\u00bb1&#8243; _builder_version=\u00bb4.25.0&#8243; _module_preset=\u00bbdefault\u00bb global_colors_info=\u00bb{}\u00bb][et_pb_row _builder_version=\u00bb4.25.0&#8243; _module_preset=\u00bbdefault\u00bb global_colors_info=\u00bb{}\u00bb][et_pb_column type=\u00bb4_4&#8243; _builder_version=\u00bb4.25.0&#8243; _module_preset=\u00bbdefault\u00bb global_colors_info=\u00bb{}\u00bb][et_pb_heading title=\u00bbInformaci\u00f3n del proceso de Matriculaci\u00f3n Virtual para el Curso 2025\/2026&#8243; _builder_version=\u00bb4.27.4&#8243; _module_preset=\u00bbdefault\u00bb title_text_align=\u00bbcenter\u00bb global_colors_info=\u00bb{}\u00bb][\/et_pb_heading][\/et_pb_column][\/et_pb_row][et_pb_row column_structure=\u00bb1_2,1_2&#8243; _builder_version=\u00bb4.25.0&#8243; _module_preset=\u00bbdefault\u00bb global_colors_info=\u00bb{}\u00bb][et_pb_column type=\u00bb1_2&#8243; _builder_version=\u00bb4.25.0&#8243; _module_preset=\u00bbdefault\u00bb global_colors_info=\u00bb{}\u00bb][et_pb_image src=\u00bbhttps:\/\/malaga.salesianos.edu\/colegio\/wp-content\/uploads\/sites\/2\/2024\/05\/Clipped_image_20240514_184018.png\u00bb title_text=\u00bbClipped_image_20240514_184018&#8243; url=\u00bbhttps:\/\/www.matriculavirtual.com\/mvmalaga\u00bb url_new_window=\u00bbon\u00bb _builder_version=\u00bb4.27.4&#8243; _module_preset=\u00bbdefault\u00bb background_color=\u00bbRGBA(255,255,255,0)\u00bb width=\u00bb33%\u00bb module_alignment=\u00bbcenter\u00bb animation_style=\u00bbslide\u00bb border_radii=\u00bbon|20px|20px|20px|20px\u00bb global_colors_info=\u00bb{}\u00bb][\/et_pb_image][\/et_pb_column][et_pb_column type=\u00bb1_2&#8243; _builder_version=\u00bb4.25.0&#8243; _module_preset=\u00bbdefault\u00bb global_colors_info=\u00bb{}\u00bb][et_pb_text admin_label=\u00bbTexto\u00bb _builder_version=\u00bb4.27.4&#8243; _module_preset=\u00bbdefault\u00bb text_font_size=\u00bb16px\u00bb text_orientation=\u00bbjustified\u00bb width=\u00bb100%\u00bb max_width=\u00bb100%\u00bb module_alignment=\u00bbcenter\u00bb global_colors_info=\u00bb{}\u00bb]<\/p>\n<p>&nbsp;<\/p>\n<p>Estimadas familias:<\/p>\n<p>Ante todo, darles la bienvenida a nuestro centro e informarles de que este a\u00f1o, el procedimiento de matriculaci\u00f3n se realizar\u00e1 a trav\u00e9s de nuestra\u00a0<a href=\"https:\/\/www.matriculavirtual.com\/mvmalaga\" target=\"_blank\" rel=\"noopener\"><strong>Secretar\u00eda Virtual<\/strong><\/a>.\u00a0 Con la finalidad de facilitarles este proceso, le facilitamos el siguiente manual donde encontrar\u00e1n una explicaci\u00f3n muy detallada y con im\u00e1genes de c\u00f3mo proceder.<\/p>\n<p>[\/et_pb_text][\/et_pb_column][\/et_pb_row][et_pb_row column_structure=\u00bb1_2,1_2&#8243; _builder_version=\u00bb4.25.0&#8243; _module_preset=\u00bbdefault\u00bb global_colors_info=\u00bb{}\u00bb][et_pb_column type=\u00bb1_2&#8243; _builder_version=\u00bb4.25.0&#8243; _module_preset=\u00bbdefault\u00bb global_colors_info=\u00bb{}\u00bb][et_pb_heading title=\u00bbManual para Matriculaci\u00f3n Online\u00bb _builder_version=\u00bb4.25.0&#8243; _module_preset=\u00bbdefault\u00bb title_text_align=\u00bbcenter\u00bb global_colors_info=\u00bb{}\u00bb][\/et_pb_heading][et_pb_code admin_label=\u00bbC\u00f3digo Manual Matriculaci\u00f3n Online\u00bb _builder_version=\u00bb4.27.4&#8243; _module_preset=\u00bbdefault\u00bb locked=\u00bboff\u00bb global_colors_info=\u00bb{}\u00bb]<iframe loading=\"lazy\" src=\"https:\/\/malaga.salesianos.edu\/wp-content\/uploads\/2025\/05\/Manual_Inscribere_MV_Padres-2025-26.pdf\" height=\"823px\" width=\"100%\"><\/iframe>[\/et_pb_code][et_pb_cta title=\u00bbManual para Matriculaci\u00f3n Online\u00bb button_url=\u00bbhttps:\/\/malaga.salesianos.edu\/wp-content\/uploads\/2025\/05\/Manual_Inscribere_MV_Padres-2025-26.pdf\u00bb url_new_window=\u00bbon\u00bb button_text=\u00bbDescargar Manual\u00bb _builder_version=\u00bb4.27.4&#8243; _module_preset=\u00bbdefault\u00bb header_font_size=\u00bb30px\u00bb background_enable_color=\u00bboff\u00bb background_image=\u00bbhttps:\/\/malaga.salesianos.edu\/colegio\/wp-content\/uploads\/sites\/2\/2024\/05\/pexels-pixabay-159497.jpg\u00bb custom_button=\u00bbon\u00bb button_text_size=\u00bb22px\u00bb button_border_radius=\u00bb16px\u00bb button_alignment=\u00bbcenter\u00bb width=\u00bb100%\u00bb module_alignment=\u00bbcenter\u00bb header_text_shadow_style=\u00bbpreset5&#8243; body_text_shadow_style=\u00bbpreset5&#8243; border_radii=\u00bbon|20px|20px|20px|20px\u00bb button_text_shadow_style=\u00bbpreset5&#8243; global_colors_info=\u00bb{}\u00bb][\/et_pb_cta][\/et_pb_column][et_pb_column type=\u00bb1_2&#8243; _builder_version=\u00bb4.25.0&#8243; _module_preset=\u00bbdefault\u00bb global_colors_info=\u00bb{}\u00bb][et_pb_heading title=\u00bbFechas del Proceso de Matriculaci\u00f3n\u00bb _builder_version=\u00bb4.25.0&#8243; _module_preset=\u00bbdefault\u00bb title_text_align=\u00bbcenter\u00bb global_colors_info=\u00bb{}\u00bb][\/et_pb_heading][et_pb_cta title=\u00bbEducaci\u00f3n Infantil y Primaria\u00bb button_url=\u00bbhttps:\/\/www.matriculavirtual.com\/mvmalaga\u00bb url_new_window=\u00bbon\u00bb button_text=\u00bbMatricular\u00bb admin_label=\u00bbInfantil y Primaria\u00bb _builder_version=\u00bb4.27.4&#8243; _module_preset=\u00bbdefault\u00bb header_font_size=\u00bb30px\u00bb body_font_size=\u00bb22px\u00bb background_image=\u00bbhttps:\/\/malaga.salesianos.edu\/colegio\/wp-content\/uploads\/sites\/2\/2024\/05\/pexels-kseniachernaya-8535230-scaled.jpg\u00bb custom_button=\u00bbon\u00bb button_text_size=\u00bb22px\u00bb button_border_radius=\u00bb16px\u00bb button_alignment=\u00bbcenter\u00bb header_text_shadow_style=\u00bbpreset5&#8243; body_text_shadow_style=\u00bbpreset5&#8243; border_radii=\u00bbon|20px|20px|20px|20px\u00bb button_text_shadow_style=\u00bbpreset5&#8243; text_shadow_style=\u00bbpreset5&#8243; global_colors_info=\u00bb{}\u00bb]<\/p>\n<p><strong>Del 1 al 9 de Junio (Ambos Inclusive)<\/strong><\/p>\n<p>[\/et_pb_cta][et_pb_cta title=\u00bbEducaci\u00f3n Secundaria\u00bb button_url=\u00bbhttps:\/\/www.matriculavirtual.com\/mvmalaga\u00bb url_new_window=\u00bbon\u00bb button_text=\u00bbMatricular\u00bb admin_label=\u00bbESO\u00bb _builder_version=\u00bb4.27.4&#8243; _module_preset=\u00bbdefault\u00bb header_font_size=\u00bb30px\u00bb body_font_size=\u00bb22px\u00bb background_image=\u00bbhttps:\/\/malaga.salesianos.edu\/colegio\/wp-content\/uploads\/sites\/2\/2024\/05\/pexels-max-fischer-5212695-scaled.jpg\u00bb background_position=\u00bbtop_center\u00bb custom_button=\u00bbon\u00bb button_text_size=\u00bb22px\u00bb button_border_radius=\u00bb16px\u00bb button_alignment=\u00bbcenter\u00bb header_text_shadow_style=\u00bbpreset5&#8243; body_text_shadow_style=\u00bbpreset5&#8243; border_radii=\u00bbon|20px|20px|20px|20px\u00bb button_text_shadow_style=\u00bbpreset5&#8243; text_shadow_style=\u00bbpreset5&#8243; global_colors_info=\u00bb{}\u00bb]<\/p>\n<p><strong>Del 1 al 10 de Julio<\/strong><\/p>\n<p>[\/et_pb_cta][et_pb_cta title=\u00bbBachillerato\u00bb button_url=\u00bbhttps:\/\/www.matriculavirtual.com\/mvmalaga\u00bb url_new_window=\u00bbon\u00bb button_text=\u00bbMatricular\u00bb admin_label=\u00bbBachillerato\u00bb _builder_version=\u00bb4.27.4&#8243; _module_preset=\u00bbdefault\u00bb header_font_size=\u00bb30px\u00bb body_font_size=\u00bb22px\u00bb background_image=\u00bbhttps:\/\/malaga.salesianos.edu\/colegio\/wp-content\/uploads\/sites\/2\/2024\/05\/pexels-emily-ranquist-493228-1205651-scaled.jpg\u00bb custom_button=\u00bbon\u00bb button_text_size=\u00bb22px\u00bb button_border_radius=\u00bb16px\u00bb button_alignment=\u00bbcenter\u00bb header_text_shadow_style=\u00bbpreset5&#8243; body_text_shadow_style=\u00bbpreset5&#8243; border_radii=\u00bbon|20px|20px|20px|20px\u00bb button_text_shadow_style=\u00bbpreset5&#8243; text_shadow_style=\u00bbpreset5&#8243; global_colors_info=\u00bb{}\u00bb]<\/p>\n<p><strong>Del 1 al 10 de Julio<\/strong><\/p>\n<p>[\/et_pb_cta][et_pb_cta title=\u00bbCiclos Formativos\u00bb button_url=\u00bbhttps:\/\/www.matriculavirtual.com\/mvmalaga\u00bb url_new_window=\u00bbon\u00bb button_text=\u00bbMatricular\u00bb admin_label=\u00bbCiclos Formativos\u00bb _builder_version=\u00bb4.27.4&#8243; _module_preset=\u00bbdefault\u00bb header_font_size=\u00bb30px\u00bb body_font_size=\u00bb22px\u00bb background_image=\u00bbhttps:\/\/malaga.salesianos.edu\/colegio\/wp-content\/uploads\/sites\/2\/2024\/05\/pexels-sora-shimazaki-5673503-scaled.jpg\u00bb custom_button=\u00bbon\u00bb button_text_size=\u00bb22px\u00bb button_border_radius=\u00bb16px\u00bb button_alignment=\u00bbcenter\u00bb hover_enabled=\u00bb0&#8243; header_text_shadow_style=\u00bbpreset5&#8243; body_text_shadow_style=\u00bbpreset5&#8243; border_radii=\u00bbon|20px|20px|20px|20px\u00bb button_text_shadow_style=\u00bbpreset5&#8243; text_shadow_style=\u00bbpreset5&#8243; global_colors_info=\u00bb{}\u00bb sticky_enabled=\u00bb0&#8243;]<\/p>\n<p><strong>Alumnado del centro: del 25 al 30 de Junio<br \/>Alumnado nuevo ingreso: 1\u00aa Adjudicaci\u00f3n 11-16 de julio. 2\u00aa Adjudicaci\u00f3n: 22-24 de julio<\/strong><\/p>\n<p>[\/et_pb_cta][\/et_pb_column][\/et_pb_row][et_pb_row _builder_version=\u00bb4.25.0&#8243; _module_preset=\u00bbdefault\u00bb global_colors_info=\u00bb{}\u00bb][et_pb_column type=\u00bb4_4&#8243; _builder_version=\u00bb4.25.0&#8243; _module_preset=\u00bbdefault\u00bb global_colors_info=\u00bb{}\u00bb][et_pb_blurb title=\u00bbDocumentaci\u00f3n a tener en cuenta para comenzar el proceso de matriculaci\u00f3n:\u00bb content_max_width=\u00bb660px\u00bb _builder_version=\u00bb4.25.0&#8243; _module_preset=\u00bbdefault\u00bb header_font_size=\u00bb17px\u00bb body_font_size=\u00bb16px\u00bb module_alignment=\u00bbcenter\u00bb global_colors_info=\u00bb{}\u00bb]<\/p>\n<ul>\n<li>DNI\/NIE\/Pasaporte o Libro de familia del alumno\/a<\/li>\n<li>DNI\/NIE\/Pasaporte padre\/madre\/tutor\/a (AMBOS)<\/li>\n<li>Una Fotograf\u00eda tama\u00f1o carnet<\/li>\n<li>Certificado del t\u00edtulo de ESO <strong>(SOLO ALUMNOS NUEVOS)<\/strong><\/li>\n<\/ul>\n<p>[\/et_pb_blurb][\/et_pb_column][\/et_pb_row][et_pb_row _builder_version=\u00bb4.25.0&#8243; _module_preset=\u00bbdefault\u00bb global_colors_info=\u00bb{}\u00bb][et_pb_column type=\u00bb4_4&#8243; _builder_version=\u00bb4.25.0&#8243; _module_preset=\u00bbdefault\u00bb global_colors_info=\u00bb{}\u00bb][et_pb_blog fullwidth=\u00bboff\u00bb posts_number=\u00bb3&#8243; include_categories=\u00bball\u00bb _builder_version=\u00bb4.25.0&#8243; _module_preset=\u00bbdefault\u00bb global_colors_info=\u00bb{}\u00bb][\/et_pb_blog][\/et_pb_column][\/et_pb_row][\/et_pb_section]<\/p>\n","protected":false},"excerpt":{"rendered":"<p>&nbsp; Estimadas familias: Ante todo, darles la bienvenida a nuestro centro e informarles de que este a\u00f1o, el procedimiento de matriculaci\u00f3n se realizar\u00e1 a trav\u00e9s de nuestra\u00a0Secretar\u00eda Virtual.\u00a0 Con la finalidad de facilitarles este proceso, le facilitamos el siguiente manual donde encontrar\u00e1n una explicaci\u00f3n muy detallada y con im\u00e1genes de c\u00f3mo proceder.Del 1 al 9 [&hellip;]<\/p>\n","protected":false},"author":2,"featured_media":0,"parent":0,"menu_order":0,"comment_status":"closed","ping_status":"closed","template":"","meta":{"_et_pb_use_builder":"on","_et_pb_old_content":"","_et_gb_content_width":"","footnotes":""},"class_list":["post-89865","page","type-page","status-publish","hentry"],"yoast_head":"<!-- This site is optimized with the Yoast SEO plugin v27.4 - https:\/\/yoast.com\/product\/yoast-seo-wordpress\/ -->\n<title>Matriculaci\u00f3n: Secretar\u00eda Virtual - Colegio Concertado San Bartolom\u00e9 | Salesianos M\u00e1laga<\/title>\n<meta name=\"robots\" content=\"index, follow, max-snippet:-1, max-image-preview:large, max-video-preview:-1\" \/>\n<link rel=\"canonical\" href=\"https:\/\/malaga.salesianos.edu\/colegio\/matriculacion-secretaria-virtual\/\" \/>\n<meta property=\"og:locale\" content=\"es_ES\" \/>\n<meta property=\"og:type\" content=\"article\" \/>\n<meta property=\"og:title\" content=\"Matriculaci\u00f3n: Secretar\u00eda Virtual - Colegio Concertado San Bartolom\u00e9 | Salesianos M\u00e1laga\" \/>\n<meta property=\"og:description\" content=\"&nbsp; Estimadas familias: Ante todo, darles la bienvenida a nuestro centro e informarles de que este a\u00f1o, el procedimiento de matriculaci\u00f3n se realizar\u00e1 a trav\u00e9s de nuestra\u00a0Secretar\u00eda Virtual.\u00a0 Con la finalidad de facilitarles este proceso, le facilitamos el siguiente manual donde encontrar\u00e1n una explicaci\u00f3n muy detallada y con im\u00e1genes de c\u00f3mo proceder.Del 1 al 9 [&hellip;]\" \/>\n<meta property=\"og:url\" content=\"https:\/\/malaga.salesianos.edu\/colegio\/matriculacion-secretaria-virtual\/\" \/>\n<meta property=\"og:site_name\" content=\"Colegio Concertado San Bartolom\u00e9 | Salesianos M\u00e1laga\" \/>\n<meta property=\"article:modified_time\" content=\"2025-06-15T15:40:01+00:00\" \/>\n<meta name=\"twitter:card\" content=\"summary_large_image\" \/>\n<meta name=\"twitter:label1\" content=\"Tiempo de lectura\" \/>\n\t<meta name=\"twitter:data1\" content=\"3 minutos\" \/>\n<script type=\"application\/ld+json\" class=\"yoast-schema-graph\">{\"@context\":\"https:\\\/\\\/schema.org\",\"@graph\":[{\"@type\":\"WebPage\",\"@id\":\"https:\\\/\\\/malaga.salesianos.edu\\\/colegio\\\/matriculacion-secretaria-virtual\\\/\",\"url\":\"https:\\\/\\\/malaga.salesianos.edu\\\/colegio\\\/matriculacion-secretaria-virtual\\\/\",\"name\":\"Matriculaci\u00f3n: Secretar\u00eda Virtual - Colegio Concertado San Bartolom\u00e9 | Salesianos M\u00e1laga\",\"isPartOf\":{\"@id\":\"https:\\\/\\\/malaga.salesianos.edu\\\/colegio\\\/#website\"},\"datePublished\":\"2024-05-14T17:41:53+00:00\",\"dateModified\":\"2025-06-15T15:40:01+00:00\",\"breadcrumb\":{\"@id\":\"https:\\\/\\\/malaga.salesianos.edu\\\/colegio\\\/matriculacion-secretaria-virtual\\\/#breadcrumb\"},\"inLanguage\":\"es\",\"potentialAction\":[{\"@type\":\"ReadAction\",\"target\":[\"https:\\\/\\\/malaga.salesianos.edu\\\/colegio\\\/matriculacion-secretaria-virtual\\\/\"]}]},{\"@type\":\"BreadcrumbList\",\"@id\":\"https:\\\/\\\/malaga.salesianos.edu\\\/colegio\\\/matriculacion-secretaria-virtual\\\/#breadcrumb\",\"itemListElement\":[{\"@type\":\"ListItem\",\"position\":1,\"name\":\"Portada\",\"item\":\"https:\\\/\\\/malaga.salesianos.edu\\\/colegio\\\/\"},{\"@type\":\"ListItem\",\"position\":2,\"name\":\"Matriculaci\u00f3n: Secretar\u00eda Virtual\"}]},{\"@type\":\"WebSite\",\"@id\":\"https:\\\/\\\/malaga.salesianos.edu\\\/colegio\\\/#website\",\"url\":\"https:\\\/\\\/malaga.salesianos.edu\\\/colegio\\\/\",\"name\":\"Colegio Concertado San Bartolom\u00e9 | Salesianos M\u00e1laga\",\"description\":\"Centro concertado. Infantil, Primaria, ESO, Bachillerato, Formaci\u00f3n Profesional, Formaci\u00f3n Profesional B\u00e1sica (FPB) y Ciclos Formativos de Grado Medio y Superior.\",\"publisher\":{\"@id\":\"https:\\\/\\\/malaga.salesianos.edu\\\/colegio\\\/#organization\"},\"potentialAction\":[{\"@type\":\"SearchAction\",\"target\":{\"@type\":\"EntryPoint\",\"urlTemplate\":\"https:\\\/\\\/malaga.salesianos.edu\\\/colegio\\\/?s={search_term_string}\"},\"query-input\":{\"@type\":\"PropertyValueSpecification\",\"valueRequired\":true,\"valueName\":\"search_term_string\"}}],\"inLanguage\":\"es\"},{\"@type\":\"Organization\",\"@id\":\"https:\\\/\\\/malaga.salesianos.edu\\\/colegio\\\/#organization\",\"name\":\"Salesianos M\u00e1laga\",\"url\":\"https:\\\/\\\/malaga.salesianos.edu\\\/colegio\\\/\",\"logo\":{\"@type\":\"ImageObject\",\"inLanguage\":\"es\",\"@id\":\"https:\\\/\\\/malaga.salesianos.edu\\\/colegio\\\/#\\\/schema\\\/logo\\\/image\\\/\",\"url\":\"https:\\\/\\\/malaga.salesianos.edu\\\/colegio\\\/wp-content\\\/uploads\\\/sites\\\/2\\\/2018\\\/04\\\/MALAGAobraVN2.jpg\",\"contentUrl\":\"https:\\\/\\\/malaga.salesianos.edu\\\/colegio\\\/wp-content\\\/uploads\\\/sites\\\/2\\\/2018\\\/04\\\/MALAGAobraVN2.jpg\",\"width\":1937,\"height\":1490,\"caption\":\"Salesianos M\u00e1laga\"},\"image\":{\"@id\":\"https:\\\/\\\/malaga.salesianos.edu\\\/colegio\\\/#\\\/schema\\\/logo\\\/image\\\/\"}}]}<\/script>\n<!-- \/ Yoast SEO plugin. -->","yoast_head_json":{"title":"Matriculaci\u00f3n: Secretar\u00eda Virtual - Colegio Concertado San Bartolom\u00e9 | Salesianos M\u00e1laga","robots":{"index":"index","follow":"follow","max-snippet":"max-snippet:-1","max-image-preview":"max-image-preview:large","max-video-preview":"max-video-preview:-1"},"canonical":"https:\/\/malaga.salesianos.edu\/colegio\/matriculacion-secretaria-virtual\/","og_locale":"es_ES","og_type":"article","og_title":"Matriculaci\u00f3n: Secretar\u00eda Virtual - Colegio Concertado San Bartolom\u00e9 | Salesianos M\u00e1laga","og_description":"&nbsp; Estimadas familias: Ante todo, darles la bienvenida a nuestro centro e informarles de que este a\u00f1o, el procedimiento de matriculaci\u00f3n se realizar\u00e1 a trav\u00e9s de nuestra\u00a0Secretar\u00eda Virtual.\u00a0 Con la finalidad de facilitarles este proceso, le facilitamos el siguiente manual donde encontrar\u00e1n una explicaci\u00f3n muy detallada y con im\u00e1genes de c\u00f3mo proceder.Del 1 al 9 [&hellip;]","og_url":"https:\/\/malaga.salesianos.edu\/colegio\/matriculacion-secretaria-virtual\/","og_site_name":"Colegio Concertado San Bartolom\u00e9 | Salesianos M\u00e1laga","article_modified_time":"2025-06-15T15:40:01+00:00","twitter_card":"summary_large_image","twitter_misc":{"Tiempo de lectura":"3 minutos"},"schema":{"@context":"https:\/\/schema.org","@graph":[{"@type":"WebPage","@id":"https:\/\/malaga.salesianos.edu\/colegio\/matriculacion-secretaria-virtual\/","url":"https:\/\/malaga.salesianos.edu\/colegio\/matriculacion-secretaria-virtual\/","name":"Matriculaci\u00f3n: Secretar\u00eda Virtual - Colegio Concertado San Bartolom\u00e9 | Salesianos M\u00e1laga","isPartOf":{"@id":"https:\/\/malaga.salesianos.edu\/colegio\/#website"},"datePublished":"2024-05-14T17:41:53+00:00","dateModified":"2025-06-15T15:40:01+00:00","breadcrumb":{"@id":"https:\/\/malaga.salesianos.edu\/colegio\/matriculacion-secretaria-virtual\/#breadcrumb"},"inLanguage":"es","potentialAction":[{"@type":"ReadAction","target":["https:\/\/malaga.salesianos.edu\/colegio\/matriculacion-secretaria-virtual\/"]}]},{"@type":"BreadcrumbList","@id":"https:\/\/malaga.salesianos.edu\/colegio\/matriculacion-secretaria-virtual\/#breadcrumb","itemListElement":[{"@type":"ListItem","position":1,"name":"Portada","item":"https:\/\/malaga.salesianos.edu\/colegio\/"},{"@type":"ListItem","position":2,"name":"Matriculaci\u00f3n: Secretar\u00eda Virtual"}]},{"@type":"WebSite","@id":"https:\/\/malaga.salesianos.edu\/colegio\/#website","url":"https:\/\/malaga.salesianos.edu\/colegio\/","name":"Colegio Concertado San Bartolom\u00e9 | Salesianos M\u00e1laga","description":"Centro concertado. Infantil, Primaria, ESO, Bachillerato, Formaci\u00f3n Profesional, Formaci\u00f3n Profesional B\u00e1sica (FPB) y Ciclos Formativos de Grado Medio y Superior.","publisher":{"@id":"https:\/\/malaga.salesianos.edu\/colegio\/#organization"},"potentialAction":[{"@type":"SearchAction","target":{"@type":"EntryPoint","urlTemplate":"https:\/\/malaga.salesianos.edu\/colegio\/?s={search_term_string}"},"query-input":{"@type":"PropertyValueSpecification","valueRequired":true,"valueName":"search_term_string"}}],"inLanguage":"es"},{"@type":"Organization","@id":"https:\/\/malaga.salesianos.edu\/colegio\/#organization","name":"Salesianos M\u00e1laga","url":"https:\/\/malaga.salesianos.edu\/colegio\/","logo":{"@type":"ImageObject","inLanguage":"es","@id":"https:\/\/malaga.salesianos.edu\/colegio\/#\/schema\/logo\/image\/","url":"https:\/\/malaga.salesianos.edu\/colegio\/wp-content\/uploads\/sites\/2\/2018\/04\/MALAGAobraVN2.jpg","contentUrl":"https:\/\/malaga.salesianos.edu\/colegio\/wp-content\/uploads\/sites\/2\/2018\/04\/MALAGAobraVN2.jpg","width":1937,"height":1490,"caption":"Salesianos M\u00e1laga"},"image":{"@id":"https:\/\/malaga.salesianos.edu\/colegio\/#\/schema\/logo\/image\/"}}]}},"_links":{"self":[{"href":"https:\/\/malaga.salesianos.edu\/colegio\/wp-json\/wp\/v2\/pages\/89865","targetHints":{"allow":["GET"]}}],"collection":[{"href":"https:\/\/malaga.salesianos.edu\/colegio\/wp-json\/wp\/v2\/pages"}],"about":[{"href":"https:\/\/malaga.salesianos.edu\/colegio\/wp-json\/wp\/v2\/types\/page"}],"author":[{"embeddable":true,"href":"https:\/\/malaga.salesianos.edu\/colegio\/wp-json\/wp\/v2\/users\/2"}],"replies":[{"embeddable":true,"href":"https:\/\/malaga.salesianos.edu\/colegio\/wp-json\/wp\/v2\/comments?post=89865"}],"version-history":[{"count":13,"href":"https:\/\/malaga.salesianos.edu\/colegio\/wp-json\/wp\/v2\/pages\/89865\/revisions"}],"predecessor-version":[{"id":90338,"href":"https:\/\/malaga.salesianos.edu\/colegio\/wp-json\/wp\/v2\/pages\/89865\/revisions\/90338"}],"wp:attachment":[{"href":"https:\/\/malaga.salesianos.edu\/colegio\/wp-json\/wp\/v2\/media?parent=89865"}],"curies":[{"name":"wp","href":"https:\/\/api.w.org\/{rel}","templated":true}]}}