{"id":1598,"date":"2017-04-04T00:31:55","date_gmt":"2017-04-03T22:31:55","guid":{"rendered":"https:\/\/malaga.salesianos.edu\/colegio\/?page_id=1598"},"modified":"2026-04-07T08:02:23","modified_gmt":"2026-04-07T06:02:23","slug":"buenos-dias","status":"publish","type":"page","link":"https:\/\/malaga.salesianos.edu\/colegio\/buenos-dias\/","title":{"rendered":"Recursos de Pastoral"},"content":{"rendered":"<p>[et_pb_section fb_built=\u00bb1&#8243; fullwidth=\u00bbon\u00bb _builder_version=\u00bb4.16&#8243; transparent_background=\u00bboff\u00bb make_fullwidth=\u00bboff\u00bb use_custom_width=\u00bboff\u00bb width_unit=\u00bbon\u00bb global_colors_info=\u00bb{}\u00bb][et_pb_fullwidth_header title=\u00bbPastoral Escolar\u00bb module_class=\u00bbpagina-imagen-cabecera\u00bb _builder_version=\u00bb4.20.0&#8243; title_text_color=\u00bb#ffffff\u00bb title_font_size=\u00bb40px\u00bb background_color=\u00bbrgba(255, 255, 255, 0)\u00bb background_image=\u00bbhttps:\/\/malaga.salesianos.edu\/colegio\/wp-content\/uploads\/sites\/2\/2017\/04\/buenos_dias.jpg\u00bb background_blend=\u00bbsoft-light\u00bb background_layout=\u00bblight\u00bb max_width_tablet=\u00bb50px\u00bb saved_tabs=\u00bball\u00bb global_colors_info=\u00bb{}\u00bb button_one_text_size__hover_enabled=\u00bboff\u00bb button_one_text_size__hover=\u00bbnull\u00bb button_two_text_size__hover_enabled=\u00bboff\u00bb button_two_text_size__hover=\u00bbnull\u00bb button_one_text_color__hover_enabled=\u00bboff\u00bb button_one_text_color__hover=\u00bbnull\u00bb button_two_text_color__hover_enabled=\u00bboff\u00bb button_two_text_color__hover=\u00bbnull\u00bb button_one_border_width__hover_enabled=\u00bboff\u00bb button_one_border_width__hover=\u00bbnull\u00bb button_two_border_width__hover_enabled=\u00bboff\u00bb button_two_border_width__hover=\u00bbnull\u00bb button_one_border_color__hover_enabled=\u00bboff\u00bb button_one_border_color__hover=\u00bbnull\u00bb button_two_border_color__hover_enabled=\u00bboff\u00bb button_two_border_color__hover=\u00bbnull\u00bb button_one_border_radius__hover_enabled=\u00bboff\u00bb button_one_border_radius__hover=\u00bbnull\u00bb button_two_border_radius__hover_enabled=\u00bboff\u00bb button_two_border_radius__hover=\u00bbnull\u00bb button_one_letter_spacing__hover_enabled=\u00bboff\u00bb button_one_letter_spacing__hover=\u00bbnull\u00bb button_two_letter_spacing__hover_enabled=\u00bboff\u00bb button_two_letter_spacing__hover=\u00bbnull\u00bb button_one_bg_color__hover_enabled=\u00bboff\u00bb button_one_bg_color__hover=\u00bbnull\u00bb button_two_bg_color__hover_enabled=\u00bboff\u00bb button_two_bg_color__hover=\u00bbnull\u00bb][\/et_pb_fullwidth_header][\/et_pb_section][et_pb_section fb_built=\u00bb1&#8243; admin_label=\u00bbsection\u00bb _builder_version=\u00bb4.16&#8243; global_colors_info=\u00bb{}\u00bb][et_pb_row admin_label=\u00bbrow\u00bb _builder_version=\u00bb4.16&#8243; background_size=\u00bbinitial\u00bb background_position=\u00bbtop_left\u00bb background_repeat=\u00bbrepeat\u00bb global_colors_info=\u00bb{}\u00bb][et_pb_column type=\u00bb4_4&#8243; _builder_version=\u00bb4.16&#8243; custom_padding=\u00bb|||\u00bb global_colors_info=\u00bb{}\u00bb custom_padding__hover=\u00bb|||\u00bb][et_pb_text _builder_version=\u00bb4.19.4&#8243; _module_preset=\u00bbdefault\u00bb text_font_size=\u00bb30px\u00bb global_colors_info=\u00bb{}\u00bb]<\/p>\n<p style=\"text-align: center;\"><strong><span style=\"color: #dc001b;\">Buenos d\u00edas<\/span><\/strong><\/p>\n<p>[\/et_pb_text][et_pb_text admin_label=\u00bbTexto\u00bb _builder_version=\u00bb4.27.4&#8243; _module_preset=\u00bbdefault\u00bb global_colors_info=\u00bb{}\u00bb]<\/p>\n<p style=\"text-align: center;\"><strong>Publicaci\u00f3n semanal de los Buenos d\u00edas que se desarrollar\u00e1n en nuestras aulas para comenzar la jornada escolar<\/strong><\/p>\n<p>[\/et_pb_text][et_pb_divider _builder_version=\u00bb4.22.1&#8243; _module_preset=\u00bbdefault\u00bb global_colors_info=\u00bb{}\u00bb][\/et_pb_divider][et_pb_text disabled_on=\u00bboff|off|off\u00bb _builder_version=\u00bb4.27.6&#8243; _module_preset=\u00bbdefault\u00bb text_font_size=\u00bb20px\u00bb hover_enabled=\u00bb0&#8243; global_colors_info=\u00bb{}\u00bb sticky_enabled=\u00bb0&#8243;]<\/p>\n<p style=\"text-align: center;\"><span style=\"color: #dc001b;\"><strong>Buenos d\u00edas de la semana del 7 al 10 de abril de 2026<\/strong><\/span><\/p>\n<p>[\/et_pb_text][et_pb_divider _builder_version=\u00bb4.23.4&#8243; _module_preset=\u00bbdefault\u00bb global_colors_info=\u00bb{}\u00bb][\/et_pb_divider][et_pb_code disabled_on=\u00bboff|off|off\u00bb admin_label=\u00bbBD \u00bb _builder_version=\u00bb4.27.6&#8243; _module_preset=\u00bbdefault\u00bb hover_enabled=\u00bb0&#8243; global_colors_info=\u00bb{}\u00bb sticky_enabled=\u00bb0&#8243;]<iframe loading=\"lazy\" src=\"https:\/\/malaga.salesianos.edu\/wp-content\/uploads\/2026\/04\/bdesobachccff710abrildocx.pdf\" height=\"900px\" width=\"100%\"><\/iframe><!-- [et_pb_line_break_holder] -->[\/et_pb_code][et_pb_button button_url=\u00bbhttps:\/\/malaga.salesianos.edu\/wp-content\/uploads\/2026\/04\/bdesobachccff710abrildocx.pdf\u00bb button_text=\u00bbDescargar\u00bb button_alignment=\u00bbcenter\u00bb disabled_on=\u00bboff|off|off\u00bb admin_label=\u00bbBot\u00f3n \u00bb _builder_version=\u00bb4.27.6&#8243; _module_preset=\u00bbdefault\u00bb hover_enabled=\u00bb0&#8243; global_colors_info=\u00bb{}\u00bb sticky_enabled=\u00bb0&#8243;][\/et_pb_button][et_pb_divider disabled_on=\u00bboff|off|off\u00bb _builder_version=\u00bb4.23.3&#8243; _module_preset=\u00bbdefault\u00bb global_colors_info=\u00bb{}\u00bb][\/et_pb_divider][et_pb_toggle title=\u00bbConsulta los Buenos d\u00edas de semanas anteriores\u00bb open_toggle_text_color=\u00bb#FFFFFF\u00bb closed_toggle_text_color=\u00bb#FFFFFF\u00bb icon_color=\u00bb#FFFFFF\u00bb open_icon_color=\u00bb#FFFFFF\u00bb disabled_on=\u00bbon|on|on\u00bb _builder_version=\u00bb4.22.2&#8243; _module_preset=\u00bbdefault\u00bb title_text_color=\u00bb#FFFFFF\u00bb title_font_size=\u00bb24px\u00bb closed_title_font_size=\u00bb24px\u00bb body_font_size=\u00bb18px\u00bb background_image=\u00bbhttps:\/\/malaga.salesianos.edu\/colegio\/wp-content\/uploads\/sites\/2\/2018\/01\/34-DBosco-e-giovani-NMusio.jpg\u00bb background_position=\u00bbtop_center\u00bb title_text_shadow_style=\u00bbpreset5&#8243; closed_title_text_shadow_style=\u00bbpreset5&#8243; body_text_shadow_style=\u00bbpreset5&#8243; border_radii=\u00bbon|20px|20px|20px|20px\u00bb text_shadow_style=\u00bbpreset5&#8243; disabled=\u00bbon\u00bb global_colors_info=\u00bb{}\u00bb]<\/p>\n<ul>\n<li><strong><span style=\"color: #ffffff;\"><a style=\"color: #ffffff;\" href=\"https:\/\/malaga.salesianos.edu\/wp-content\/uploads\/2022\/09\/BD.-ESO.-19-23-septiembre.pdf\" target=\"_blank\" rel=\"noopener\">Buenos D\u00edas semana del 19 al 23 de Septiembre de 2022<\/a><\/span><\/strong><\/li>\n<li><strong><span style=\"color: #ffffff;\"><a style=\"color: #ffffff;\" href=\"https:\/\/malaga.salesianos.edu\/wp-content\/uploads\/2022\/09\/20220926.-BD.-ESO.pdf\" target=\"_blank\" rel=\"noopener\">Buenos D\u00edas semana del 26 al 30 de Septiembre de 2022<\/a><\/span><\/strong><\/li>\n<li><strong><span style=\"color: #ffffff;\"><a style=\"color: #ffffff;\" href=\"https:\/\/malaga.salesianos.edu\/wp-content\/uploads\/2022\/10\/20221003.-BD.-ESO.pdf\" target=\"_blank\" rel=\"noopener\">Buenos D\u00edas semana del 03 al 07 de Octubre de 2022<\/a><\/span><\/strong><\/li>\n<li><strong><span style=\"color: #ffffff;\"><a style=\"color: #ffffff;\" href=\"https:\/\/malaga.salesianos.edu\/wp-content\/uploads\/2022\/10\/20221010.-BD.-ESO.pdf\" target=\"_blank\" rel=\"noopener\">Buenos D\u00edas semana del 10 al 14 de Octubre de 2022<\/a><\/span><\/strong><\/li>\n<li><strong><span style=\"color: #ffffff;\"><a style=\"color: #ffffff;\" href=\"https:\/\/malaga.salesianos.edu\/wp-content\/uploads\/2022\/10\/20221024.-BD.-ESO.pdf\" target=\"_blank\" rel=\"noopener\">Buenos D\u00edas semana del 24 al 28 de Octubre de 2022<\/a><\/span><\/strong><\/li>\n<li><strong><span style=\"color: #ffffff;\"><a style=\"color: #ffffff;\" href=\"https:\/\/malaga.salesianos.edu\/colegio\/wp-content\/uploads\/sites\/2\/2022\/11\/20221102.-BD.-ESO.pdf\" target=\"_blank\" rel=\"noopener\">Buenos D\u00edas semana del 2 al 4 de Noviembre de 2022<\/a><\/span><\/strong><\/li>\n<li><strong><span style=\"color: #ffffff;\"><a style=\"color: #ffffff;\" href=\"https:\/\/malaga.salesianos.edu\/wp-content\/uploads\/2022\/11\/20221107.-BD.-ESO.pdf\" target=\"_blank\" rel=\"noopener\">Buenos D\u00edas semana del 7 al 11 de Noviembre de 2022<\/a><\/span><\/strong><\/li>\n<li><strong><span style=\"color: #ffffff;\"><a style=\"color: #ffffff;\" href=\"https:\/\/malaga.salesianos.edu\/colegio\/wp-content\/uploads\/sites\/2\/2022\/11\/20221114.-BD.-Post.pdf\" target=\"_blank\" rel=\"noopener\">Buenos D\u00edas semana del 14 al 18 de Noviembre de 2022<\/a><\/span><\/strong><\/li>\n<li><strong><span style=\"color: #ffffff;\"><a style=\"color: #ffffff;\" href=\"https:\/\/malaga.salesianos.edu\/colegio\/wp-content\/uploads\/sites\/2\/2022\/11\/20221121.-BD.-ESO.pdf\" target=\"_blank\" rel=\"noopener\">Buenos D\u00edas semana del 21 al 25 de Noviembre de 2022<\/a><\/span><\/strong><\/li>\n<li><strong><span style=\"color: #ffffff;\"><a style=\"color: #ffffff;\" href=\"https:\/\/malaga.salesianos.edu\/wp-content\/uploads\/2022\/11\/20221128.-BD.-ESO.pdf\" target=\"_blank\" rel=\"noopener\">Buenos D\u00edas semana del 28 de Noviembre al 2 de Diciembre de 2022<\/a><\/span><\/strong><\/li>\n<li><strong><span style=\"color: #ffffff;\"><a style=\"color: #ffffff;\" href=\"https:\/\/malaga.salesianos.edu\/colegio\/wp-content\/uploads\/sites\/2\/2022\/12\/20221205.-BD.-ESO.pdf\" target=\"_blank\" rel=\"noopener\">Buenos D\u00edas semana del 5 al 9 de Diciembre de 2022<\/a><\/span><\/strong><\/li>\n<li><strong><span style=\"color: #ffffff;\"><a style=\"color: #ffffff;\" href=\"https:\/\/malaga.salesianos.edu\/colegio\/wp-content\/uploads\/sites\/2\/2022\/12\/20221212.-BD.-ESO.pdf\" target=\"_blank\" rel=\"noopener\">Buenos D\u00edas semana del 12 al 16 de Diciembre de 2022<\/a><\/span><\/strong><\/li>\n<li><strong><span style=\"color: #ffffff;\"><a style=\"color: #ffffff;\" href=\"https:\/\/malaga.salesianos.edu\/colegio\/wp-content\/uploads\/sites\/2\/2022\/12\/20221219.-BD.-ESO.pdf\" target=\"_blank\" rel=\"noopener\">Buenos D\u00edas semana del 19 al 23 de Diciembre de 2022<\/a><\/span><\/strong><\/li>\n<li><strong><span style=\"color: #ffffff;\"><a style=\"color: #ffffff;\" href=\"https:\/\/malaga.salesianos.edu\/colegio\/wp-content\/uploads\/sites\/2\/2023\/01\/BD-9-al-13-enero.pdf\" target=\"_blank\" rel=\"noopener\">Buenos D\u00edas semana del 9 al 13 de Enero de 2023<\/a><\/span><\/strong><\/li>\n<li><strong><span style=\"color: #ffffff;\"><a style=\"color: #ffffff;\" href=\"https:\/\/malaga.salesianos.edu\/colegio\/wp-content\/uploads\/sites\/2\/2023\/01\/BD-16-al-20enerodef.pdf\" target=\"_blank\" rel=\"noopener\">Buenos D\u00edas semana del 16 al 20 de Enero de 2023<\/a><\/span><\/strong><\/li>\n<li><strong><span style=\"color: #ffffff;\"><a style=\"color: #ffffff;\" href=\"https:\/\/malaga.salesianos.edu\/colegio\/wp-content\/uploads\/sites\/2\/2023\/01\/Buenos-dias-23-27-enero.pdf\" target=\"_blank\" rel=\"noopener\">Buenos D\u00edas semana del 23 al 27 de Enero de 2023<\/a><\/span><\/strong><\/li>\n<li><strong><span style=\"color: #ffffff;\"><a style=\"color: #ffffff;\" href=\"https:\/\/malaga.salesianos.edu\/colegio\/wp-content\/uploads\/sites\/2\/2023\/01\/BD-30-AL-3-FEB.pdf\" target=\"_blank\" rel=\"noopener\">Buenos D\u00edas semana del 30 de Enero al 3 de Febrero de 2023<\/a><\/span><\/strong><\/li>\n<li><strong><span style=\"color: #ffffff;\"><a style=\"color: #ffffff;\" href=\"https:\/\/malaga.salesianos.edu\/wp-content\/uploads\/2023\/02\/BD-6-AL-10FEB.pdf\" target=\"_blank\" rel=\"noopener\">Buenos D\u00edas semana del 6 al 10 de Febrero de 2023<\/a><\/span><\/strong><\/li>\n<li><strong><span style=\"color: #ffffff;\"><a style=\"color: #ffffff;\" href=\"https:\/\/malaga.salesianos.edu\/colegio\/wp-content\/uploads\/sites\/2\/2023\/02\/BD-13-AL-17FEB.pdf\" target=\"_blank\" rel=\"noopener\">Buenos D\u00edas semana del 13 al 17 de Febrero de 2023<\/a><\/span><\/strong><\/li>\n<li><strong><span style=\"color: #ffffff;\"><a style=\"color: #ffffff;\" href=\"https:\/\/malaga.salesianos.edu\/colegio\/wp-content\/uploads\/sites\/2\/2023\/02\/BD-20-AL-24FEB.pdf\" target=\"_blank\" rel=\"noopener\">Buenos D\u00edas semana del 20 al 24 de Febrero de 2023<\/a><\/span><\/strong><\/li>\n<li><strong><span style=\"color: #ffffff;\"><a style=\"color: #ffffff;\" href=\"https:\/\/malaga.salesianos.edu\/wp-content\/uploads\/2023\/03\/BD-6-AL-10marzodef.pdf\" target=\"_blank\" rel=\"noopener\">Buenos D\u00edas semana del 6 al 10 de Marzo de 2023<\/a><\/span><\/strong><\/li>\n<li><strong><span style=\"color: #ffffff;\"><a style=\"color: #ffffff;\" href=\"https:\/\/malaga.salesianos.edu\/colegio\/wp-content\/uploads\/sites\/2\/2023\/03\/BD-13-AL-17marzo.pdf\" target=\"_blank\" rel=\"noopener\">Buenos D\u00edas semana del 13 al 17 de Marzo de 2023<\/a><\/span><\/strong><\/li>\n<li><strong><span style=\"color: #ffffff;\"><a style=\"color: #ffffff;\" href=\"https:\/\/malaga.salesianos.edu\/colegio\/wp-content\/uploads\/sites\/2\/2023\/03\/Buenos-dias-semana-del-20-al-24marzo.pdf\" target=\"_blank\" rel=\"noopener\">Buenos D\u00edas semana del 20 al 24 de Marzo de 2023<\/a><\/span><\/strong><\/li>\n<li><strong><span style=\"color: #ffffff;\"><a style=\"color: #ffffff;\" href=\"https:\/\/malaga.salesianos.edu\/colegio\/wp-content\/uploads\/sites\/2\/2023\/03\/Buenos-dias-semana-del-27-al-31marzo.pdf\" target=\"_blank\" rel=\"noopener\">Buenos D\u00edas semana del 27 al 31 de Marzo de 2023<\/a><\/span><\/strong><\/li>\n<li><strong><span style=\"color: #ffffff;\"><a style=\"color: #ffffff;\" href=\"https:\/\/malaga.salesianos.edu\/colegio\/wp-content\/uploads\/sites\/2\/2023\/04\/20230410.-BD.-Post-1.pdf\" target=\"_blank\" rel=\"noopener\">Buenos D\u00edas semana del 10 al 14 de Abril de 2023<\/a><\/span><\/strong><\/li>\n<li><strong><span style=\"color: #ffffff;\"><a style=\"color: #ffffff;\" href=\"https:\/\/malaga.salesianos.edu\/wp-content\/uploads\/2023\/04\/20230417.-BD.-Post.pdf\" target=\"_blank\" rel=\"noopener\">Buenos D\u00edas semana del 17 al 21 de Abril de 2023<\/a><\/span><\/strong><\/li>\n<li><strong><span style=\"color: #ffffff;\"><a style=\"color: #ffffff;\" href=\"https:\/\/malaga.salesianos.edu\/colegio\/wp-content\/uploads\/sites\/2\/2023\/04\/20230424.-BD.-Post.pdf\" target=\"_blank\" rel=\"noopener\">Buenos D\u00edas semana del 24 al 28 de Abril de 2023<\/a><\/span><\/strong><\/li>\n<li><strong><span style=\"color: #ffffff;\"><a style=\"color: #ffffff;\" href=\"https:\/\/malaga.salesianos.edu\/colegio\/wp-content\/uploads\/sites\/2\/2023\/05\/20230502.-BD.-Post-1.pdf\" target=\"_blank\" rel=\"noopener\">Buenos D\u00edas semana del 3 al 5 de Mayo de 2023<\/a><\/span><\/strong><\/li>\n<li><strong><span style=\"color: #ffffff;\"><a style=\"color: #ffffff;\" href=\"https:\/\/malaga.salesianos.edu\/wp-content\/uploads\/2023\/05\/20230508.-BD.-ESO.pdf\" target=\"_blank\" rel=\"noopener\">Buenos D\u00edas semana del 8 al 12 de Mayo de 2023<\/a><\/span><\/strong><\/li>\n<li><strong><span style=\"color: #ffffff;\"><a style=\"color: #ffffff;\" href=\"https:\/\/malaga.salesianos.edu\/colegio\/wp-content\/uploads\/sites\/2\/2023\/05\/20230515.-BD.-ESO.pdf\" target=\"_blank\" rel=\"noopener\">Buenos D\u00edas semana del 15 al 19 de Mayo de 2023<\/a><\/span><\/strong><\/li>\n<li><strong><span style=\"color: #ffffff;\"><a style=\"color: #ffffff;\" href=\"https:\/\/malaga.salesianos.edu\/colegio\/wp-content\/uploads\/sites\/2\/2023\/05\/20230522.-BD.-ESO.pdf\" target=\"_blank\" rel=\"noopener\">Buenos D\u00edas semana del 22 al 26 de Mayo de 2023<\/a><\/span><\/strong><\/li>\n<li><strong><span style=\"color: #ffffff;\"><a style=\"color: #ffffff;\" href=\"https:\/\/malaga.salesianos.edu\/colegio\/wp-content\/uploads\/sites\/2\/2023\/05\/20230529.-BD.-Post.pdf\" target=\"_blank\" rel=\"noopener\">Buenos D\u00edas semana del 29 de Mayo al 2 de Junio de 2023<\/a><\/span><\/strong><\/li>\n<li><strong><span style=\"color: #ffffff;\"><a style=\"color: #ffffff;\" href=\"https:\/\/malaga.salesianos.edu\/wp-content\/uploads\/2023\/06\/20230605.-ESO.pdf\" target=\"_blank\" rel=\"noopener\">Buenos D\u00edas semana del 5 al 9 de Junio de 2023<\/a><\/span><\/strong><\/li>\n<li><strong><span style=\"color: #ffffff;\"><a style=\"color: #ffffff;\" href=\"https:\/\/malaga.salesianos.edu\/colegio\/wp-content\/uploads\/sites\/2\/2023\/06\/20230612.-BD.-ESO.pdf\" target=\"_blank\" rel=\"noopener\">Buenos D\u00edas semana del 12 al 16 de Junio de 2023<\/a><\/span><\/strong><\/li>\n<\/ul>\n<p>[\/et_pb_toggle][\/et_pb_column][\/et_pb_row][\/et_pb_section]<\/p>\n","protected":false},"excerpt":{"rendered":"<p>Buenos d\u00edasPublicaci\u00f3n semanal de los Buenos d\u00edas que se desarrollar\u00e1n en nuestras aulas para comenzar la jornada escolarBuenos d\u00edas de la semana del 7 al 10 de abril de 2026 Buenos D\u00edas semana del 19 al 23 de Septiembre de 2022 Buenos D\u00edas semana del 26 al 30 de Septiembre de 2022 Buenos D\u00edas semana [&hellip;]<\/p>\n","protected":false},"author":2,"featured_media":0,"parent":0,"menu_order":0,"comment_status":"closed","ping_status":"closed","template":"","meta":{"_et_pb_use_builder":"on","_et_pb_old_content":"","_et_gb_content_width":"","footnotes":""},"class_list":["post-1598","page","type-page","status-publish","hentry"],"yoast_head":"<!-- This site is optimized with the Yoast SEO plugin v27.3 - https:\/\/yoast.com\/product\/yoast-seo-wordpress\/ -->\n<title>Recursos de Pastoral - Colegio Concertado San Bartolom\u00e9 | Salesianos M\u00e1laga %<\/title>\n<meta name=\"description\" content=\"Recursos de Pastoral para el d\u00eda a d\u00eda del Colegio Salesiano San Bartolom\u00e9 de M\u00e1laga. En este apartado se pueden descargar los Buenos D\u00edas y actividades programadas para los alumnos por el Departamento de Pastoral, como fiesta colegial de Don Bosco, Mar\u00eda Auxiliadora, etc.\" \/>\n<meta name=\"robots\" content=\"index, follow, max-snippet:-1, max-image-preview:large, max-video-preview:-1\" \/>\n<link rel=\"canonical\" href=\"https:\/\/malaga.salesianos.edu\/colegio\/buenos-dias\/\" \/>\n<meta property=\"og:locale\" content=\"es_ES\" \/>\n<meta property=\"og:type\" content=\"article\" \/>\n<meta property=\"og:title\" content=\"Recursos de Pastoral - Colegio Concertado San Bartolom\u00e9 | Salesianos M\u00e1laga %\" \/>\n<meta property=\"og:description\" content=\"Recursos de Pastoral para el d\u00eda a d\u00eda del Colegio Salesiano San Bartolom\u00e9 de M\u00e1laga. En este apartado se pueden descargar los Buenos D\u00edas y actividades programadas para los alumnos por el Departamento de Pastoral, como fiesta colegial de Don Bosco, Mar\u00eda Auxiliadora, etc.\" \/>\n<meta property=\"og:url\" content=\"https:\/\/malaga.salesianos.edu\/colegio\/buenos-dias\/\" \/>\n<meta property=\"og:site_name\" content=\"Colegio Concertado San Bartolom\u00e9 | Salesianos M\u00e1laga\" \/>\n<meta property=\"article:modified_time\" content=\"2026-04-07T06:02:23+00:00\" \/>\n<meta name=\"twitter:card\" content=\"summary_large_image\" \/>\n<meta name=\"twitter:label1\" content=\"Tiempo de lectura\" \/>\n\t<meta name=\"twitter:data1\" content=\"1 minuto\" \/>\n<script type=\"application\/ld+json\" class=\"yoast-schema-graph\">{\"@context\":\"https:\\\/\\\/schema.org\",\"@graph\":[{\"@type\":\"WebPage\",\"@id\":\"https:\\\/\\\/malaga.salesianos.edu\\\/colegio\\\/buenos-dias\\\/\",\"url\":\"https:\\\/\\\/malaga.salesianos.edu\\\/colegio\\\/buenos-dias\\\/\",\"name\":\"Recursos de Pastoral - Colegio Concertado San Bartolom\u00e9 | Salesianos M\u00e1laga %\",\"isPartOf\":{\"@id\":\"https:\\\/\\\/malaga.salesianos.edu\\\/colegio\\\/#website\"},\"datePublished\":\"2017-04-03T22:31:55+00:00\",\"dateModified\":\"2026-04-07T06:02:23+00:00\",\"description\":\"Recursos de Pastoral para el d\u00eda a d\u00eda del Colegio Salesiano San Bartolom\u00e9 de M\u00e1laga. En este apartado se pueden descargar los Buenos D\u00edas y actividades programadas para los alumnos por el Departamento de Pastoral, como fiesta colegial de Don Bosco, Mar\u00eda Auxiliadora, etc.\",\"breadcrumb\":{\"@id\":\"https:\\\/\\\/malaga.salesianos.edu\\\/colegio\\\/buenos-dias\\\/#breadcrumb\"},\"inLanguage\":\"es\",\"potentialAction\":[{\"@type\":\"ReadAction\",\"target\":[\"https:\\\/\\\/malaga.salesianos.edu\\\/colegio\\\/buenos-dias\\\/\"]}]},{\"@type\":\"BreadcrumbList\",\"@id\":\"https:\\\/\\\/malaga.salesianos.edu\\\/colegio\\\/buenos-dias\\\/#breadcrumb\",\"itemListElement\":[{\"@type\":\"ListItem\",\"position\":1,\"name\":\"Portada\",\"item\":\"https:\\\/\\\/malaga.salesianos.edu\\\/colegio\\\/\"},{\"@type\":\"ListItem\",\"position\":2,\"name\":\"Recursos de Pastoral\"}]},{\"@type\":\"WebSite\",\"@id\":\"https:\\\/\\\/malaga.salesianos.edu\\\/colegio\\\/#website\",\"url\":\"https:\\\/\\\/malaga.salesianos.edu\\\/colegio\\\/\",\"name\":\"Colegio Concertado San Bartolom\u00e9 | Salesianos M\u00e1laga\",\"description\":\"Centro concertado. Infantil, Primaria, ESO, Bachillerato, Formaci\u00f3n Profesional, Formaci\u00f3n Profesional B\u00e1sica (FPB) y Ciclos Formativos de Grado Medio y Superior.\",\"publisher\":{\"@id\":\"https:\\\/\\\/malaga.salesianos.edu\\\/colegio\\\/#organization\"},\"potentialAction\":[{\"@type\":\"SearchAction\",\"target\":{\"@type\":\"EntryPoint\",\"urlTemplate\":\"https:\\\/\\\/malaga.salesianos.edu\\\/colegio\\\/?s={search_term_string}\"},\"query-input\":{\"@type\":\"PropertyValueSpecification\",\"valueRequired\":true,\"valueName\":\"search_term_string\"}}],\"inLanguage\":\"es\"},{\"@type\":\"Organization\",\"@id\":\"https:\\\/\\\/malaga.salesianos.edu\\\/colegio\\\/#organization\",\"name\":\"Salesianos M\u00e1laga\",\"url\":\"https:\\\/\\\/malaga.salesianos.edu\\\/colegio\\\/\",\"logo\":{\"@type\":\"ImageObject\",\"inLanguage\":\"es\",\"@id\":\"https:\\\/\\\/malaga.salesianos.edu\\\/colegio\\\/#\\\/schema\\\/logo\\\/image\\\/\",\"url\":\"https:\\\/\\\/malaga.salesianos.edu\\\/colegio\\\/wp-content\\\/uploads\\\/sites\\\/2\\\/2018\\\/04\\\/MALAGAobraVN2.jpg\",\"contentUrl\":\"https:\\\/\\\/malaga.salesianos.edu\\\/colegio\\\/wp-content\\\/uploads\\\/sites\\\/2\\\/2018\\\/04\\\/MALAGAobraVN2.jpg\",\"width\":1937,\"height\":1490,\"caption\":\"Salesianos M\u00e1laga\"},\"image\":{\"@id\":\"https:\\\/\\\/malaga.salesianos.edu\\\/colegio\\\/#\\\/schema\\\/logo\\\/image\\\/\"}}]}<\/script>\n<!-- \/ Yoast SEO plugin. -->","yoast_head_json":{"title":"Recursos de Pastoral - Colegio Concertado San Bartolom\u00e9 | Salesianos M\u00e1laga %","description":"Recursos de Pastoral para el d\u00eda a d\u00eda del Colegio Salesiano San Bartolom\u00e9 de M\u00e1laga. En este apartado se pueden descargar los Buenos D\u00edas y actividades programadas para los alumnos por el Departamento de Pastoral, como fiesta colegial de Don Bosco, Mar\u00eda Auxiliadora, etc.","robots":{"index":"index","follow":"follow","max-snippet":"max-snippet:-1","max-image-preview":"max-image-preview:large","max-video-preview":"max-video-preview:-1"},"canonical":"https:\/\/malaga.salesianos.edu\/colegio\/buenos-dias\/","og_locale":"es_ES","og_type":"article","og_title":"Recursos de Pastoral - Colegio Concertado San Bartolom\u00e9 | Salesianos M\u00e1laga %","og_description":"Recursos de Pastoral para el d\u00eda a d\u00eda del Colegio Salesiano San Bartolom\u00e9 de M\u00e1laga. En este apartado se pueden descargar los Buenos D\u00edas y actividades programadas para los alumnos por el Departamento de Pastoral, como fiesta colegial de Don Bosco, Mar\u00eda Auxiliadora, etc.","og_url":"https:\/\/malaga.salesianos.edu\/colegio\/buenos-dias\/","og_site_name":"Colegio Concertado San Bartolom\u00e9 | Salesianos M\u00e1laga","article_modified_time":"2026-04-07T06:02:23+00:00","twitter_card":"summary_large_image","twitter_misc":{"Tiempo de lectura":"1 minuto"},"schema":{"@context":"https:\/\/schema.org","@graph":[{"@type":"WebPage","@id":"https:\/\/malaga.salesianos.edu\/colegio\/buenos-dias\/","url":"https:\/\/malaga.salesianos.edu\/colegio\/buenos-dias\/","name":"Recursos de Pastoral - Colegio Concertado San Bartolom\u00e9 | Salesianos M\u00e1laga %","isPartOf":{"@id":"https:\/\/malaga.salesianos.edu\/colegio\/#website"},"datePublished":"2017-04-03T22:31:55+00:00","dateModified":"2026-04-07T06:02:23+00:00","description":"Recursos de Pastoral para el d\u00eda a d\u00eda del Colegio Salesiano San Bartolom\u00e9 de M\u00e1laga. En este apartado se pueden descargar los Buenos D\u00edas y actividades programadas para los alumnos por el Departamento de Pastoral, como fiesta colegial de Don Bosco, Mar\u00eda Auxiliadora, etc.","breadcrumb":{"@id":"https:\/\/malaga.salesianos.edu\/colegio\/buenos-dias\/#breadcrumb"},"inLanguage":"es","potentialAction":[{"@type":"ReadAction","target":["https:\/\/malaga.salesianos.edu\/colegio\/buenos-dias\/"]}]},{"@type":"BreadcrumbList","@id":"https:\/\/malaga.salesianos.edu\/colegio\/buenos-dias\/#breadcrumb","itemListElement":[{"@type":"ListItem","position":1,"name":"Portada","item":"https:\/\/malaga.salesianos.edu\/colegio\/"},{"@type":"ListItem","position":2,"name":"Recursos de Pastoral"}]},{"@type":"WebSite","@id":"https:\/\/malaga.salesianos.edu\/colegio\/#website","url":"https:\/\/malaga.salesianos.edu\/colegio\/","name":"Colegio Concertado San Bartolom\u00e9 | Salesianos M\u00e1laga","description":"Centro concertado. Infantil, Primaria, ESO, Bachillerato, Formaci\u00f3n Profesional, Formaci\u00f3n Profesional B\u00e1sica (FPB) y Ciclos Formativos de Grado Medio y Superior.","publisher":{"@id":"https:\/\/malaga.salesianos.edu\/colegio\/#organization"},"potentialAction":[{"@type":"SearchAction","target":{"@type":"EntryPoint","urlTemplate":"https:\/\/malaga.salesianos.edu\/colegio\/?s={search_term_string}"},"query-input":{"@type":"PropertyValueSpecification","valueRequired":true,"valueName":"search_term_string"}}],"inLanguage":"es"},{"@type":"Organization","@id":"https:\/\/malaga.salesianos.edu\/colegio\/#organization","name":"Salesianos M\u00e1laga","url":"https:\/\/malaga.salesianos.edu\/colegio\/","logo":{"@type":"ImageObject","inLanguage":"es","@id":"https:\/\/malaga.salesianos.edu\/colegio\/#\/schema\/logo\/image\/","url":"https:\/\/malaga.salesianos.edu\/colegio\/wp-content\/uploads\/sites\/2\/2018\/04\/MALAGAobraVN2.jpg","contentUrl":"https:\/\/malaga.salesianos.edu\/colegio\/wp-content\/uploads\/sites\/2\/2018\/04\/MALAGAobraVN2.jpg","width":1937,"height":1490,"caption":"Salesianos M\u00e1laga"},"image":{"@id":"https:\/\/malaga.salesianos.edu\/colegio\/#\/schema\/logo\/image\/"}}]}},"_links":{"self":[{"href":"https:\/\/malaga.salesianos.edu\/colegio\/wp-json\/wp\/v2\/pages\/1598","targetHints":{"allow":["GET"]}}],"collection":[{"href":"https:\/\/malaga.salesianos.edu\/colegio\/wp-json\/wp\/v2\/pages"}],"about":[{"href":"https:\/\/malaga.salesianos.edu\/colegio\/wp-json\/wp\/v2\/types\/page"}],"author":[{"embeddable":true,"href":"https:\/\/malaga.salesianos.edu\/colegio\/wp-json\/wp\/v2\/users\/2"}],"replies":[{"embeddable":true,"href":"https:\/\/malaga.salesianos.edu\/colegio\/wp-json\/wp\/v2\/comments?post=1598"}],"version-history":[{"count":225,"href":"https:\/\/malaga.salesianos.edu\/colegio\/wp-json\/wp\/v2\/pages\/1598\/revisions"}],"predecessor-version":[{"id":90639,"href":"https:\/\/malaga.salesianos.edu\/colegio\/wp-json\/wp\/v2\/pages\/1598\/revisions\/90639"}],"wp:attachment":[{"href":"https:\/\/malaga.salesianos.edu\/colegio\/wp-json\/wp\/v2\/media?parent=1598"}],"curies":[{"name":"wp","href":"https:\/\/api.w.org\/{rel}","templated":true}]}}