{"id":4913,"date":"2017-10-28T10:20:23","date_gmt":"2017-10-28T08:20:23","guid":{"rendered":"https:\/\/malaga.salesianos.edu\/centrojuvenil\/?page_id=4913"},"modified":"2018-10-03T23:39:05","modified_gmt":"2018-10-03T21:39:05","slug":"catequesis-de-iniciacion","status":"publish","type":"page","link":"https:\/\/malaga.salesianos.edu\/centrojuvenil\/catequesis-de-iniciacion\/","title":{"rendered":"Catequesis de iniciaci\u00f3n"},"content":{"rendered":"<p>[et_pb_section bb_built=\u00bb1&#8243; fullwidth=\u00bbon\u00bb specialty=\u00bboff\u00bb next_background_color=\u00bb#000000&#8243;][et_pb_fullwidth_header title=\u00bbCatequesis\u00bb background_layout=\u00bblight\u00bb text_orientation=\u00bbleft\u00bb header_fullscreen=\u00bboff\u00bb header_scroll_down=\u00bboff\u00bb background_url=\u00bbhttps:\/\/malaga.salesianos.edu\/centrojuvenil\/wp-content\/uploads\/sites\/6\/2017\/04\/DSC0006c.jpg\u00bb content_orientation=\u00bbcenter\u00bb image_orientation=\u00bbcenter\u00bb title_font_color=\u00bb#ffffff\u00bb custom_button_one=\u00bboff\u00bb button_one_icon_placement=\u00bbright\u00bb custom_button_two=\u00bboff\u00bb button_two_icon_placement=\u00bbright\u00bb module_class=\u00bbpagina-imagen-cabecera\u00bb title_font_size=\u00bb40px\u00bb _builder_version=\u00bb3.0.85&#8243; background_color=\u00bb#0c71c3&#8243; background_image=\u00bbhttps:\/\/malaga.salesianos.edu\/centrojuvenil\/wp-content\/uploads\/sites\/6\/2017\/10\/Catequesis_1.jpg\u00bb background_blend=\u00bbsoft-light\u00bb title_text_color=\u00bb#ffffff\u00bb \/][\/et_pb_section][et_pb_section bb_built=\u00bb1&#8243; fullwidth=\u00bboff\u00bb specialty=\u00bboff\u00bb transparent_background=\u00bboff\u00bb allow_player_pause=\u00bboff\u00bb inner_shadow=\u00bboff\u00bb parallax=\u00bboff\u00bb parallax_method=\u00bboff\u00bb custom_padding=\u00bb-4%|||\u00bb make_fullwidth=\u00bboff\u00bb use_custom_width=\u00bboff\u00bb width_unit=\u00bbon\u00bb make_equal=\u00bboff\u00bb use_custom_gutter=\u00bboff\u00bb module_class=\u00bbpagina-seccion-contenido\u00bb prev_background_color=\u00bb#ffffff\u00bb next_background_color=\u00bb#000000&#8243;][et_pb_row make_fullwidth=\u00bboff\u00bb use_custom_width=\u00bboff\u00bb width_unit=\u00bbon\u00bb use_custom_gutter=\u00bboff\u00bb allow_player_pause=\u00bboff\u00bb parallax=\u00bboff\u00bb parallax_method=\u00bboff\u00bb make_equal=\u00bboff\u00bb parallax_1=\u00bboff\u00bb parallax_method_1=\u00bboff\u00bb module_class=\u00bbpagina-texto\u00bb background_position=\u00bbtop_left\u00bb background_repeat=\u00bbrepeat\u00bb background_size=\u00bbinitial\u00bb][et_pb_column type=\u00bb4_4&#8243;][et_pb_post_title title=\u00bbon\u00bb meta=\u00bbon\u00bb author=\u00bboff\u00bb date=\u00bboff\u00bb categories=\u00bboff\u00bb comments=\u00bboff\u00bb featured_image=\u00bboff\u00bb featured_placement=\u00bbbelow\u00bb parallax_effect=\u00bboff\u00bb parallax_method=\u00bboff\u00bb text_orientation=\u00bbleft\u00bb text_color=\u00bbdark\u00bb text_background=\u00bboff\u00bb text_bg_color=\u00bbrgba(255,255,255,0.9)\u00bb use_border_color=\u00bboff\u00bb border_color=\u00bb#ffffff\u00bb border_style=\u00bbsolid\u00bb title_font_size=\u00bb26&#8243; title_font_size_last_edited=\u00bbon|phone\u00bb parallax=\u00bboff\u00bb _builder_version=\u00bb3.0.85&#8243; \/][et_pb_text text_orientation=\u00bbjustified\u00bb _builder_version=\u00bb3.15&#8243; module_alignment=\u00bbleft\u00bb]<\/p>\n<blockquote><p><strong>Desde los 6 a los 9 a\u00f1os, con reuni\u00f3n semanal (lunes), introduci\u00e9ndoles a la iniciaci\u00f3n en la fe, preparando la recepci\u00f3n de la Primera Comuni\u00f3n dentro tambi\u00e9n del plan establecido en la Di\u00f3cesis y con el catecismo de la Conferencia Episcopal Espa\u00f1ola.<\/strong><\/p><\/blockquote>\n<p>[\/et_pb_text][\/et_pb_column][\/et_pb_row][et_pb_row][et_pb_column type=\u00bb1_2&#8243;][et_pb_text _builder_version=\u00bb3.0.85&#8243; background_layout=\u00bblight\u00bb]<\/p>\n<h1 class=\"et_pb_contact_main_title\">\u00a1Env\u00edanos un mensaje!<\/h1>\n<p>[\/et_pb_text][et_pb_contact_form _builder_version=\u00bb3.0.85&#8243; email=\u00bbpj.malaga@salesianos.edu\u00bb captcha=\u00bbon\u00bb use_redirect=\u00bboff\u00bb custom_button=\u00bboff\u00bb button_icon_placement=\u00bbright\u00bb saved_tabs=\u00bball\u00bb border_radii=\u00bbon||||\u00bb][et_pb_contact_field field_title=\u00bbNombre\u00bb field_type=\u00bbinput\u00bb field_id=\u00bbName\u00bb required_mark=\u00bbon\u00bb fullwidth_field=\u00bboff\u00bb \/][et_pb_contact_field field_title=\u00bbDirecci\u00f3n de correo electr\u00f3nico\u00bb field_type=\u00bbemail\u00bb field_id=\u00bbEmail\u00bb required_mark=\u00bbon\u00bb fullwidth_field=\u00bboff\u00bb \/][et_pb_contact_field field_title=\u00bbMensaje\u00bb field_type=\u00bbtext\u00bb field_id=\u00bbMessage\u00bb required_mark=\u00bbon\u00bb fullwidth_field=\u00bbon\u00bb \/][et_pb_contact_field field_id=\u00bbPol\u00edtica_de_privacidad\u00bb field_title=\u00bbAcepto la pol\u00edtica de privacidad del sitio\u00bb field_type=\u00bbcheckbox\u00bb checkbox_checked=\u00bboff\u00bb min_length=\u00bb0&#8243; max_length=\u00bb0&#8243; allowed_symbols=\u00bball\u00bb required_mark=\u00bbon\u00bb conditional_logic=\u00bboff\u00bb conditional_logic_relation=\u00bboff\u00bb conditional_logic_rules=\u00bb%91{%22field%22:%22name%22,%22condition%22:%22is%22,%22value%22:%22%22}%93&#8243; fullwidth_field=\u00bbon\u00bb form_field_font_select=\u00bbdefault\u00bb form_field_font=\u00bb||||\u00bb use_border_color=\u00bboff\u00bb border_style=\u00bbsolid\u00bb \/][\/et_pb_contact_form][\/et_pb_column][et_pb_column type=\u00bb1_2&#8243;][et_pb_divider _builder_version=\u00bb3.0.85&#8243; color=\u00bb#ffffff\u00bb show_divider=\u00bboff\u00bb \/][et_pb_gallery _builder_version=\u00bb3.0.89&#8243; show_title_and_caption=\u00bbon\u00bb show_pagination=\u00bbon\u00bb gallery_ids=\u00bb4920,4921,4922,4923,4924,4950,4951,4952&#8243; fullwidth=\u00bbon\u00bb orientation=\u00bblandscape\u00bb zoom_icon_color=\u00bb#dc001b\u00bb hover_overlay_color=\u00bbrgba(255,255,255,0.9)\u00bb background_layout=\u00bblight\u00bb pagination_font_size_tablet=\u00bb51&#8243; pagination_line_height_tablet=\u00bb2&#8243; auto=\u00bbon\u00bb gallery_orderby=\u00bbrand\u00bb \/][\/et_pb_column][\/et_pb_row][et_pb_row _builder_version=\u00bb3.0.89&#8243;][et_pb_column type=\u00bb1_3&#8243;][et_pb_blurb admin_label=\u00bbDirecci\u00f3n\u00bb _builder_version=\u00bb3.0.87&#8243; url_new_window=\u00bbon\u00bb use_icon=\u00bbon\u00bb font_icon=\u00bb%%122%%\u00bb use_circle=\u00bboff\u00bb use_circle_border=\u00bboff\u00bb icon_placement=\u00bbtop\u00bb use_icon_font_size=\u00bboff\u00bb border_style_top_image=\u00bbsolid\u00bb border_style_right_image=\u00bbsolid\u00bb border_style_bottom_image=\u00bbsolid\u00bb border_style_left_image=\u00bbsolid\u00bb background_layout=\u00bblight\u00bb header_text_align=\u00bbcenter\u00bb body_text_align=\u00bbcenter\u00bb title=\u00bbColegio Salesiano San Bartolom\u00e9\u00bb text_orientation=\u00bbcenter\u00bb url=\u00bbhttps:\/\/www.google.es\/maps\/place\/Calle+Eduardo+Dom%C3%ADnguez+%C3%81vila,+19,+29014+M%C3%A1laga\/@36.731222,-4.4238126,17z\/data=!3m1!4b1!4m5!3m4!1s0xd72f7b9c6dd7f5d:0xd2320464490da072!8m2!3d36.731222!4d-4.4216239?hl=es\u00bb header_font_size=\u00bb16&#8243; \/][\/et_pb_column][et_pb_column type=\u00bb1_3&#8243;][et_pb_blurb admin_label=\u00bbTel\u00e9fono\u00bb _builder_version=\u00bb3.0.89&#8243; title=\u00bbTfno: 952 25 15 41&#8243; url_new_window=\u00bboff\u00bb use_icon=\u00bbon\u00bb font_icon=\u00bb%%264%%\u00bb use_circle=\u00bboff\u00bb use_circle_border=\u00bboff\u00bb icon_placement=\u00bbtop\u00bb use_icon_font_size=\u00bboff\u00bb background_layout=\u00bblight\u00bb text_orientation=\u00bbcenter\u00bb header_text_align=\u00bbcenter\u00bb body_text_align=\u00bbcenter\u00bb header_font_size=\u00bb16&#8243; url=\u00bbtel:\/\/952251541&#8243; \/][\/et_pb_column][et_pb_column type=\u00bb1_3&#8243;][et_pb_blurb admin_label=\u00bbCorreo\u00bb _builder_version=\u00bb3.0.87&#8243; url_new_window=\u00bboff\u00bb use_icon=\u00bbon\u00bb font_icon=\u00bb%%153%%\u00bb use_circle=\u00bboff\u00bb use_circle_border=\u00bboff\u00bb icon_placement=\u00bbtop\u00bb use_icon_font_size=\u00bboff\u00bb border_style_top_image=\u00bbsolid\u00bb border_style_right_image=\u00bbsolid\u00bb border_style_bottom_image=\u00bbsolid\u00bb border_style_left_image=\u00bbsolid\u00bb background_layout=\u00bblight\u00bb header_text_align=\u00bbcenter\u00bb body_text_align=\u00bbcenter\u00bb title=\u00bbpj.malaga@salesianos.edu\u00bb text_orientation=\u00bbcenter\u00bb url=\u00bbmailto:pj.malaga@salesianos.edu\u00bb header_font_size=\u00bb16&#8243; \/][\/et_pb_column][\/et_pb_row][\/et_pb_section]<\/p>\n","protected":false},"excerpt":{"rendered":"<p>Desde los 6 a los 9 a\u00f1os, con reuni\u00f3n semanal (lunes), introduci\u00e9ndoles a la iniciaci\u00f3n en la fe, preparando la recepci\u00f3n de la Primera Comuni\u00f3n dentro tambi\u00e9n del plan establecido en la Di\u00f3cesis y con el catecismo de la Conferencia Episcopal Espa\u00f1ola. <div class=\"et_pb_row et_pb_row_0 et_pb_row_empty\">\n\t\t\t\t\n\t\t\t\t\n\t\t\t\t\n\t\t\t\t\n\t\t\t\t\n\t\t\t<\/div> \u00a1Env\u00edanos un mensaje!<\/p>\n","protected":false},"author":2,"featured_media":0,"parent":0,"menu_order":0,"comment_status":"closed","ping_status":"closed","template":"","meta":{"_et_pb_use_builder":"on","_et_pb_old_content":"","_et_gb_content_width":"","footnotes":""},"class_list":["post-4913","page","type-page","status-publish","hentry"],"yoast_head":"<!-- This site is optimized with the Yoast SEO plugin v27.4 - https:\/\/yoast.com\/product\/yoast-seo-wordpress\/ -->\n<title>Catequesis de iniciaci\u00f3n - Centro Juvenil | Salesianos M\u00e1laga<\/title>\n<meta name=\"robots\" content=\"index, follow, max-snippet:-1, max-image-preview:large, max-video-preview:-1\" \/>\n<link rel=\"canonical\" href=\"https:\/\/malaga.salesianos.edu\/centrojuvenil\/catequesis-de-iniciacion\/\" \/>\n<meta property=\"og:locale\" content=\"es_ES\" \/>\n<meta property=\"og:type\" content=\"article\" \/>\n<meta property=\"og:title\" content=\"Catequesis de iniciaci\u00f3n - Centro Juvenil | Salesianos M\u00e1laga\" \/>\n<meta property=\"og:description\" content=\"Desde los 6 a los 9 a\u00f1os, con reuni\u00f3n semanal (lunes), introduci\u00e9ndoles a la iniciaci\u00f3n en la fe, preparando la recepci\u00f3n de la Primera Comuni\u00f3n dentro tambi\u00e9n del plan establecido en la Di\u00f3cesis y con el catecismo de la Conferencia Episcopal Espa\u00f1ola. \u00a1Env\u00edanos un mensaje!\" \/>\n<meta property=\"og:url\" content=\"https:\/\/malaga.salesianos.edu\/centrojuvenil\/catequesis-de-iniciacion\/\" \/>\n<meta property=\"og:site_name\" content=\"Centro Juvenil | Salesianos M\u00e1laga\" \/>\n<meta property=\"article:modified_time\" content=\"2018-10-03T21:39:05+00:00\" \/>\n<meta name=\"twitter:card\" content=\"summary_large_image\" \/>\n<meta name=\"twitter:label1\" content=\"Tiempo de lectura\" \/>\n\t<meta name=\"twitter:data1\" content=\"4 minutos\" \/>\n<script type=\"application\/ld+json\" class=\"yoast-schema-graph\">{\"@context\":\"https:\\\/\\\/schema.org\",\"@graph\":[{\"@type\":\"WebPage\",\"@id\":\"https:\\\/\\\/malaga.salesianos.edu\\\/centrojuvenil\\\/catequesis-de-iniciacion\\\/\",\"url\":\"https:\\\/\\\/malaga.salesianos.edu\\\/centrojuvenil\\\/catequesis-de-iniciacion\\\/\",\"name\":\"Catequesis de iniciaci\u00f3n - Centro Juvenil | Salesianos M\u00e1laga\",\"isPartOf\":{\"@id\":\"https:\\\/\\\/malaga.salesianos.edu\\\/centrojuvenil\\\/#website\"},\"datePublished\":\"2017-10-28T08:20:23+00:00\",\"dateModified\":\"2018-10-03T21:39:05+00:00\",\"breadcrumb\":{\"@id\":\"https:\\\/\\\/malaga.salesianos.edu\\\/centrojuvenil\\\/catequesis-de-iniciacion\\\/#breadcrumb\"},\"inLanguage\":\"es\",\"potentialAction\":[{\"@type\":\"ReadAction\",\"target\":[\"https:\\\/\\\/malaga.salesianos.edu\\\/centrojuvenil\\\/catequesis-de-iniciacion\\\/\"]}]},{\"@type\":\"BreadcrumbList\",\"@id\":\"https:\\\/\\\/malaga.salesianos.edu\\\/centrojuvenil\\\/catequesis-de-iniciacion\\\/#breadcrumb\",\"itemListElement\":[{\"@type\":\"ListItem\",\"position\":1,\"name\":\"Portada\",\"item\":\"https:\\\/\\\/malaga.salesianos.edu\\\/centrojuvenil\\\/\"},{\"@type\":\"ListItem\",\"position\":2,\"name\":\"Catequesis de iniciaci\u00f3n\"}]},{\"@type\":\"WebSite\",\"@id\":\"https:\\\/\\\/malaga.salesianos.edu\\\/centrojuvenil\\\/#website\",\"url\":\"https:\\\/\\\/malaga.salesianos.edu\\\/centrojuvenil\\\/\",\"name\":\"Centro Juvenil | Salesianos M\u00e1laga\",\"description\":\"Centro Juvenil Francisco Miguez | Salesianos M\u00e1laga, Oratorio, Catequesis, Cristo Vive, Sal Terrae\",\"potentialAction\":[{\"@type\":\"SearchAction\",\"target\":{\"@type\":\"EntryPoint\",\"urlTemplate\":\"https:\\\/\\\/malaga.salesianos.edu\\\/centrojuvenil\\\/?s={search_term_string}\"},\"query-input\":{\"@type\":\"PropertyValueSpecification\",\"valueRequired\":true,\"valueName\":\"search_term_string\"}}],\"inLanguage\":\"es\"}]}<\/script>\n<!-- \/ Yoast SEO plugin. -->","yoast_head_json":{"title":"Catequesis de iniciaci\u00f3n - Centro Juvenil | Salesianos M\u00e1laga","robots":{"index":"index","follow":"follow","max-snippet":"max-snippet:-1","max-image-preview":"max-image-preview:large","max-video-preview":"max-video-preview:-1"},"canonical":"https:\/\/malaga.salesianos.edu\/centrojuvenil\/catequesis-de-iniciacion\/","og_locale":"es_ES","og_type":"article","og_title":"Catequesis de iniciaci\u00f3n - Centro Juvenil | Salesianos M\u00e1laga","og_description":"Desde los 6 a los 9 a\u00f1os, con reuni\u00f3n semanal (lunes), introduci\u00e9ndoles a la iniciaci\u00f3n en la fe, preparando la recepci\u00f3n de la Primera Comuni\u00f3n dentro tambi\u00e9n del plan establecido en la Di\u00f3cesis y con el catecismo de la Conferencia Episcopal Espa\u00f1ola. \u00a1Env\u00edanos un mensaje!","og_url":"https:\/\/malaga.salesianos.edu\/centrojuvenil\/catequesis-de-iniciacion\/","og_site_name":"Centro Juvenil | Salesianos M\u00e1laga","article_modified_time":"2018-10-03T21:39:05+00:00","twitter_card":"summary_large_image","twitter_misc":{"Tiempo de lectura":"4 minutos"},"schema":{"@context":"https:\/\/schema.org","@graph":[{"@type":"WebPage","@id":"https:\/\/malaga.salesianos.edu\/centrojuvenil\/catequesis-de-iniciacion\/","url":"https:\/\/malaga.salesianos.edu\/centrojuvenil\/catequesis-de-iniciacion\/","name":"Catequesis de iniciaci\u00f3n - Centro Juvenil | Salesianos M\u00e1laga","isPartOf":{"@id":"https:\/\/malaga.salesianos.edu\/centrojuvenil\/#website"},"datePublished":"2017-10-28T08:20:23+00:00","dateModified":"2018-10-03T21:39:05+00:00","breadcrumb":{"@id":"https:\/\/malaga.salesianos.edu\/centrojuvenil\/catequesis-de-iniciacion\/#breadcrumb"},"inLanguage":"es","potentialAction":[{"@type":"ReadAction","target":["https:\/\/malaga.salesianos.edu\/centrojuvenil\/catequesis-de-iniciacion\/"]}]},{"@type":"BreadcrumbList","@id":"https:\/\/malaga.salesianos.edu\/centrojuvenil\/catequesis-de-iniciacion\/#breadcrumb","itemListElement":[{"@type":"ListItem","position":1,"name":"Portada","item":"https:\/\/malaga.salesianos.edu\/centrojuvenil\/"},{"@type":"ListItem","position":2,"name":"Catequesis de iniciaci\u00f3n"}]},{"@type":"WebSite","@id":"https:\/\/malaga.salesianos.edu\/centrojuvenil\/#website","url":"https:\/\/malaga.salesianos.edu\/centrojuvenil\/","name":"Centro Juvenil | Salesianos M\u00e1laga","description":"Centro Juvenil Francisco Miguez | Salesianos M\u00e1laga, Oratorio, Catequesis, Cristo Vive, Sal Terrae","potentialAction":[{"@type":"SearchAction","target":{"@type":"EntryPoint","urlTemplate":"https:\/\/malaga.salesianos.edu\/centrojuvenil\/?s={search_term_string}"},"query-input":{"@type":"PropertyValueSpecification","valueRequired":true,"valueName":"search_term_string"}}],"inLanguage":"es"}]}},"_links":{"self":[{"href":"https:\/\/malaga.salesianos.edu\/centrojuvenil\/wp-json\/wp\/v2\/pages\/4913","targetHints":{"allow":["GET"]}}],"collection":[{"href":"https:\/\/malaga.salesianos.edu\/centrojuvenil\/wp-json\/wp\/v2\/pages"}],"about":[{"href":"https:\/\/malaga.salesianos.edu\/centrojuvenil\/wp-json\/wp\/v2\/types\/page"}],"author":[{"embeddable":true,"href":"https:\/\/malaga.salesianos.edu\/centrojuvenil\/wp-json\/wp\/v2\/users\/2"}],"replies":[{"embeddable":true,"href":"https:\/\/malaga.salesianos.edu\/centrojuvenil\/wp-json\/wp\/v2\/comments?post=4913"}],"version-history":[{"count":7,"href":"https:\/\/malaga.salesianos.edu\/centrojuvenil\/wp-json\/wp\/v2\/pages\/4913\/revisions"}],"predecessor-version":[{"id":8215,"href":"https:\/\/malaga.salesianos.edu\/centrojuvenil\/wp-json\/wp\/v2\/pages\/4913\/revisions\/8215"}],"wp:attachment":[{"href":"https:\/\/malaga.salesianos.edu\/centrojuvenil\/wp-json\/wp\/v2\/media?parent=4913"}],"curies":[{"name":"wp","href":"https:\/\/api.w.org\/{rel}","templated":true}]}}