{"id":4894,"date":"2017-10-28T01:35:53","date_gmt":"2017-10-27T23:35:53","guid":{"rendered":"https:\/\/malaga.salesianos.edu\/centrojuvenil\/?page_id=4894"},"modified":"2024-04-14T18:45:07","modified_gmt":"2024-04-14T16:45:07","slug":"centro-juvenil-salesiano-francisco-miguez","status":"publish","type":"page","link":"https:\/\/malaga.salesianos.edu\/centrojuvenil\/centro-juvenil-salesiano-francisco-miguez\/","title":{"rendered":"Oratorio"},"content":{"rendered":"<p>[et_pb_section fb_built=\u00bb1&#8243; fullwidth=\u00bbon\u00bb _builder_version=\u00bb4.16&#8243; global_colors_info=\u00bb{}\u00bb][et_pb_fullwidth_header title=\u00bbCentro Juvenil Francisco M\u00edguez\u00bb module_class=\u00bbpagina-imagen-cabecera\u00bb _builder_version=\u00bb4.16&#8243; title_text_color=\u00bb#ffffff\u00bb title_font_size=\u00bb40px\u00bb background_color=\u00bb#7cda24&#8243; background_image=\u00bbhttps:\/\/malaga.salesianos.edu\/centrojuvenil\/wp-content\/uploads\/sites\/6\/2017\/10\/20170726_100541.jpg\u00bb background_blend=\u00bbsoft-light\u00bb background_layout=\u00bblight\u00bb global_colors_info=\u00bb{}\u00bb button_one_text_size__hover_enabled=\u00bboff\u00bb button_two_text_size__hover_enabled=\u00bboff\u00bb button_one_text_color__hover_enabled=\u00bboff\u00bb button_two_text_color__hover_enabled=\u00bboff\u00bb button_one_border_width__hover_enabled=\u00bboff\u00bb button_two_border_width__hover_enabled=\u00bboff\u00bb button_one_border_color__hover_enabled=\u00bboff\u00bb button_two_border_color__hover_enabled=\u00bboff\u00bb button_one_border_radius__hover_enabled=\u00bboff\u00bb button_two_border_radius__hover_enabled=\u00bboff\u00bb button_one_letter_spacing__hover_enabled=\u00bboff\u00bb button_two_letter_spacing__hover_enabled=\u00bboff\u00bb button_one_bg_color__hover_enabled=\u00bboff\u00bb button_two_bg_color__hover_enabled=\u00bboff\u00bb][\/et_pb_fullwidth_header][\/et_pb_section][et_pb_section fb_built=\u00bb1&#8243; module_class=\u00bbpagina-seccion-contenido\u00bb _builder_version=\u00bb4.16&#8243; custom_padding=\u00bb-4%|||\u00bb transparent_background=\u00bboff\u00bb make_fullwidth=\u00bboff\u00bb use_custom_width=\u00bboff\u00bb width_unit=\u00bbon\u00bb global_colors_info=\u00bb{}\u00bb][et_pb_row _builder_version=\u00bb4.16&#8243; background_size=\u00bbinitial\u00bb background_position=\u00bbtop_left\u00bb background_repeat=\u00bbrepeat\u00bb global_colors_info=\u00bb{}\u00bb][et_pb_column type=\u00bb4_4&#8243; _builder_version=\u00bb4.16&#8243; custom_padding=\u00bb|||\u00bb global_colors_info=\u00bb{}\u00bb custom_padding__hover=\u00bb|||\u00bb][et_pb_post_title author=\u00bboff\u00bb date=\u00bboff\u00bb comments=\u00bboff\u00bb featured_image=\u00bboff\u00bb _builder_version=\u00bb4.16&#8243; title_font_size=\u00bb26&#8243; title_font_size_tablet=\u00bb\u00bb title_font_size_phone=\u00bb\u00bb title_font_size_last_edited=\u00bbon|phone\u00bb parallax_effect=\u00bboff\u00bb use_border_color=\u00bboff\u00bb border_color=\u00bb#ffffff\u00bb border_style=\u00bbsolid\u00bb global_colors_info=\u00bb{}\u00bb][\/et_pb_post_title][et_pb_text _builder_version=\u00bb4.16&#8243; text_orientation=\u00bbjustified\u00bb module_alignment=\u00bbjustified\u00bb global_colors_info=\u00bb{}\u00bb]<\/p>\n<blockquote><p><strong>El ambiente Oratorio-Centro Juvenil es una hermosa realidad de la Casa Salesiana de M\u00e1laga, que recoge la tradici\u00f3n educativa del Oratorio de D. Bosco que los salesianos vienen desarrollando desde hace m\u00e1s de 100 a\u00f1os en nuestra ciudad. <\/strong><\/p><\/blockquote>\n<p>[\/et_pb_text][\/et_pb_column][\/et_pb_row][et_pb_row column_structure=\u00bb2_3,1_3&#8243; module_class=\u00bbpagina-texto\u00bb _builder_version=\u00bb4.16&#8243; background_size=\u00bbinitial\u00bb background_position=\u00bbtop_left\u00bb background_repeat=\u00bbrepeat\u00bb make_fullwidth=\u00bboff\u00bb use_custom_width=\u00bboff\u00bb width_unit=\u00bbon\u00bb global_colors_info=\u00bb{}\u00bb][et_pb_column type=\u00bb2_3&#8243; _builder_version=\u00bb4.16&#8243; custom_padding=\u00bb|||\u00bb global_colors_info=\u00bb{}\u00bb custom_padding__hover=\u00bb|||\u00bb][et_pb_text _builder_version=\u00bb4.16&#8243; text_orientation=\u00bbjustified\u00bb module_alignment=\u00bbjustified\u00bb global_colors_info=\u00bb{}\u00bb]<\/p>\n<h3><strong>Historia<br \/>\n<\/strong><\/h3>\n<p>Desde 1992, la Asociaci\u00f3n Juvenil \u201cFrancisco M\u00edguez\u201d abandera esta tarea y es el v\u00ednculo de uni\u00f3n de los diversos grupos que trabajan en este ambiente con los ni\u00f1os y j\u00f3venes.\u00a0 Con el estilo de educaci\u00f3n salesiano -desde el Sistema Preventivo- tiene como \ufb01 nes propios la educaci\u00f3n y evangelizaci\u00f3n en el tiempo libre de ni\u00f1os, adolescentes y j\u00f3venes, de modo que puedan crecer en valores para insertarse positivamente en la sociedad y formar parte activa de la Iglesia, desde la propia vocaci\u00f3n.<\/p>\n<h3><strong>Destinatarios<br \/>\n<\/strong><\/h3>\n<p>Ni\u00f1os, adolescentes y j\u00f3venes, abierto a quien desee participar de la experiencia ya sean alumnos de nuestro Colegio o provengan de cualquier otro ambiente. Atendidos siempre por un numeroso grupo de j\u00f3venes animadores, con formaci\u00f3n adecuada y aprendizaje continuo y comprometidos en este trabajo educativo, que viven y proponen el estilo de Don Bosco.<\/p>\n<h3><strong>Fines, objetivos, actividades frecuentes<br \/>\n<\/strong><\/h3>\n<p>Se proponen y comparten actividades de ocio y tiempo libre (juegos, deporte, salidas, excursiones, campamento urbano, colonias de verano\u2026) enriquecidas con actividades de educaci\u00f3n en la fe (Catequesis de 1\u00aa comuni\u00f3n, de postcomuni\u00f3n, de con\ufb01 rmaci\u00f3n), catequesis de perseverancia (grupos de fe, oraci\u00f3n, celebraciones, Eucarist\u00eda dominical) y actividades de car\u00e1cter social (proyecto Apl\u00ed de refuerzo educativo y actividades de patio, diversas campa\u00f1as solidarias y participaci\u00f3n en eventos\u2026)<br \/>\nIntegrado todo en un proyecto com\u00fan salesiano que a\u00fana educaci\u00f3n y evangelizaci\u00f3n con el deseo de llegar al mayor n\u00famero posible de destinatarios; En este ambiente sano y sugerente se atiende semanalmente a muchos chicos y chicas de diferentes edades.<br \/>\n[\/et_pb_text][\/et_pb_column][et_pb_column type=\u00bb1_3&#8243; _builder_version=\u00bb4.16&#8243; custom_padding=\u00bb|||\u00bb global_colors_info=\u00bb{}\u00bb custom_padding__hover=\u00bb|||\u00bb][et_pb_image src=\u00bbhttps:\/\/malaga.salesianos.edu\/centrojuvenil\/wp-content\/uploads\/sites\/6\/2024\/04\/CJFRANCISCOMIGUEZ-300&#215;243.jpg\u00bb title_text=\u00bbCJFRANCISCOMIGUEZ\u00bb force_fullwidth=\u00bbon\u00bb align_tablet=\u00bbcenter\u00bb align_phone=\u00bbcenter\u00bb align_last_edited=\u00bbon|desktop\u00bb _builder_version=\u00bb4.24.3&#8243; animation_style=\u00bbslide\u00bb animation_direction=\u00bbright\u00bb hover_enabled=\u00bb0&#8243; always_center_on_mobile=\u00bbon\u00bb global_colors_info=\u00bb{}\u00bb border_radii=\u00bbon|20px|20px|20px|20px\u00bb sticky_enabled=\u00bb0&#8243;][\/et_pb_image][\/et_pb_column][\/et_pb_row][et_pb_row column_structure=\u00bb1_2,1_2&#8243; _builder_version=\u00bb4.16&#8243; background_size=\u00bbinitial\u00bb background_position=\u00bbtop_left\u00bb background_repeat=\u00bbrepeat\u00bb global_colors_info=\u00bb{}\u00bb][et_pb_column type=\u00bb1_2&#8243; _builder_version=\u00bb4.16&#8243; custom_padding=\u00bb|||\u00bb global_colors_info=\u00bb{}\u00bb custom_padding__hover=\u00bb|||\u00bb][et_pb_text _builder_version=\u00bb4.16&#8243; global_colors_info=\u00bb{}\u00bb]<\/p>\n<h1 class=\"et_pb_contact_main_title\">\u00a1Env\u00edanos un mensaje!<\/h1>\n<p>[\/et_pb_text][et_pb_contact_form email=\u00bbpj.malaga@salesianos.edu\u00bb _builder_version=\u00bb4.16&#8243; _unique_id=\u00bbe0bf396a-8b6a-4ada-978c-8765fd5eb28c\u00bb saved_tabs=\u00bball\u00bb global_colors_info=\u00bb{}\u00bb][et_pb_contact_field field_id=\u00bbName\u00bb field_title=\u00bbNombre\u00bb _builder_version=\u00bb4.16&#8243; global_colors_info=\u00bb{}\u00bb button_text_size__hover_enabled=\u00bboff\u00bb button_one_text_size__hover_enabled=\u00bboff\u00bb button_two_text_size__hover_enabled=\u00bboff\u00bb button_text_color__hover_enabled=\u00bboff\u00bb button_one_text_color__hover_enabled=\u00bboff\u00bb button_two_text_color__hover_enabled=\u00bboff\u00bb button_border_width__hover_enabled=\u00bboff\u00bb button_one_border_width__hover_enabled=\u00bboff\u00bb button_two_border_width__hover_enabled=\u00bboff\u00bb button_border_color__hover_enabled=\u00bboff\u00bb button_one_border_color__hover_enabled=\u00bboff\u00bb button_two_border_color__hover_enabled=\u00bboff\u00bb button_border_radius__hover_enabled=\u00bboff\u00bb button_one_border_radius__hover_enabled=\u00bboff\u00bb button_two_border_radius__hover_enabled=\u00bboff\u00bb button_letter_spacing__hover_enabled=\u00bboff\u00bb button_one_letter_spacing__hover_enabled=\u00bboff\u00bb button_two_letter_spacing__hover_enabled=\u00bboff\u00bb button_bg_color__hover_enabled=\u00bboff\u00bb button_one_bg_color__hover_enabled=\u00bboff\u00bb button_two_bg_color__hover_enabled=\u00bboff\u00bb][\/et_pb_contact_field][et_pb_contact_field field_id=\u00bbEmail\u00bb field_title=\u00bbDirecci\u00f3n de correo electr\u00f3nico\u00bb field_type=\u00bbemail\u00bb _builder_version=\u00bb4.16&#8243; global_colors_info=\u00bb{}\u00bb button_text_size__hover_enabled=\u00bboff\u00bb button_one_text_size__hover_enabled=\u00bboff\u00bb button_two_text_size__hover_enabled=\u00bboff\u00bb button_text_color__hover_enabled=\u00bboff\u00bb button_one_text_color__hover_enabled=\u00bboff\u00bb button_two_text_color__hover_enabled=\u00bboff\u00bb button_border_width__hover_enabled=\u00bboff\u00bb button_one_border_width__hover_enabled=\u00bboff\u00bb button_two_border_width__hover_enabled=\u00bboff\u00bb button_border_color__hover_enabled=\u00bboff\u00bb button_one_border_color__hover_enabled=\u00bboff\u00bb button_two_border_color__hover_enabled=\u00bboff\u00bb button_border_radius__hover_enabled=\u00bboff\u00bb button_one_border_radius__hover_enabled=\u00bboff\u00bb button_two_border_radius__hover_enabled=\u00bboff\u00bb button_letter_spacing__hover_enabled=\u00bboff\u00bb button_one_letter_spacing__hover_enabled=\u00bboff\u00bb button_two_letter_spacing__hover_enabled=\u00bboff\u00bb button_bg_color__hover_enabled=\u00bboff\u00bb button_one_bg_color__hover_enabled=\u00bboff\u00bb button_two_bg_color__hover_enabled=\u00bboff\u00bb][\/et_pb_contact_field][et_pb_contact_field field_id=\u00bbMessage\u00bb field_title=\u00bbMensaje\u00bb field_type=\u00bbtext\u00bb fullwidth_field=\u00bbon\u00bb _builder_version=\u00bb4.16&#8243; global_colors_info=\u00bb{}\u00bb button_text_size__hover_enabled=\u00bboff\u00bb button_one_text_size__hover_enabled=\u00bboff\u00bb button_two_text_size__hover_enabled=\u00bboff\u00bb button_text_color__hover_enabled=\u00bboff\u00bb button_one_text_color__hover_enabled=\u00bboff\u00bb button_two_text_color__hover_enabled=\u00bboff\u00bb button_border_width__hover_enabled=\u00bboff\u00bb button_one_border_width__hover_enabled=\u00bboff\u00bb button_two_border_width__hover_enabled=\u00bboff\u00bb button_border_color__hover_enabled=\u00bboff\u00bb button_one_border_color__hover_enabled=\u00bboff\u00bb button_two_border_color__hover_enabled=\u00bboff\u00bb button_border_radius__hover_enabled=\u00bboff\u00bb button_one_border_radius__hover_enabled=\u00bboff\u00bb button_two_border_radius__hover_enabled=\u00bboff\u00bb button_letter_spacing__hover_enabled=\u00bboff\u00bb button_one_letter_spacing__hover_enabled=\u00bboff\u00bb button_two_letter_spacing__hover_enabled=\u00bboff\u00bb button_bg_color__hover_enabled=\u00bboff\u00bb button_one_bg_color__hover_enabled=\u00bboff\u00bb button_two_bg_color__hover_enabled=\u00bboff\u00bb][\/et_pb_contact_field][et_pb_contact_field field_id=\u00bbPol\u00edtica_de_privacidad\u00bb field_title=\u00bb \u00bb field_type=\u00bbcheckbox\u00bb fullwidth_field=\u00bbon\u00bb _builder_version=\u00bb4.16&#8243; form_field_font=\u00bb||||\u00bb use_border_color=\u00bboff\u00bb border_style=\u00bbsolid\u00bb global_colors_info=\u00bb{}\u00bb button_text_size__hover_enabled=\u00bboff\u00bb button_one_text_size__hover_enabled=\u00bboff\u00bb button_two_text_size__hover_enabled=\u00bboff\u00bb button_text_color__hover_enabled=\u00bboff\u00bb button_one_text_color__hover_enabled=\u00bboff\u00bb button_two_text_color__hover_enabled=\u00bboff\u00bb button_border_width__hover_enabled=\u00bboff\u00bb button_one_border_width__hover_enabled=\u00bboff\u00bb button_two_border_width__hover_enabled=\u00bboff\u00bb button_border_color__hover_enabled=\u00bboff\u00bb button_one_border_color__hover_enabled=\u00bboff\u00bb button_two_border_color__hover_enabled=\u00bboff\u00bb button_border_radius__hover_enabled=\u00bboff\u00bb button_one_border_radius__hover_enabled=\u00bboff\u00bb button_two_border_radius__hover_enabled=\u00bboff\u00bb button_letter_spacing__hover_enabled=\u00bboff\u00bb button_one_letter_spacing__hover_enabled=\u00bboff\u00bb button_two_letter_spacing__hover_enabled=\u00bboff\u00bb button_bg_color__hover_enabled=\u00bboff\u00bb button_one_bg_color__hover_enabled=\u00bboff\u00bb button_two_bg_color__hover_enabled=\u00bboff\u00bb checkbox_options=\u00bb%91{%22value%22:%22Acepto la pol\u00edtica de privacidad del sitio%22,%22checked%22:0}%93&#8243;][\/et_pb_contact_field][\/et_pb_contact_form][\/et_pb_column][et_pb_column type=\u00bb1_2&#8243; _builder_version=\u00bb4.16&#8243; custom_padding=\u00bb|||\u00bb global_colors_info=\u00bb{}\u00bb custom_padding__hover=\u00bb|||\u00bb][et_pb_divider show_divider=\u00bboff\u00bb _builder_version=\u00bb4.16&#8243; global_colors_info=\u00bb{}\u00bb][\/et_pb_divider][et_pb_gallery gallery_ids=\u00bb4983,4984,4985,4986&#8243; fullwidth=\u00bbon\u00bb _builder_version=\u00bb4.16&#8243; auto=\u00bbon\u00bb pagination_font_size_tablet=\u00bb51&#8243; pagination_line_height_tablet=\u00bb2&#8243; global_colors_info=\u00bb{}\u00bb][\/et_pb_gallery][\/et_pb_column][\/et_pb_row][et_pb_row column_structure=\u00bb1_3,1_3,1_3&#8243; _builder_version=\u00bb4.16&#8243; global_colors_info=\u00bb{}\u00bb][et_pb_column type=\u00bb1_3&#8243; _builder_version=\u00bb4.16&#8243; custom_padding=\u00bb|||\u00bb global_colors_info=\u00bb{}\u00bb custom_padding__hover=\u00bb|||\u00bb][et_pb_blurb title=\u00bbC\/ Eduardo Dom\u00ednguez \u00c1vila, 19&#8243; url=\u00bbhttps:\/\/www.google.es\/maps\/place\/Calle+Eduardo+Dom%C3%ADnguez+%C3%81vila,+19,+29014+M%C3%A1laga\/@36.7312263,-4.4238126,17z\/data=!4m5!3m4!1s0xd72f7b9c6dd7f5d:0xd2320464490da072!8m2!3d36.731222!4d-4.4216239?hl=es\u00bb url_new_window=\u00bbon\u00bb use_icon=\u00bbon\u00bb font_icon=\u00bb&#xe01d;||divi||400&#8243; admin_label=\u00bbDirecci\u00f3n\u00bb _builder_version=\u00bb4.16&#8243; header_text_align=\u00bbcenter\u00bb header_font_size=\u00bb16&#8243; body_text_align=\u00bbcenter\u00bb text_orientation=\u00bbcenter\u00bb use_circle=\u00bboff\u00bb use_circle_border=\u00bboff\u00bb global_colors_info=\u00bb{}\u00bb][\/et_pb_blurb][\/et_pb_column][et_pb_column type=\u00bb1_3&#8243; _builder_version=\u00bb4.16&#8243; custom_padding=\u00bb|||\u00bb global_colors_info=\u00bb{}\u00bb custom_padding__hover=\u00bb|||\u00bb][et_pb_blurb title=\u00bbTfno: 952 25 15 41&#8243; url=\u00bbtel:\/\/952251541&#8243; use_icon=\u00bbon\u00bb font_icon=\u00bb&#xe090;||divi||400&#8243; admin_label=\u00bbTel\u00e9fono\u00bb _builder_version=\u00bb4.16&#8243; header_text_align=\u00bbcenter\u00bb header_font_size=\u00bb16&#8243; body_text_align=\u00bbcenter\u00bb text_orientation=\u00bbcenter\u00bb use_circle=\u00bboff\u00bb use_circle_border=\u00bboff\u00bb global_colors_info=\u00bb{}\u00bb][\/et_pb_blurb][\/et_pb_column][et_pb_column type=\u00bb1_3&#8243; _builder_version=\u00bb4.16&#8243; custom_padding=\u00bb|||\u00bb global_colors_info=\u00bb{}\u00bb custom_padding__hover=\u00bb|||\u00bb][et_pb_blurb title=\u00bbpj.malaga@salesianos.edu\u00bb url=\u00bbmailto:pj.malaga@salesianos.edu\u00bb use_icon=\u00bbon\u00bb font_icon=\u00bb&#xe010;||divi||400&#8243; admin_label=\u00bbCorreo\u00bb _builder_version=\u00bb4.16&#8243; header_text_align=\u00bbcenter\u00bb header_font_size=\u00bb16&#8243; body_text_align=\u00bbcenter\u00bb text_orientation=\u00bbcenter\u00bb use_circle=\u00bboff\u00bb use_circle_border=\u00bboff\u00bb global_colors_info=\u00bb{}\u00bb][\/et_pb_blurb][\/et_pb_column][\/et_pb_row][\/et_pb_section]<\/p>\n","protected":false},"excerpt":{"rendered":"<p>El ambiente Oratorio-Centro Juvenil es una hermosa realidad de la Casa Salesiana de M\u00e1laga, que recoge la tradici\u00f3n educativa del Oratorio de D. Bosco que los salesianos vienen desarrollando desde hace m\u00e1s de 100 a\u00f1os en nuestra ciudad. Historia Desde 1992, la Asociaci\u00f3n Juvenil \u201cFrancisco M\u00edguez\u201d abandera esta tarea y es el v\u00ednculo de uni\u00f3n [&hellip;]<\/p>\n","protected":false},"author":2,"featured_media":0,"parent":0,"menu_order":0,"comment_status":"closed","ping_status":"closed","template":"","meta":{"_et_pb_use_builder":"on","_et_pb_old_content":"","_et_gb_content_width":"","footnotes":""},"class_list":["post-4894","page","type-page","status-publish","hentry"],"yoast_head":"<!-- This site is optimized with the Yoast SEO plugin v27.3 - https:\/\/yoast.com\/product\/yoast-seo-wordpress\/ -->\n<title>Oratorio | Centro Juvenil Francisco M\u00edguez | Salesianos M\u00e1laga<\/title>\n<meta name=\"description\" content=\"El ambiente Oratorio del Centro Juvenil Francisco M\u00edguez, es una hermosa realidad de la Casa Salesiana de M\u00e1laga, que recoge la tradici\u00f3n educativa del Oratorio de D. Bosco que los salesianos vienen desarrollando desde hace m\u00e1s de 100 a\u00f1os en nuestra ciudad.\" \/>\n<meta name=\"robots\" content=\"index, follow, max-snippet:-1, max-image-preview:large, max-video-preview:-1\" \/>\n<link rel=\"canonical\" href=\"https:\/\/malaga.salesianos.edu\/centrojuvenil\/centro-juvenil-salesiano-francisco-miguez\/\" \/>\n<meta property=\"og:locale\" content=\"es_ES\" \/>\n<meta property=\"og:type\" content=\"article\" \/>\n<meta property=\"og:title\" content=\"Oratorio | Centro Juvenil Francisco M\u00edguez | Salesianos M\u00e1laga\" \/>\n<meta property=\"og:description\" content=\"El ambiente Oratorio del Centro Juvenil Francisco M\u00edguez, es una hermosa realidad de la Casa Salesiana de M\u00e1laga, que recoge la tradici\u00f3n educativa del Oratorio de D. Bosco que los salesianos vienen desarrollando desde hace m\u00e1s de 100 a\u00f1os en nuestra ciudad.\" \/>\n<meta property=\"og:url\" content=\"https:\/\/malaga.salesianos.edu\/centrojuvenil\/centro-juvenil-salesiano-francisco-miguez\/\" \/>\n<meta property=\"og:site_name\" content=\"Centro Juvenil | Salesianos M\u00e1laga\" \/>\n<meta property=\"article:modified_time\" content=\"2024-04-14T16:45:07+00:00\" \/>\n<meta name=\"twitter:card\" content=\"summary_large_image\" \/>\n<meta name=\"twitter:label1\" content=\"Tiempo de lectura\" \/>\n\t<meta name=\"twitter:data1\" content=\"3 minutos\" \/>\n<script type=\"application\/ld+json\" class=\"yoast-schema-graph\">{\"@context\":\"https:\\\/\\\/schema.org\",\"@graph\":[{\"@type\":\"WebPage\",\"@id\":\"https:\\\/\\\/malaga.salesianos.edu\\\/centrojuvenil\\\/centro-juvenil-salesiano-francisco-miguez\\\/\",\"url\":\"https:\\\/\\\/malaga.salesianos.edu\\\/centrojuvenil\\\/centro-juvenil-salesiano-francisco-miguez\\\/\",\"name\":\"Oratorio | Centro Juvenil Francisco M\u00edguez | Salesianos M\u00e1laga\",\"isPartOf\":{\"@id\":\"https:\\\/\\\/malaga.salesianos.edu\\\/centrojuvenil\\\/#website\"},\"datePublished\":\"2017-10-27T23:35:53+00:00\",\"dateModified\":\"2024-04-14T16:45:07+00:00\",\"description\":\"El ambiente Oratorio del Centro Juvenil Francisco M\u00edguez, es una hermosa realidad de la Casa Salesiana de M\u00e1laga, que recoge la tradici\u00f3n educativa del Oratorio de D. Bosco que los salesianos vienen desarrollando desde hace m\u00e1s de 100 a\u00f1os en nuestra ciudad.\",\"breadcrumb\":{\"@id\":\"https:\\\/\\\/malaga.salesianos.edu\\\/centrojuvenil\\\/centro-juvenil-salesiano-francisco-miguez\\\/#breadcrumb\"},\"inLanguage\":\"es\",\"potentialAction\":[{\"@type\":\"ReadAction\",\"target\":[\"https:\\\/\\\/malaga.salesianos.edu\\\/centrojuvenil\\\/centro-juvenil-salesiano-francisco-miguez\\\/\"]}]},{\"@type\":\"BreadcrumbList\",\"@id\":\"https:\\\/\\\/malaga.salesianos.edu\\\/centrojuvenil\\\/centro-juvenil-salesiano-francisco-miguez\\\/#breadcrumb\",\"itemListElement\":[{\"@type\":\"ListItem\",\"position\":1,\"name\":\"Portada\",\"item\":\"https:\\\/\\\/malaga.salesianos.edu\\\/centrojuvenil\\\/\"},{\"@type\":\"ListItem\",\"position\":2,\"name\":\"Oratorio\"}]},{\"@type\":\"WebSite\",\"@id\":\"https:\\\/\\\/malaga.salesianos.edu\\\/centrojuvenil\\\/#website\",\"url\":\"https:\\\/\\\/malaga.salesianos.edu\\\/centrojuvenil\\\/\",\"name\":\"Centro Juvenil | Salesianos M\u00e1laga\",\"description\":\"Centro Juvenil Francisco Miguez | Salesianos M\u00e1laga, Oratorio, Catequesis, Cristo Vive, Sal Terrae\",\"potentialAction\":[{\"@type\":\"SearchAction\",\"target\":{\"@type\":\"EntryPoint\",\"urlTemplate\":\"https:\\\/\\\/malaga.salesianos.edu\\\/centrojuvenil\\\/?s={search_term_string}\"},\"query-input\":{\"@type\":\"PropertyValueSpecification\",\"valueRequired\":true,\"valueName\":\"search_term_string\"}}],\"inLanguage\":\"es\"}]}<\/script>\n<!-- \/ Yoast SEO plugin. -->","yoast_head_json":{"title":"Oratorio | Centro Juvenil Francisco M\u00edguez | Salesianos M\u00e1laga","description":"El ambiente Oratorio del Centro Juvenil Francisco M\u00edguez, es una hermosa realidad de la Casa Salesiana de M\u00e1laga, que recoge la tradici\u00f3n educativa del Oratorio de D. Bosco que los salesianos vienen desarrollando desde hace m\u00e1s de 100 a\u00f1os en nuestra ciudad.","robots":{"index":"index","follow":"follow","max-snippet":"max-snippet:-1","max-image-preview":"max-image-preview:large","max-video-preview":"max-video-preview:-1"},"canonical":"https:\/\/malaga.salesianos.edu\/centrojuvenil\/centro-juvenil-salesiano-francisco-miguez\/","og_locale":"es_ES","og_type":"article","og_title":"Oratorio | Centro Juvenil Francisco M\u00edguez | Salesianos M\u00e1laga","og_description":"El ambiente Oratorio del Centro Juvenil Francisco M\u00edguez, es una hermosa realidad de la Casa Salesiana de M\u00e1laga, que recoge la tradici\u00f3n educativa del Oratorio de D. Bosco que los salesianos vienen desarrollando desde hace m\u00e1s de 100 a\u00f1os en nuestra ciudad.","og_url":"https:\/\/malaga.salesianos.edu\/centrojuvenil\/centro-juvenil-salesiano-francisco-miguez\/","og_site_name":"Centro Juvenil | Salesianos M\u00e1laga","article_modified_time":"2024-04-14T16:45:07+00:00","twitter_card":"summary_large_image","twitter_misc":{"Tiempo de lectura":"3 minutos"},"schema":{"@context":"https:\/\/schema.org","@graph":[{"@type":"WebPage","@id":"https:\/\/malaga.salesianos.edu\/centrojuvenil\/centro-juvenil-salesiano-francisco-miguez\/","url":"https:\/\/malaga.salesianos.edu\/centrojuvenil\/centro-juvenil-salesiano-francisco-miguez\/","name":"Oratorio | Centro Juvenil Francisco M\u00edguez | Salesianos M\u00e1laga","isPartOf":{"@id":"https:\/\/malaga.salesianos.edu\/centrojuvenil\/#website"},"datePublished":"2017-10-27T23:35:53+00:00","dateModified":"2024-04-14T16:45:07+00:00","description":"El ambiente Oratorio del Centro Juvenil Francisco M\u00edguez, es una hermosa realidad de la Casa Salesiana de M\u00e1laga, que recoge la tradici\u00f3n educativa del Oratorio de D. Bosco que los salesianos vienen desarrollando desde hace m\u00e1s de 100 a\u00f1os en nuestra ciudad.","breadcrumb":{"@id":"https:\/\/malaga.salesianos.edu\/centrojuvenil\/centro-juvenil-salesiano-francisco-miguez\/#breadcrumb"},"inLanguage":"es","potentialAction":[{"@type":"ReadAction","target":["https:\/\/malaga.salesianos.edu\/centrojuvenil\/centro-juvenil-salesiano-francisco-miguez\/"]}]},{"@type":"BreadcrumbList","@id":"https:\/\/malaga.salesianos.edu\/centrojuvenil\/centro-juvenil-salesiano-francisco-miguez\/#breadcrumb","itemListElement":[{"@type":"ListItem","position":1,"name":"Portada","item":"https:\/\/malaga.salesianos.edu\/centrojuvenil\/"},{"@type":"ListItem","position":2,"name":"Oratorio"}]},{"@type":"WebSite","@id":"https:\/\/malaga.salesianos.edu\/centrojuvenil\/#website","url":"https:\/\/malaga.salesianos.edu\/centrojuvenil\/","name":"Centro Juvenil | Salesianos M\u00e1laga","description":"Centro Juvenil Francisco Miguez | Salesianos M\u00e1laga, Oratorio, Catequesis, Cristo Vive, Sal Terrae","potentialAction":[{"@type":"SearchAction","target":{"@type":"EntryPoint","urlTemplate":"https:\/\/malaga.salesianos.edu\/centrojuvenil\/?s={search_term_string}"},"query-input":{"@type":"PropertyValueSpecification","valueRequired":true,"valueName":"search_term_string"}}],"inLanguage":"es"}]}},"_links":{"self":[{"href":"https:\/\/malaga.salesianos.edu\/centrojuvenil\/wp-json\/wp\/v2\/pages\/4894","targetHints":{"allow":["GET"]}}],"collection":[{"href":"https:\/\/malaga.salesianos.edu\/centrojuvenil\/wp-json\/wp\/v2\/pages"}],"about":[{"href":"https:\/\/malaga.salesianos.edu\/centrojuvenil\/wp-json\/wp\/v2\/types\/page"}],"author":[{"embeddable":true,"href":"https:\/\/malaga.salesianos.edu\/centrojuvenil\/wp-json\/wp\/v2\/users\/2"}],"replies":[{"embeddable":true,"href":"https:\/\/malaga.salesianos.edu\/centrojuvenil\/wp-json\/wp\/v2\/comments?post=4894"}],"version-history":[{"count":16,"href":"https:\/\/malaga.salesianos.edu\/centrojuvenil\/wp-json\/wp\/v2\/pages\/4894\/revisions"}],"predecessor-version":[{"id":99808,"href":"https:\/\/malaga.salesianos.edu\/centrojuvenil\/wp-json\/wp\/v2\/pages\/4894\/revisions\/99808"}],"wp:attachment":[{"href":"https:\/\/malaga.salesianos.edu\/centrojuvenil\/wp-json\/wp\/v2\/media?parent=4894"}],"curies":[{"name":"wp","href":"https:\/\/api.w.org\/{rel}","templated":true}]}}