{"id":4857,"date":"2017-10-28T00:10:27","date_gmt":"2017-10-27T22:10:27","guid":{"rendered":"https:\/\/malaga.salesianos.edu\/centrojuvenil\/?page_id=4857"},"modified":"2017-11-19T01:52:40","modified_gmt":"2017-11-19T00:52:40","slug":"movimiento-juvenil-cristo-vive","status":"publish","type":"page","link":"https:\/\/malaga.salesianos.edu\/centrojuvenil\/movimiento-juvenil-cristo-vive\/","title":{"rendered":"Movimiento Juvenil Cristo Vive"},"content":{"rendered":"<p>[et_pb_section bb_built=\u00bb1&#8243; fullwidth=\u00bbon\u00bb specialty=\u00bboff\u00bb][et_pb_fullwidth_header title=\u00bbCristo Vive\u00bb background_layout=\u00bblight\u00bb text_orientation=\u00bbleft\u00bb header_fullscreen=\u00bboff\u00bb header_scroll_down=\u00bboff\u00bb background_url=\u00bbhttps:\/\/malaga.salesianos.edu\/centrojuvenil\/wp-content\/uploads\/sites\/6\/2017\/04\/DSC0006c.jpg\u00bb content_orientation=\u00bbcenter\u00bb image_orientation=\u00bbcenter\u00bb title_font_color=\u00bb#ffffff\u00bb custom_button_one=\u00bboff\u00bb button_one_icon_placement=\u00bbright\u00bb custom_button_two=\u00bboff\u00bb button_two_icon_placement=\u00bbright\u00bb module_class=\u00bbpagina-imagen-cabecera\u00bb title_font_size=\u00bb40px\u00bb _builder_version=\u00bb3.0.85&#8243; background_color=\u00bb#e02b20&#8243; background_image=\u00bbhttps:\/\/malaga.salesianos.edu\/centrojuvenil\/wp-content\/uploads\/sites\/6\/2017\/10\/cartel-cristo-vive-small.jpg\u00bb background_blend=\u00bbsoft-light\u00bb title_text_color=\u00bb#ffffff\u00bb \/][\/et_pb_section][et_pb_section bb_built=\u00bb1&#8243; fullwidth=\u00bboff\u00bb specialty=\u00bboff\u00bb transparent_background=\u00bboff\u00bb allow_player_pause=\u00bboff\u00bb inner_shadow=\u00bboff\u00bb parallax=\u00bboff\u00bb parallax_method=\u00bboff\u00bb custom_padding=\u00bb-4%|||\u00bb make_fullwidth=\u00bboff\u00bb use_custom_width=\u00bboff\u00bb width_unit=\u00bbon\u00bb make_equal=\u00bboff\u00bb use_custom_gutter=\u00bboff\u00bb module_class=\u00bbpagina-seccion-contenido\u00bb][et_pb_row make_fullwidth=\u00bboff\u00bb use_custom_width=\u00bboff\u00bb width_unit=\u00bbon\u00bb use_custom_gutter=\u00bboff\u00bb allow_player_pause=\u00bboff\u00bb parallax=\u00bboff\u00bb parallax_method=\u00bboff\u00bb make_equal=\u00bboff\u00bb parallax_1=\u00bboff\u00bb parallax_method_1=\u00bboff\u00bb module_class=\u00bbpagina-texto\u00bb background_position=\u00bbtop_left\u00bb background_repeat=\u00bbrepeat\u00bb background_size=\u00bbinitial\u00bb][et_pb_column type=\u00bb4_4&#8243;][et_pb_post_title title=\u00bbon\u00bb meta=\u00bbon\u00bb author=\u00bboff\u00bb date=\u00bboff\u00bb categories=\u00bboff\u00bb comments=\u00bboff\u00bb featured_image=\u00bboff\u00bb featured_placement=\u00bbbelow\u00bb parallax_effect=\u00bboff\u00bb parallax_method=\u00bboff\u00bb text_orientation=\u00bbleft\u00bb text_color=\u00bbdark\u00bb text_background=\u00bboff\u00bb text_bg_color=\u00bbrgba(255,255,255,0.9)\u00bb use_border_color=\u00bboff\u00bb border_color=\u00bb#ffffff\u00bb border_style=\u00bbsolid\u00bb title_font_size=\u00bb26&#8243; title_font_size_last_edited=\u00bbon|phone\u00bb parallax=\u00bboff\u00bb \/][et_pb_text background_layout=\u00bblight\u00bb text_orientation=\u00bbjustified\u00bb _builder_version=\u00bb3.0.85&#8243; module_alignment=\u00bbjustified\u00bb]<\/p>\n<blockquote><p><strong>Los grupos Cristo vive han comenzado con m\u00e1s fuerza que nunca. Mucha es la ilusi\u00f3n para este curso en celebrar a Cristo Resucitado en nuestras vidas. Juntos, animadores y J\u00f3venes, vivimos como comunidad la alegr\u00eda de descubrir que la vida es un regalo y que Dios nos acompa\u00f1a siempre, junto a nuestra madre Mar\u00eda Auxiliadora.<\/strong><\/p><\/blockquote>\n<p>[\/et_pb_text][\/et_pb_column][\/et_pb_row][et_pb_row][et_pb_column type=\u00bb2_3&#8243;][et_pb_text background_layout=\u00bblight\u00bb text_orientation=\u00bbjustified\u00bb _builder_version=\u00bb3.0.85&#8243; module_alignment=\u00bbjustified\u00bb]<\/p>\n<h3><strong>\u00bfQui\u00e9nes somos?<br \/>\n<\/strong><\/h3>\n<p>Nuestros grupos comprenden las edades de 10 a 18 a\u00f1os en un proceso que resulta todo un itinerario que pone las miras en el proyecto personal de vida que lleve a cada joven a encontrar su CAMINO HASTA LA FELICIDAD, a encontrar su sitio en este mundo, caminando a\u00f1o tras a\u00f1o con sus compa\u00f1eros y tambi\u00e9n con personas que dan su ejemplo y experiencia de fe. Somos unos 200 j\u00f3venes y 23 animadores<\/p>\n<h3><strong>\u00bfQu\u00e9 actividades desarrollamos?<br \/>\n<\/strong><\/h3>\n<p>La actividad se desarrolla con normalidad los viernes de 17:00 h. a 21:30 h. ya que est\u00e1 inmersa en el Oratorio. Nos gusta empezar con unas Buenas tardes donde hablamos temas educativos, avisos e informaciones sobre la tarde. Despu\u00e9s subimos a grupo para as\u00ed educar en la fe continuando el gran trabajo de la catequesis de nuestra casa. Luego ya s\u00ed disfrutamos de nuestro Oratorio y las diferentes actividades propuestas (Sport-Night, Noche del Terror, Tetar\u00eda de San Valent\u00edn, etc\u2026)<\/p>\n<h3><strong>\u00bfEn qu\u00e9 participamos?<br \/>\n<\/strong><\/h3>\n<p>Participamos en convivencias, encuentros, pascuas juveniles, campamentos y muchos m\u00e1s eventos que se organizan tanto localmente, como en nuestra inspector\u00eda, di\u00f3cesis o en la familia salesiana. Todos ellos momentos significativos e importantes para la vivencia de los que vamos trabajando y oportunidades para seguir divirti\u00e9ndonos, creciendo y madurando.<\/p>\n<h3><strong>Organizaci\u00f3n<br \/>\n<\/strong><\/h3>\n<p>A nivel organizativo estamos incluyendo muchas novedades, apostando por la formaci\u00f3n, la madurez cristiana, el acompa\u00f1amiento, la atenci\u00f3n al patio, coordinaci\u00f3n por etapas y el encuentro en la Eucarist\u00eda del domingo.<\/p>\n<p>[\/et_pb_text][\/et_pb_column][et_pb_column type=\u00bb1_3&#8243;][et_pb_image _builder_version=\u00bb3.0.85&#8243; src=\u00bbhttps:\/\/malaga.salesianos.edu\/centrojuvenil\/wp-content\/uploads\/sites\/6\/2017\/10\/cartel-cristo-vive-small_450.jpg\u00bb show_in_lightbox=\u00bboff\u00bb url_new_window=\u00bboff\u00bb use_overlay=\u00bboff\u00bb always_center_on_mobile=\u00bbon\u00bb force_fullwidth=\u00bbon\u00bb show_bottom_space=\u00bbon\u00bb animation_style=\u00bbslide\u00bb animation_direction=\u00bbright\u00bb max_width=\u00bb75%\u00bb \/][\/et_pb_column][\/et_pb_row][et_pb_row][et_pb_column type=\u00bb1_2&#8243;][et_pb_text _builder_version=\u00bb3.0.85&#8243; background_layout=\u00bblight\u00bb]<\/p>\n<h1 class=\"et_pb_contact_main_title\">\u00a1Env\u00edanos un mensaje!<\/h1>\n<p>[\/et_pb_text][et_pb_contact_form _builder_version=\u00bb3.0.87&#8243; email=\u00bbpj.malaga@salesianos.edu\u00bb captcha=\u00bbon\u00bb use_redirect=\u00bboff\u00bb custom_button=\u00bboff\u00bb button_icon_placement=\u00bbright\u00bb saved_tabs=\u00bball\u00bb]<\/p>\n<p>[et_pb_contact_field field_title=\u00bbNombre\u00bb field_type=\u00bbinput\u00bb field_id=\u00bbName\u00bb required_mark=\u00bbon\u00bb fullwidth_field=\u00bboff\u00bb \/][et_pb_contact_field field_title=\u00bbDirecci\u00f3n de correo electr\u00f3nico\u00bb field_type=\u00bbemail\u00bb field_id=\u00bbEmail\u00bb required_mark=\u00bbon\u00bb fullwidth_field=\u00bboff\u00bb \/][et_pb_contact_field field_title=\u00bbMensaje\u00bb field_type=\u00bbtext\u00bb field_id=\u00bbMessage\u00bb required_mark=\u00bbon\u00bb fullwidth_field=\u00bbon\u00bb \/][et_pb_contact_field field_id=\u00bbPol\u00edtica_de_privacidad\u00bb field_title=\u00bbAcepto la pol\u00edtica de privacidad del sitio\u00bb field_type=\u00bbcheckbox\u00bb checkbox_checked=\u00bboff\u00bb min_length=\u00bb0&#8243; max_length=\u00bb0&#8243; allowed_symbols=\u00bball\u00bb required_mark=\u00bbon\u00bb conditional_logic=\u00bboff\u00bb conditional_logic_relation=\u00bboff\u00bb conditional_logic_rules=\u00bb%91{%22field%22:%22name%22,%22condition%22:%22is%22,%22value%22:%22%22}%93&#8243; fullwidth_field=\u00bbon\u00bb form_field_font_select=\u00bbdefault\u00bb form_field_font=\u00bb||||\u00bb use_border_color=\u00bboff\u00bb border_style=\u00bbsolid\u00bb \/]<\/p>\n<p>[\/et_pb_contact_form][\/et_pb_column][et_pb_column type=\u00bb1_2&#8243;][et_pb_divider _builder_version=\u00bb3.0.85&#8243; \/][et_pb_gallery _builder_version=\u00bb3.0.89&#8243; show_title_and_caption=\u00bbon\u00bb show_pagination=\u00bbon\u00bb gallery_ids=\u00bb4988,4989,4990,4991,4992,4993,4994&#8243; fullwidth=\u00bbon\u00bb orientation=\u00bblandscape\u00bb zoom_icon_color=\u00bb#dc001b\u00bb hover_overlay_color=\u00bbrgba(255,255,255,0.9)\u00bb background_layout=\u00bblight\u00bb pagination_font_size_tablet=\u00bb51&#8243; pagination_line_height_tablet=\u00bb2&#8243; auto=\u00bbon\u00bb gallery_orderby=\u00bbrand\u00bb \/][\/et_pb_column][\/et_pb_row][et_pb_row _builder_version=\u00bb3.0.87&#8243;][et_pb_column type=\u00bb1_3&#8243;][et_pb_blurb admin_label=\u00bbDirecci\u00f3n\u00bb _builder_version=\u00bb3.0.87&#8243; url_new_window=\u00bbon\u00bb use_icon=\u00bbon\u00bb font_icon=\u00bb%%122%%\u00bb use_circle=\u00bboff\u00bb use_circle_border=\u00bboff\u00bb icon_placement=\u00bbtop\u00bb use_icon_font_size=\u00bboff\u00bb border_style_top_image=\u00bbsolid\u00bb border_style_right_image=\u00bbsolid\u00bb border_style_bottom_image=\u00bbsolid\u00bb border_style_left_image=\u00bbsolid\u00bb background_layout=\u00bblight\u00bb header_text_align=\u00bbcenter\u00bb body_text_align=\u00bbcenter\u00bb title=\u00bbColegio Salesiano San Bartolom\u00e9\u00bb text_orientation=\u00bbcenter\u00bb url=\u00bbhttps:\/\/www.google.es\/maps\/place\/Calle+Eduardo+Dom%C3%ADnguez+%C3%81vila,+19,+29014+M%C3%A1laga\/@36.731222,-4.4238126,17z\/data=!3m1!4b1!4m5!3m4!1s0xd72f7b9c6dd7f5d:0xd2320464490da072!8m2!3d36.731222!4d-4.4216239?hl=es\u00bb header_font_size=\u00bb16&#8243; \/][\/et_pb_column][et_pb_column type=\u00bb1_3&#8243;][et_pb_blurb admin_label=\u00bbTel\u00e9fono\u00bb _builder_version=\u00bb3.0.89&#8243; title=\u00bbTfno: 952 25 15 41&#8243; url_new_window=\u00bboff\u00bb use_icon=\u00bbon\u00bb font_icon=\u00bb%%264%%\u00bb use_circle=\u00bboff\u00bb use_circle_border=\u00bboff\u00bb icon_placement=\u00bbtop\u00bb use_icon_font_size=\u00bboff\u00bb background_layout=\u00bblight\u00bb text_orientation=\u00bbcenter\u00bb header_text_align=\u00bbcenter\u00bb body_text_align=\u00bbcenter\u00bb header_font_size=\u00bb16&#8243; url=\u00bbtel:\/\/952251541&#8243; \/][\/et_pb_column][et_pb_column type=\u00bb1_3&#8243;][et_pb_blurb admin_label=\u00bbCorreo\u00bb _builder_version=\u00bb3.0.87&#8243; url_new_window=\u00bboff\u00bb use_icon=\u00bbon\u00bb font_icon=\u00bb%%153%%\u00bb use_circle=\u00bboff\u00bb use_circle_border=\u00bboff\u00bb icon_placement=\u00bbtop\u00bb use_icon_font_size=\u00bboff\u00bb border_style_top_image=\u00bbsolid\u00bb border_style_right_image=\u00bbsolid\u00bb border_style_bottom_image=\u00bbsolid\u00bb border_style_left_image=\u00bbsolid\u00bb background_layout=\u00bblight\u00bb header_text_align=\u00bbcenter\u00bb body_text_align=\u00bbcenter\u00bb title=\u00bbpj.malaga@salesianos.edu\u00bb text_orientation=\u00bbcenter\u00bb url=\u00bbmailto:pj.malaga@salesianos.edu\u00bb header_font_size=\u00bb16&#8243; \/][\/et_pb_column][\/et_pb_row][\/et_pb_section]<\/p>\n","protected":false},"excerpt":{"rendered":"<p>Los grupos Cristo vive han comenzado con m\u00e1s fuerza que nunca. Mucha es la ilusi\u00f3n para este curso en celebrar a Cristo Resucitado en nuestras vidas. Juntos, animadores y J\u00f3venes, vivimos como comunidad la alegr\u00eda de descubrir que la vida es un regalo y que Dios nos acompa\u00f1a siempre, junto a nuestra madre Mar\u00eda Auxiliadora. [&hellip;]<\/p>\n","protected":false},"author":2,"featured_media":0,"parent":0,"menu_order":0,"comment_status":"closed","ping_status":"closed","template":"","meta":{"_et_pb_use_builder":"on","_et_pb_old_content":"","_et_gb_content_width":"","footnotes":""},"class_list":["post-4857","page","type-page","status-publish","hentry"],"yoast_head":"<!-- This site is optimized with the Yoast SEO plugin v27.4 - https:\/\/yoast.com\/product\/yoast-seo-wordpress\/ -->\n<title>Movimiento Juvenil Cristo Vive - Centro Juvenil | Salesianos M\u00e1laga<\/title>\n<meta name=\"robots\" content=\"index, follow, max-snippet:-1, max-image-preview:large, max-video-preview:-1\" \/>\n<link rel=\"canonical\" href=\"https:\/\/malaga.salesianos.edu\/centrojuvenil\/movimiento-juvenil-cristo-vive\/\" \/>\n<meta property=\"og:locale\" content=\"es_ES\" \/>\n<meta property=\"og:type\" content=\"article\" \/>\n<meta property=\"og:title\" content=\"Movimiento Juvenil Cristo Vive - Centro Juvenil | Salesianos M\u00e1laga\" \/>\n<meta property=\"og:description\" content=\"Los grupos Cristo vive han comenzado con m\u00e1s fuerza que nunca. Mucha es la ilusi\u00f3n para este curso en celebrar a Cristo Resucitado en nuestras vidas. Juntos, animadores y J\u00f3venes, vivimos como comunidad la alegr\u00eda de descubrir que la vida es un regalo y que Dios nos acompa\u00f1a siempre, junto a nuestra madre Mar\u00eda Auxiliadora. [&hellip;]\" \/>\n<meta property=\"og:url\" content=\"https:\/\/malaga.salesianos.edu\/centrojuvenil\/movimiento-juvenil-cristo-vive\/\" \/>\n<meta property=\"og:site_name\" content=\"Centro Juvenil | Salesianos M\u00e1laga\" \/>\n<meta property=\"article:modified_time\" content=\"2017-11-19T00:52:40+00:00\" \/>\n<meta name=\"twitter:card\" content=\"summary_large_image\" \/>\n<meta name=\"twitter:label1\" content=\"Tiempo de lectura\" \/>\n\t<meta name=\"twitter:data1\" content=\"6 minutos\" \/>\n<script type=\"application\/ld+json\" class=\"yoast-schema-graph\">{\"@context\":\"https:\\\/\\\/schema.org\",\"@graph\":[{\"@type\":\"WebPage\",\"@id\":\"https:\\\/\\\/malaga.salesianos.edu\\\/centrojuvenil\\\/movimiento-juvenil-cristo-vive\\\/\",\"url\":\"https:\\\/\\\/malaga.salesianos.edu\\\/centrojuvenil\\\/movimiento-juvenil-cristo-vive\\\/\",\"name\":\"Movimiento Juvenil Cristo Vive - Centro Juvenil | Salesianos M\u00e1laga\",\"isPartOf\":{\"@id\":\"https:\\\/\\\/malaga.salesianos.edu\\\/centrojuvenil\\\/#website\"},\"datePublished\":\"2017-10-27T22:10:27+00:00\",\"dateModified\":\"2017-11-19T00:52:40+00:00\",\"breadcrumb\":{\"@id\":\"https:\\\/\\\/malaga.salesianos.edu\\\/centrojuvenil\\\/movimiento-juvenil-cristo-vive\\\/#breadcrumb\"},\"inLanguage\":\"es\",\"potentialAction\":[{\"@type\":\"ReadAction\",\"target\":[\"https:\\\/\\\/malaga.salesianos.edu\\\/centrojuvenil\\\/movimiento-juvenil-cristo-vive\\\/\"]}]},{\"@type\":\"BreadcrumbList\",\"@id\":\"https:\\\/\\\/malaga.salesianos.edu\\\/centrojuvenil\\\/movimiento-juvenil-cristo-vive\\\/#breadcrumb\",\"itemListElement\":[{\"@type\":\"ListItem\",\"position\":1,\"name\":\"Portada\",\"item\":\"https:\\\/\\\/malaga.salesianos.edu\\\/centrojuvenil\\\/\"},{\"@type\":\"ListItem\",\"position\":2,\"name\":\"Movimiento Juvenil Cristo Vive\"}]},{\"@type\":\"WebSite\",\"@id\":\"https:\\\/\\\/malaga.salesianos.edu\\\/centrojuvenil\\\/#website\",\"url\":\"https:\\\/\\\/malaga.salesianos.edu\\\/centrojuvenil\\\/\",\"name\":\"Centro Juvenil | Salesianos M\u00e1laga\",\"description\":\"Centro Juvenil Francisco Miguez | Salesianos M\u00e1laga, Oratorio, Catequesis, Cristo Vive, Sal Terrae\",\"potentialAction\":[{\"@type\":\"SearchAction\",\"target\":{\"@type\":\"EntryPoint\",\"urlTemplate\":\"https:\\\/\\\/malaga.salesianos.edu\\\/centrojuvenil\\\/?s={search_term_string}\"},\"query-input\":{\"@type\":\"PropertyValueSpecification\",\"valueRequired\":true,\"valueName\":\"search_term_string\"}}],\"inLanguage\":\"es\"}]}<\/script>\n<!-- \/ Yoast SEO plugin. -->","yoast_head_json":{"title":"Movimiento Juvenil Cristo Vive - Centro Juvenil | Salesianos M\u00e1laga","robots":{"index":"index","follow":"follow","max-snippet":"max-snippet:-1","max-image-preview":"max-image-preview:large","max-video-preview":"max-video-preview:-1"},"canonical":"https:\/\/malaga.salesianos.edu\/centrojuvenil\/movimiento-juvenil-cristo-vive\/","og_locale":"es_ES","og_type":"article","og_title":"Movimiento Juvenil Cristo Vive - Centro Juvenil | Salesianos M\u00e1laga","og_description":"Los grupos Cristo vive han comenzado con m\u00e1s fuerza que nunca. Mucha es la ilusi\u00f3n para este curso en celebrar a Cristo Resucitado en nuestras vidas. Juntos, animadores y J\u00f3venes, vivimos como comunidad la alegr\u00eda de descubrir que la vida es un regalo y que Dios nos acompa\u00f1a siempre, junto a nuestra madre Mar\u00eda Auxiliadora. [&hellip;]","og_url":"https:\/\/malaga.salesianos.edu\/centrojuvenil\/movimiento-juvenil-cristo-vive\/","og_site_name":"Centro Juvenil | Salesianos M\u00e1laga","article_modified_time":"2017-11-19T00:52:40+00:00","twitter_card":"summary_large_image","twitter_misc":{"Tiempo de lectura":"6 minutos"},"schema":{"@context":"https:\/\/schema.org","@graph":[{"@type":"WebPage","@id":"https:\/\/malaga.salesianos.edu\/centrojuvenil\/movimiento-juvenil-cristo-vive\/","url":"https:\/\/malaga.salesianos.edu\/centrojuvenil\/movimiento-juvenil-cristo-vive\/","name":"Movimiento Juvenil Cristo Vive - Centro Juvenil | Salesianos M\u00e1laga","isPartOf":{"@id":"https:\/\/malaga.salesianos.edu\/centrojuvenil\/#website"},"datePublished":"2017-10-27T22:10:27+00:00","dateModified":"2017-11-19T00:52:40+00:00","breadcrumb":{"@id":"https:\/\/malaga.salesianos.edu\/centrojuvenil\/movimiento-juvenil-cristo-vive\/#breadcrumb"},"inLanguage":"es","potentialAction":[{"@type":"ReadAction","target":["https:\/\/malaga.salesianos.edu\/centrojuvenil\/movimiento-juvenil-cristo-vive\/"]}]},{"@type":"BreadcrumbList","@id":"https:\/\/malaga.salesianos.edu\/centrojuvenil\/movimiento-juvenil-cristo-vive\/#breadcrumb","itemListElement":[{"@type":"ListItem","position":1,"name":"Portada","item":"https:\/\/malaga.salesianos.edu\/centrojuvenil\/"},{"@type":"ListItem","position":2,"name":"Movimiento Juvenil Cristo Vive"}]},{"@type":"WebSite","@id":"https:\/\/malaga.salesianos.edu\/centrojuvenil\/#website","url":"https:\/\/malaga.salesianos.edu\/centrojuvenil\/","name":"Centro Juvenil | Salesianos M\u00e1laga","description":"Centro Juvenil Francisco Miguez | Salesianos M\u00e1laga, Oratorio, Catequesis, Cristo Vive, Sal Terrae","potentialAction":[{"@type":"SearchAction","target":{"@type":"EntryPoint","urlTemplate":"https:\/\/malaga.salesianos.edu\/centrojuvenil\/?s={search_term_string}"},"query-input":{"@type":"PropertyValueSpecification","valueRequired":true,"valueName":"search_term_string"}}],"inLanguage":"es"}]}},"_links":{"self":[{"href":"https:\/\/malaga.salesianos.edu\/centrojuvenil\/wp-json\/wp\/v2\/pages\/4857","targetHints":{"allow":["GET"]}}],"collection":[{"href":"https:\/\/malaga.salesianos.edu\/centrojuvenil\/wp-json\/wp\/v2\/pages"}],"about":[{"href":"https:\/\/malaga.salesianos.edu\/centrojuvenil\/wp-json\/wp\/v2\/types\/page"}],"author":[{"embeddable":true,"href":"https:\/\/malaga.salesianos.edu\/centrojuvenil\/wp-json\/wp\/v2\/users\/2"}],"replies":[{"embeddable":true,"href":"https:\/\/malaga.salesianos.edu\/centrojuvenil\/wp-json\/wp\/v2\/comments?post=4857"}],"version-history":[{"count":19,"href":"https:\/\/malaga.salesianos.edu\/centrojuvenil\/wp-json\/wp\/v2\/pages\/4857\/revisions"}],"predecessor-version":[{"id":5000,"href":"https:\/\/malaga.salesianos.edu\/centrojuvenil\/wp-json\/wp\/v2\/pages\/4857\/revisions\/5000"}],"wp:attachment":[{"href":"https:\/\/malaga.salesianos.edu\/centrojuvenil\/wp-json\/wp\/v2\/media?parent=4857"}],"curies":[{"name":"wp","href":"https:\/\/api.w.org\/{rel}","templated":true}]}}