{"id":590,"date":"2017-02-05T23:17:17","date_gmt":"2017-02-05T21:17:17","guid":{"rendered":"http:\/\/malagaold.salesianos.edu\/?page_id=590"},"modified":"2018-03-29T15:18:47","modified_gmt":"2018-03-29T13:18:47","slug":"contacta","status":"publish","type":"page","link":"https:\/\/malaga.salesianos.edu\/ampa\/contacta\/","title":{"rendered":"Contactar con AMPA Mam\u00e1 Margarita"},"content":{"rendered":"<p>[et_pb_section bb_built=\u00bb1&#8243; fullwidth=\u00bbon\u00bb specialty=\u00bboff\u00bb transparent_background=\u00bboff\u00bb allow_player_pause=\u00bboff\u00bb inner_shadow=\u00bboff\u00bb parallax=\u00bboff\u00bb parallax_method=\u00bbon\u00bb make_fullwidth=\u00bboff\u00bb use_custom_width=\u00bboff\u00bb width_unit=\u00bbon\u00bb make_equal=\u00bboff\u00bb use_custom_gutter=\u00bboff\u00bb next_background_color=\u00bb#ffffff\u00bb prev_background_color=\u00bb#000000&#8243;][et_pb_fullwidth_header title=\u00bbContactar AMPA\u00bb background_layout=\u00bblight\u00bb text_orientation=\u00bbleft\u00bb header_fullscreen=\u00bboff\u00bb header_scroll_down=\u00bboff\u00bb background_url=\u00bbhttps:\/\/malaga.salesianos.edu\/ampa\/wp-content\/uploads\/sites\/4\/2017\/02\/montajeFACHADAdefinitivopr-1.jpg\u00bb content_orientation=\u00bbcenter\u00bb image_orientation=\u00bbcenter\u00bb title_font_color=\u00bb#ffffff\u00bb custom_button_one=\u00bboff\u00bb button_one_icon_placement=\u00bbright\u00bb custom_button_two=\u00bboff\u00bb button_two_icon_placement=\u00bbright\u00bb module_class=\u00bbpagina-imagen-cabecera\u00bb title_font_size=\u00bb40px\u00bb saved_tabs=\u00bball\u00bb background_image=\u00bbhttps:\/\/malaga.salesianos.edu\/ampa\/wp-content\/uploads\/sites\/4\/2017\/02\/cabecera_ampa_4.jpg\u00bb _builder_version=\u00bb3.0.82&#8243; box_shadow_position_button_one=\u00bbouter\u00bb box_shadow_position_button_two=\u00bbouter\u00bb max_width_tablet=\u00bb50px\u00bb box_shadow_position=\u00bbouter\u00bb title_text_color=\u00bb#ffffff\u00bb \/][\/et_pb_section][et_pb_section bb_built=\u00bb1&#8243; admin_label=\u00bbsection\u00bb transparent_background=\u00bboff\u00bb allow_player_pause=\u00bboff\u00bb inner_shadow=\u00bboff\u00bb parallax=\u00bboff\u00bb parallax_method=\u00bbon\u00bb make_fullwidth=\u00bboff\u00bb use_custom_width=\u00bboff\u00bb width_unit=\u00bboff\u00bb make_equal=\u00bboff\u00bb use_custom_gutter=\u00bboff\u00bb fullwidth=\u00bboff\u00bb specialty=\u00bboff\u00bb disabled=\u00bboff\u00bb prev_background_color=\u00bb#ffffff\u00bb next_background_color=\u00bb#ffffff\u00bb][et_pb_row admin_label=\u00bbrow\u00bb make_fullwidth=\u00bboff\u00bb use_custom_width=\u00bboff\u00bb width_unit=\u00bboff\u00bb use_custom_gutter=\u00bboff\u00bb padding_mobile=\u00bboff\u00bb allow_player_pause=\u00bboff\u00bb parallax=\u00bboff\u00bb parallax_method=\u00bbon\u00bb make_equal=\u00bboff\u00bb column_padding_mobile=\u00bbon\u00bb parallax_1=\u00bboff\u00bb parallax_method_1=\u00bbon\u00bb parallax_2=\u00bboff\u00bb parallax_method_2=\u00bbon\u00bb parallax_3=\u00bboff\u00bb parallax_method_3=\u00bbon\u00bb parallax_4=\u00bboff\u00bb parallax_method_4=\u00bbon\u00bb disabled=\u00bboff\u00bb background_position=\u00bbtop_left\u00bb background_repeat=\u00bbrepeat\u00bb background_size=\u00bbinitial\u00bb][et_pb_column type=\u00bb2_3&#8243;][et_pb_post_title title=\u00bbon\u00bb meta=\u00bboff\u00bb author=\u00bbon\u00bb date=\u00bbon\u00bb categories=\u00bbon\u00bb comments=\u00bbon\u00bb featured_image=\u00bboff\u00bb featured_placement=\u00bbbelow\u00bb parallax_effect=\u00bboff\u00bb parallax_method=\u00bboff\u00bb text_orientation=\u00bbleft\u00bb text_color=\u00bbdark\u00bb text_background=\u00bboff\u00bb text_bg_color=\u00bbrgba(255,255,255,0.9)\u00bb use_border_color=\u00bboff\u00bb border_color=\u00bb#ffffff\u00bb border_style=\u00bbsolid\u00bb title_font_size=\u00bb26&#8243; title_font_size_last_edited=\u00bbon|desktop\u00bb parallax=\u00bboff\u00bb _builder_version=\u00bb3.0.82&#8243; \/][et_pb_contact_form _builder_version=\u00bb3.0.89&#8243; email=\u00bbampas.malaga@salesianos.edu\u00bb captcha=\u00bbon\u00bb use_redirect=\u00bboff\u00bb border_style=\u00bbsolid\u00bb custom_button=\u00bboff\u00bb button_icon_placement=\u00bbright\u00bb saved_tabs=\u00bball\u00bb custom_message=\u00bb%%name%% ha enviado un mensaje desde el apartado CONTACTA CON LA CASA (malaga.salesianos.edu\/ampa\/contacta):||et_pb_line_break_holder||||et_pb_line_break_holder||&#8212;&#8212;||et_pb_line_break_holder||%%message%%||et_pb_line_break_holder||&#8212;&#8212;||et_pb_line_break_holder||||et_pb_line_break_holder||Puedes responder a este correo directamente salvo que te lo hayan REENVIADO. En ese caso, tendr\u00e1s que redactar un NUEVO CORREO con la respuesta y enviarlo a %%email%%.||et_pb_line_break_holder||||et_pb_line_break_holder||Para cualquier problema o sugerencia sobre el sistema de formularios de la web envia un correo a comunicacion.malaga@salesianos.edu.\u00bb][et_pb_contact_field field_title=\u00bbNombre\u00bb field_type=\u00bbinput\u00bb field_id=\u00bbName\u00bb required_mark=\u00bbon\u00bb fullwidth_field=\u00bboff\u00bb \/][et_pb_contact_field field_title=\u00bbDirecci\u00f3n de correo electr\u00f3nico\u00bb field_type=\u00bbemail\u00bb field_id=\u00bbEmail\u00bb required_mark=\u00bbon\u00bb fullwidth_field=\u00bboff\u00bb \/][et_pb_contact_field field_title=\u00bbMensaje\u00bb field_type=\u00bbtext\u00bb field_id=\u00bbMessage\u00bb required_mark=\u00bbon\u00bb fullwidth_field=\u00bbon\u00bb \/][et_pb_contact_field field_id=\u00bbPol\u00edtica_de_privacidad\u00bb field_title=\u00bbAcepto la pol\u00edtica de privacidad del sitio\u00bb field_type=\u00bbcheckbox\u00bb checkbox_checked=\u00bboff\u00bb min_length=\u00bb0&#8243; max_length=\u00bb0&#8243; allowed_symbols=\u00bball\u00bb required_mark=\u00bbon\u00bb conditional_logic=\u00bboff\u00bb conditional_logic_relation=\u00bboff\u00bb conditional_logic_rules=\u00bb%91{%22field%22:%22name%22,%22condition%22:%22is%22,%22value%22:%22%22}%93&#8243; fullwidth_field=\u00bbon\u00bb form_field_font_select=\u00bbdefault\u00bb form_field_font=\u00bb||||\u00bb use_border_color=\u00bboff\u00bb border_style=\u00bbsolid\u00bb \/][\/et_pb_contact_form][et_pb_toggle admin_label=\u00bbConmutador Contactar con otro departamento\u00bb _builder_version=\u00bb3.0.106&#8243; title=\u00bbContactar con otro departamento\u00bb open=\u00bboff\u00bb title_font_size=\u00bb20&#8243; title_text_color=\u00bb#e02b20&#8243; saved_tabs=\u00bball\u00bb icon_color=\u00bb#e02b20&#8243;]<\/p>\n<ul>\n<li><a href=\"https:\/\/malaga.salesianos.edu\/colegio\/secretaria-del-centro\/\">Secretar\u00eda<\/a><\/li>\n<li><a href=\"https:\/\/malaga.salesianos.edu\/colegio\/contacta\/\">Director del Colegio<\/a><\/li>\n<li><a href=\"https:\/\/malaga.salesianos.edu\/colegio\/departamento-de-orientacion\/\">Orientaci\u00f3n<\/a><\/li>\n<li><a href=\"https:\/\/malaga.salesianos.edu\/colegio\/departamento-de-mediacion\/\">Mediaci\u00f3n<\/a><\/li>\n<li><a href=\"https:\/\/malaga.salesianos.edu\/colegio\/programas-europeos\/\">Programas Europeos<\/a><\/li>\n<li><a href=\"https:\/\/malaga.salesianos.edu\/centrojuvenil\/contacta\/\">Centro Juvenil<\/a><\/li>\n<li><a href=\"https:\/\/malaga.salesianos.edu\/centrojuvenil\/contacta\/\">Pastoral Juvenil<\/a><\/li>\n<li><a href=\"https:\/\/malaga.salesianos.edu\/santuario\/contacta\/\">Santuario Mar\u00eda Auxiliadora<\/a><\/li>\n<li><a href=\"https:\/\/malaga.salesianos.edu\/social\/fundaciondonbosco\/\">Fundaci\u00f3n Don Bosco<\/a><\/li>\n<li><a href=\"https:\/\/malaga.salesianos.edu\/social\/solidaridaddonbosco\/\">Solidaridad Don Bosco<\/a><\/li>\n<li><a href=\"https:\/\/malaga.salesianos.edu\/familiasalesiana\/adma\/\">ADMA<\/a><\/li>\n<li><a href=\"https:\/\/malaga.salesianos.edu\/familiasalesiana\/asociacion-antiguos-alumnos\/\">Asociaci\u00f3n de Antiguos Alumnos<\/a><\/li>\n<li><a href=\"https:\/\/malaga.salesianos.edu\/familiasalesiana\/hermandad-salesiana\/\">Hermandad Salesiana de M\u00e1laga<\/a><\/li>\n<li><a href=\"https:\/\/malaga.salesianos.edu\/familiasalesiana\/salesianos-cooperadores\/\">Salesianos Cooperadores<\/a><\/li>\n<li><a href=\"https:\/\/malaga.salesianos.edu\/deporte\/adesa\/\">ADESA<\/a><\/li>\n<\/ul>\n<p>[\/et_pb_toggle][\/et_pb_column][et_pb_column type=\u00bb1_3&#8243;][et_pb_text admin_label=\u00bbText\u00bb background_layout=\u00bblight\u00bb disabled=\u00bboff\u00bb module_alignment=\u00bbleft\u00bb background_position=\u00bbtop_left\u00bb background_repeat=\u00bbrepeat\u00bb background_size=\u00bbinitial\u00bb _builder_version=\u00bb3.0.83&#8243;]<\/p>\n<h3>M\u00e1s informaci\u00f3n<\/h3>\n<p>&nbsp;<\/p>\n<p>Para <strong>CONTACTAR<\/strong> con el<strong> AMPA \u00abMam\u00e1 Margarita\u00bb<\/strong>:<\/p>\n<ul>\n<li>Puede rellenar y enviar este\u00a0formulario.<\/li>\n<li>Puede llamar por tel\u00e9fono.<\/li>\n<li>Puede enviarnos un correo.<\/li>\n<\/ul>\n<p><strong>Direcci\u00f3n:<\/strong> C \/ Eduardo Dom\u00ednguez \u00c1vila, 19, 29014 M\u00e1laga<\/p>\n<p><strong>Tel\u00e9fono:<\/strong> 952 25 15 41<\/p>\n<p><strong>e-mail:<\/strong> <span class=\"gI\"><span data-hovercard-id=\"ampas.malaga@salesianos.edu\">ampas.malaga@salesianos.edu<\/span><\/span><\/p>\n<p><strong>Horario de atenci\u00f3n: <\/strong>Previa cita<\/p>\n<p><strong>Horario de apertura del colegio:\u00a0<\/strong>7:30-15:00 y 16:00-21:00 L-V<\/p>\n<p>[\/et_pb_text][\/et_pb_column][\/et_pb_row][\/et_pb_section][et_pb_section bb_built=\u00bb1&#8243; admin_label=\u00bbsection\u00bb transparent_background=\u00bboff\u00bb allow_player_pause=\u00bboff\u00bb inner_shadow=\u00bboff\u00bb parallax=\u00bboff\u00bb parallax_method=\u00bbon\u00bb padding_mobile=\u00bboff\u00bb make_fullwidth=\u00bboff\u00bb use_custom_width=\u00bboff\u00bb width_unit=\u00bboff\u00bb custom_width_px=\u00bb1080px\u00bb custom_width_percent=\u00bb80%\u00bb make_equal=\u00bboff\u00bb use_custom_gutter=\u00bboff\u00bb fullwidth=\u00bbon\u00bb specialty=\u00bboff\u00bb disabled=\u00bboff\u00bb custom_padding_tablet=\u00bb50px|0|50px|0&#8243; custom_padding_last_edited=\u00bbon|desktop\u00bb prev_background_color=\u00bb#ffffff\u00bb next_background_color=\u00bb#000000&#8243;][et_pb_fullwidth_map admin_label=\u00bbFullwidth Map\u00bb address=\u00bbM\u00e1laga, Espa\u00f1a\u00bb address_lat=\u00bb36.7307904002596&#8243; address_lng=\u00bb-4.4219808393562605&#8243; mouse_wheel=\u00bboff\u00bb mobile_dragging=\u00bbon\u00bb disabled=\u00bboff\u00bb _builder_version=\u00bb3.0.106&#8243;][et_pb_map_pin title=\u00bbColegio Salesiano %22San Bartolom\u00e9%22&#8243; pin_address=\u00bbM\u00e1laga, Espa\u00f1a\u00bb pin_address_lat=\u00bb36.73087470750912&#8243; pin_address_lng=\u00bb-4.421940606221028&#8243; disabled=\u00bboff\u00bb] [\/et_pb_map_pin][\/et_pb_fullwidth_map][\/et_pb_section]<\/p>\n","protected":false},"excerpt":{"rendered":"<p>Secretar\u00eda Director del Colegio Orientaci\u00f3n Mediaci\u00f3n Programas Europeos Centro Juvenil Pastoral Juvenil Santuario Mar\u00eda Auxiliadora Fundaci\u00f3n Don Bosco Solidaridad Don Bosco ADMA Asociaci\u00f3n de Antiguos Alumnos Hermandad Salesiana de M\u00e1laga Salesianos Cooperadores ADESA M\u00e1s informaci\u00f3n &nbsp; Para CONTACTAR con el AMPA \u00abMam\u00e1 Margarita\u00bb: Puede rellenar y enviar este\u00a0formulario. Puede llamar por tel\u00e9fono. Puede enviarnos un [&hellip;]<\/p>\n","protected":false},"author":2,"featured_media":0,"parent":0,"menu_order":0,"comment_status":"closed","ping_status":"closed","template":"","meta":{"_et_pb_use_builder":"on","_et_pb_old_content":"","_et_gb_content_width":"","footnotes":""},"class_list":["post-590","page","type-page","status-publish","hentry"],"yoast_head":"<!-- This site is optimized with the Yoast SEO plugin v27.3 - https:\/\/yoast.com\/product\/yoast-seo-wordpress\/ -->\n<title>Contactar con AMPA Mam\u00e1 Margarita - AMPA Mam\u00e1 Margarita | Salesianos M\u00e1laga<\/title>\n<meta name=\"robots\" content=\"index, follow, max-snippet:-1, max-image-preview:large, max-video-preview:-1\" \/>\n<link rel=\"canonical\" href=\"https:\/\/malaga.salesianos.edu\/ampa\/contacta\/\" \/>\n<meta property=\"og:locale\" content=\"es_ES\" \/>\n<meta property=\"og:type\" content=\"article\" \/>\n<meta property=\"og:title\" content=\"Contactar con AMPA Mam\u00e1 Margarita - AMPA Mam\u00e1 Margarita | Salesianos M\u00e1laga\" \/>\n<meta property=\"og:description\" content=\"Secretar\u00eda Director del Colegio Orientaci\u00f3n Mediaci\u00f3n Programas Europeos Centro Juvenil Pastoral Juvenil Santuario Mar\u00eda Auxiliadora Fundaci\u00f3n Don Bosco Solidaridad Don Bosco ADMA Asociaci\u00f3n de Antiguos Alumnos Hermandad Salesiana de M\u00e1laga Salesianos Cooperadores ADESA M\u00e1s informaci\u00f3n &nbsp; Para CONTACTAR con el AMPA &quot;Mam\u00e1 Margarita&quot;: Puede rellenar y enviar este\u00a0formulario. Puede llamar por tel\u00e9fono. Puede enviarnos un [&hellip;]\" \/>\n<meta property=\"og:url\" content=\"https:\/\/malaga.salesianos.edu\/ampa\/contacta\/\" \/>\n<meta property=\"og:site_name\" content=\"AMPA Mam\u00e1 Margarita | Salesianos M\u00e1laga\" \/>\n<meta property=\"article:modified_time\" content=\"2018-03-29T13:18:47+00:00\" \/>\n<meta name=\"twitter:card\" content=\"summary_large_image\" \/>\n<meta name=\"twitter:label1\" content=\"Tiempo de lectura\" \/>\n\t<meta name=\"twitter:data1\" content=\"5 minutos\" \/>\n<script type=\"application\/ld+json\" class=\"yoast-schema-graph\">{\"@context\":\"https:\\\/\\\/schema.org\",\"@graph\":[{\"@type\":\"WebPage\",\"@id\":\"https:\\\/\\\/malaga.salesianos.edu\\\/ampa\\\/contacta\\\/\",\"url\":\"https:\\\/\\\/malaga.salesianos.edu\\\/ampa\\\/contacta\\\/\",\"name\":\"Contactar con AMPA Mam\u00e1 Margarita - AMPA Mam\u00e1 Margarita | Salesianos M\u00e1laga\",\"isPartOf\":{\"@id\":\"https:\\\/\\\/malaga.salesianos.edu\\\/ampa\\\/#website\"},\"datePublished\":\"2017-02-05T21:17:17+00:00\",\"dateModified\":\"2018-03-29T13:18:47+00:00\",\"breadcrumb\":{\"@id\":\"https:\\\/\\\/malaga.salesianos.edu\\\/ampa\\\/contacta\\\/#breadcrumb\"},\"inLanguage\":\"es\",\"potentialAction\":[{\"@type\":\"ReadAction\",\"target\":[\"https:\\\/\\\/malaga.salesianos.edu\\\/ampa\\\/contacta\\\/\"]}]},{\"@type\":\"BreadcrumbList\",\"@id\":\"https:\\\/\\\/malaga.salesianos.edu\\\/ampa\\\/contacta\\\/#breadcrumb\",\"itemListElement\":[{\"@type\":\"ListItem\",\"position\":1,\"name\":\"Portada\",\"item\":\"https:\\\/\\\/malaga.salesianos.edu\\\/ampa\\\/\"},{\"@type\":\"ListItem\",\"position\":2,\"name\":\"Contactar con AMPA Mam\u00e1 Margarita\"}]},{\"@type\":\"WebSite\",\"@id\":\"https:\\\/\\\/malaga.salesianos.edu\\\/ampa\\\/#website\",\"url\":\"https:\\\/\\\/malaga.salesianos.edu\\\/ampa\\\/\",\"name\":\"AMPA Mam\u00e1 Margarita | Salesianos M\u00e1laga\",\"description\":\"Asociaci\u00f3n de madres y padres AMPA Mam\u00e1 Margarita | Colegio Salesiano San Bartolom\u00e9 de M\u00e1laga\",\"potentialAction\":[{\"@type\":\"SearchAction\",\"target\":{\"@type\":\"EntryPoint\",\"urlTemplate\":\"https:\\\/\\\/malaga.salesianos.edu\\\/ampa\\\/?s={search_term_string}\"},\"query-input\":{\"@type\":\"PropertyValueSpecification\",\"valueRequired\":true,\"valueName\":\"search_term_string\"}}],\"inLanguage\":\"es\"}]}<\/script>\n<!-- \/ Yoast SEO plugin. -->","yoast_head_json":{"title":"Contactar con AMPA Mam\u00e1 Margarita - AMPA Mam\u00e1 Margarita | Salesianos M\u00e1laga","robots":{"index":"index","follow":"follow","max-snippet":"max-snippet:-1","max-image-preview":"max-image-preview:large","max-video-preview":"max-video-preview:-1"},"canonical":"https:\/\/malaga.salesianos.edu\/ampa\/contacta\/","og_locale":"es_ES","og_type":"article","og_title":"Contactar con AMPA Mam\u00e1 Margarita - AMPA Mam\u00e1 Margarita | Salesianos M\u00e1laga","og_description":"Secretar\u00eda Director del Colegio Orientaci\u00f3n Mediaci\u00f3n Programas Europeos Centro Juvenil Pastoral Juvenil Santuario Mar\u00eda Auxiliadora Fundaci\u00f3n Don Bosco Solidaridad Don Bosco ADMA Asociaci\u00f3n de Antiguos Alumnos Hermandad Salesiana de M\u00e1laga Salesianos Cooperadores ADESA M\u00e1s informaci\u00f3n &nbsp; Para CONTACTAR con el AMPA \"Mam\u00e1 Margarita\": Puede rellenar y enviar este\u00a0formulario. Puede llamar por tel\u00e9fono. Puede enviarnos un [&hellip;]","og_url":"https:\/\/malaga.salesianos.edu\/ampa\/contacta\/","og_site_name":"AMPA Mam\u00e1 Margarita | Salesianos M\u00e1laga","article_modified_time":"2018-03-29T13:18:47+00:00","twitter_card":"summary_large_image","twitter_misc":{"Tiempo de lectura":"5 minutos"},"schema":{"@context":"https:\/\/schema.org","@graph":[{"@type":"WebPage","@id":"https:\/\/malaga.salesianos.edu\/ampa\/contacta\/","url":"https:\/\/malaga.salesianos.edu\/ampa\/contacta\/","name":"Contactar con AMPA Mam\u00e1 Margarita - AMPA Mam\u00e1 Margarita | Salesianos M\u00e1laga","isPartOf":{"@id":"https:\/\/malaga.salesianos.edu\/ampa\/#website"},"datePublished":"2017-02-05T21:17:17+00:00","dateModified":"2018-03-29T13:18:47+00:00","breadcrumb":{"@id":"https:\/\/malaga.salesianos.edu\/ampa\/contacta\/#breadcrumb"},"inLanguage":"es","potentialAction":[{"@type":"ReadAction","target":["https:\/\/malaga.salesianos.edu\/ampa\/contacta\/"]}]},{"@type":"BreadcrumbList","@id":"https:\/\/malaga.salesianos.edu\/ampa\/contacta\/#breadcrumb","itemListElement":[{"@type":"ListItem","position":1,"name":"Portada","item":"https:\/\/malaga.salesianos.edu\/ampa\/"},{"@type":"ListItem","position":2,"name":"Contactar con AMPA Mam\u00e1 Margarita"}]},{"@type":"WebSite","@id":"https:\/\/malaga.salesianos.edu\/ampa\/#website","url":"https:\/\/malaga.salesianos.edu\/ampa\/","name":"AMPA Mam\u00e1 Margarita | Salesianos M\u00e1laga","description":"Asociaci\u00f3n de madres y padres AMPA Mam\u00e1 Margarita | Colegio Salesiano San Bartolom\u00e9 de M\u00e1laga","potentialAction":[{"@type":"SearchAction","target":{"@type":"EntryPoint","urlTemplate":"https:\/\/malaga.salesianos.edu\/ampa\/?s={search_term_string}"},"query-input":{"@type":"PropertyValueSpecification","valueRequired":true,"valueName":"search_term_string"}}],"inLanguage":"es"}]}},"_links":{"self":[{"href":"https:\/\/malaga.salesianos.edu\/ampa\/wp-json\/wp\/v2\/pages\/590","targetHints":{"allow":["GET"]}}],"collection":[{"href":"https:\/\/malaga.salesianos.edu\/ampa\/wp-json\/wp\/v2\/pages"}],"about":[{"href":"https:\/\/malaga.salesianos.edu\/ampa\/wp-json\/wp\/v2\/types\/page"}],"author":[{"embeddable":true,"href":"https:\/\/malaga.salesianos.edu\/ampa\/wp-json\/wp\/v2\/users\/2"}],"replies":[{"embeddable":true,"href":"https:\/\/malaga.salesianos.edu\/ampa\/wp-json\/wp\/v2\/comments?post=590"}],"version-history":[{"count":37,"href":"https:\/\/malaga.salesianos.edu\/ampa\/wp-json\/wp\/v2\/pages\/590\/revisions"}],"predecessor-version":[{"id":8142,"href":"https:\/\/malaga.salesianos.edu\/ampa\/wp-json\/wp\/v2\/pages\/590\/revisions\/8142"}],"wp:attachment":[{"href":"https:\/\/malaga.salesianos.edu\/ampa\/wp-json\/wp\/v2\/media?parent=590"}],"curies":[{"name":"wp","href":"https:\/\/api.w.org\/{rel}","templated":true}]}}