{"id":4865,"date":"2017-10-18T10:17:07","date_gmt":"2017-10-18T08:17:07","guid":{"rendered":"https:\/\/malaga.salesianos.edu\/ampa\/?page_id=4865"},"modified":"2022-02-09T20:25:05","modified_gmt":"2022-02-09T19:25:05","slug":"organizacion","status":"publish","type":"page","link":"https:\/\/malaga.salesianos.edu\/ampa\/organizacion\/","title":{"rendered":"Organizaci\u00f3n"},"content":{"rendered":"<p>[et_pb_section fb_built=\u00bb1&#8243; fullwidth=\u00bbon\u00bb _builder_version=\u00bb3.22&#8243; global_colors_info=\u00bb{}\u00bb][et_pb_fullwidth_header title=\u00bbTodos somos AMPA\u00bb title_font_color=\u00bb#ffffff\u00bb module_class=\u00bbpagina-imagen-cabecera\u00bb _builder_version=\u00bb3.16&#8243; title_text_color=\u00bb#ffffff\u00bb title_font_size=\u00bb40px\u00bb background_color=\u00bbrgba(255, 255, 255, 0)\u00bb background_image=\u00bbhttps:\/\/malaga.salesianos.edu\/ampa\/wp-content\/uploads\/sites\/4\/2017\/10\/Palomitas-ampa_1280.jpg\u00bb background_position=\u00bbcenter_left\u00bb background_layout=\u00bblight\u00bb max_width_tablet=\u00bb50px\u00bb background_url=\u00bbhttps:\/\/malaga.salesianos.edu\/ampa\/wp-content\/uploads\/sites\/4\/2017\/04\/DSC0006c.jpg\u00bb global_colors_info=\u00bb{}\u00bb button_one_text_size__hover_enabled=\u00bboff\u00bb button_one_text_size__hover=\u00bbnull\u00bb button_two_text_size__hover_enabled=\u00bboff\u00bb button_two_text_size__hover=\u00bbnull\u00bb button_one_text_color__hover_enabled=\u00bboff\u00bb button_one_text_color__hover=\u00bbnull\u00bb button_two_text_color__hover_enabled=\u00bboff\u00bb button_two_text_color__hover=\u00bbnull\u00bb button_one_border_width__hover_enabled=\u00bboff\u00bb button_one_border_width__hover=\u00bbnull\u00bb button_two_border_width__hover_enabled=\u00bboff\u00bb button_two_border_width__hover=\u00bbnull\u00bb button_one_border_color__hover_enabled=\u00bboff\u00bb button_one_border_color__hover=\u00bbnull\u00bb button_two_border_color__hover_enabled=\u00bboff\u00bb button_two_border_color__hover=\u00bbnull\u00bb button_one_border_radius__hover_enabled=\u00bboff\u00bb button_one_border_radius__hover=\u00bbnull\u00bb button_two_border_radius__hover_enabled=\u00bboff\u00bb button_two_border_radius__hover=\u00bbnull\u00bb button_one_letter_spacing__hover_enabled=\u00bboff\u00bb button_one_letter_spacing__hover=\u00bbnull\u00bb button_two_letter_spacing__hover_enabled=\u00bboff\u00bb button_two_letter_spacing__hover=\u00bbnull\u00bb button_one_bg_color__hover_enabled=\u00bboff\u00bb button_one_bg_color__hover=\u00bbnull\u00bb button_two_bg_color__hover_enabled=\u00bboff\u00bb button_two_bg_color__hover=\u00bbnull\u00bb][\/et_pb_fullwidth_header][\/et_pb_section][et_pb_section fb_built=\u00bb1&#8243; module_class=\u00bbpagina-seccion-contenido\u00bb _builder_version=\u00bb3.22&#8243; custom_padding=\u00bb-4%|||\u00bb transparent_background=\u00bboff\u00bb make_fullwidth=\u00bboff\u00bb use_custom_width=\u00bboff\u00bb width_unit=\u00bbon\u00bb global_colors_info=\u00bb{}\u00bb][et_pb_row module_class=\u00bbpagina-texto\u00bb _builder_version=\u00bb3.25&#8243; background_size=\u00bbinitial\u00bb background_position=\u00bbtop_left\u00bb background_repeat=\u00bbrepeat\u00bb make_fullwidth=\u00bboff\u00bb use_custom_width=\u00bboff\u00bb width_unit=\u00bbon\u00bb global_colors_info=\u00bb{}\u00bb column_structure=\u00bb2_3,1_3&#8243;][et_pb_column type=\u00bb2_3&#8243; _builder_version=\u00bb3.25&#8243; custom_padding=\u00bb|||\u00bb global_colors_info=\u00bb{}\u00bb custom_padding__hover=\u00bb|||\u00bb][et_pb_post_title author=\u00bboff\u00bb date=\u00bboff\u00bb comments=\u00bboff\u00bb featured_image=\u00bboff\u00bb _builder_version=\u00bb3.0.87&#8243; title_font_size=\u00bb26&#8243; title_font_size_tablet=\u00bb\u00bb title_font_size_phone=\u00bb\u00bb title_font_size_last_edited=\u00bbon|phone\u00bb parallax_effect=\u00bboff\u00bb use_border_color=\u00bboff\u00bb border_color=\u00bb#ffffff\u00bb border_style=\u00bbsolid\u00bb global_colors_info=\u00bb{}\u00bb][\/et_pb_post_title][et_pb_text _builder_version=\u00bb3.27.4&#8243; background_size=\u00bbinitial\u00bb background_position=\u00bbtop_left\u00bb background_repeat=\u00bbrepeat\u00bb text_orientation=\u00bbjustified\u00bb module_alignment=\u00bbjustified\u00bb border_style=\u00bbsolid\u00bb global_colors_info=\u00bb{}\u00bb]<\/p>\n<p>\nBienvenidos a la <strong>web de la Asociaci\u00f3n de Madres y Padres Mam\u00e1 Margarita, <\/strong>del<strong> Colegio Salesiano San Bartolom\u00e9<\/strong>.<\/p>\n<p>[\/et_pb_text][et_pb_tabs _builder_version=\u00bb3.0.83&#8243; global_colors_info=\u00bb{}\u00bb][et_pb_tab title=\u00bbASAMBLEA\u00bb _builder_version=\u00bb3.0.83&#8243; body_font=\u00bb||||\u00bb tab_font=\u00bbAmatic SC||||\u00bb tab_font_size=\u00bb22&#8243; tab_font_size_tablet=\u00bb28&#8243; tab_font_size_phone=\u00bb28&#8243; global_colors_info=\u00bb{}\u00bb]<\/p>\n<div class=\"et_pb_tab_content\">\n<h2>La Asamblea<\/h2>\n<p>La Asamblea General, formada por todos los socios, es el \u00f3rgano superior de gobierno de la Asociaci\u00f3n. Los acuerdos, adoptados de forma democr\u00e1tica, son de obligado cumplimiento para todos los socios.<\/p>\n<p>Convocada y presidida por el Presidente se reune al menos una vez al a\u00f1o.<\/p>\n<p>Las Asambleas Generales pueden ser Ordinarias o Extraordinarias, dependiendo de los temas a tratar.<\/p>\n<p>Entre sus cometidos est\u00e1n la aprobaci\u00f3n de cuotas, memoria anual de actividades, balance de cuentas y presupuestos, la elecci\u00f3n de Presidente y su Junta Directiva, la modificaci\u00f3n de Estatutos,\u2026<\/p>\n<p>Los acuerdos se consignan en el libro de Actas.<\/p>\n<\/div>\n<p>[\/et_pb_tab][et_pb_tab title=\u00bbJUNTA DIRECTIVA\u00bb _builder_version=\u00bb3.0.83&#8243; body_font=\u00bb||||\u00bb tab_font=\u00bbAmatic SC||||\u00bb tab_font_size=\u00bb22&#8243; tab_font_size_tablet=\u00bb28&#8243; tab_font_size_phone=\u00bb28&#8243; global_colors_info=\u00bb{}\u00bb]<\/p>\n<div class=\"et_pb_tab_content\">\n<h2>La Junta Directiva<\/h2>\n<p>&nbsp;<\/p>\n<p>La <strong>Junta Directiva<\/strong> se compone de Presidente y Vicepresidente, Secretario, Tesorero y un n\u00famero variable de vocales.<\/p>\n<p>Se elige democr\u00e1ticamente, en Asamblea General, y sus miembros durar\u00e1n en el cargo cuatro a\u00f1os, pudiendo ser reelegidos<strong>.<\/strong><\/p>\n<p>La Junta es la encargada de entender y resolver sobre todos los asuntos cuya competencia no est\u00e9 espec\u00edficamente atribuida a la Asamblea General, para el buen funcionamiento de la Asociaci\u00f3n y de las actividades que desarrolla.<\/p>\n<p>La actual Junta Directiva nos reunimos todos los meses, cada primer lunes lectivo de mes.<\/p>\n<\/div>\n<p>[\/et_pb_tab][et_pb_tab title=\u00bbCOLABORADORES\u00bb _builder_version=\u00bb3.0.83&#8243; body_font=\u00bb||||\u00bb tab_font=\u00bbAmatic SC||||\u00bb tab_font_size=\u00bb22&#8243; tab_font_size_tablet=\u00bb28&#8243; tab_font_size_phone=\u00bb28&#8243; global_colors_info=\u00bb{}\u00bb]<\/p>\n<div class=\"et_pb_tab_content\">\n<h2>Colaboradores<\/h2>\n<p>&nbsp;<\/p>\n<p>Los padres y madres conocen los problemas que les afecta de forma m\u00e1s directa.<\/p>\n<p>Los vocales de curso se encargan de proponer soluciones y transmitir dichos problemas.<\/p>\n<p>\u00bfTe apetece ser colaborador del AMPA?<\/p>\n<\/div>\n<p>[\/et_pb_tab][\/et_pb_tabs][\/et_pb_column][et_pb_column type=\u00bb1_3&#8243; _builder_version=\u00bb3.25&#8243; custom_padding=\u00bb|||\u00bb global_colors_info=\u00bb{}\u00bb custom_padding__hover=\u00bb|||\u00bb][et_pb_cta _builder_version=\u00bb3.19.4&#8243; global_colors_info=\u00bb{}\u00bb button_text_size__hover_enabled=\u00bboff\u00bb button_text_size__hover=\u00bbnull\u00bb button_one_text_size__hover_enabled=\u00bboff\u00bb button_one_text_size__hover=\u00bbnull\u00bb button_two_text_size__hover_enabled=\u00bboff\u00bb button_two_text_size__hover=\u00bbnull\u00bb button_text_color__hover_enabled=\u00bboff\u00bb button_text_color__hover=\u00bbnull\u00bb button_one_text_color__hover_enabled=\u00bboff\u00bb button_one_text_color__hover=\u00bbnull\u00bb button_two_text_color__hover_enabled=\u00bboff\u00bb button_two_text_color__hover=\u00bbnull\u00bb button_border_width__hover_enabled=\u00bboff\u00bb button_border_width__hover=\u00bbnull\u00bb button_one_border_width__hover_enabled=\u00bboff\u00bb button_one_border_width__hover=\u00bbnull\u00bb button_two_border_width__hover_enabled=\u00bboff\u00bb button_two_border_width__hover=\u00bbnull\u00bb button_border_color__hover_enabled=\u00bboff\u00bb button_border_color__hover=\u00bbnull\u00bb button_one_border_color__hover_enabled=\u00bboff\u00bb button_one_border_color__hover=\u00bbnull\u00bb button_two_border_color__hover_enabled=\u00bboff\u00bb button_two_border_color__hover=\u00bbnull\u00bb button_border_radius__hover_enabled=\u00bboff\u00bb button_border_radius__hover=\u00bbnull\u00bb button_one_border_radius__hover_enabled=\u00bboff\u00bb button_one_border_radius__hover=\u00bbnull\u00bb button_two_border_radius__hover_enabled=\u00bboff\u00bb button_two_border_radius__hover=\u00bbnull\u00bb button_letter_spacing__hover_enabled=\u00bboff\u00bb button_letter_spacing__hover=\u00bbnull\u00bb button_one_letter_spacing__hover_enabled=\u00bboff\u00bb button_one_letter_spacing__hover=\u00bbnull\u00bb button_two_letter_spacing__hover_enabled=\u00bboff\u00bb button_two_letter_spacing__hover=\u00bbnull\u00bb button_bg_color__hover_enabled=\u00bboff\u00bb button_bg_color__hover=\u00bbnull\u00bb button_one_bg_color__hover_enabled=\u00bboff\u00bb button_one_bg_color__hover=\u00bbnull\u00bb button_two_bg_color__hover_enabled=\u00bboff\u00bb button_two_bg_color__hover=\u00bbnull\u00bb]<\/p>\n<div class=\"et_pb_blurb_description\">\n<h1>Junta Directiva<\/h1>\n<p><strong>PRESIDENTE<\/strong><\/p>\n<p>JOS\u00c9 FRANCISCO MORENO LLORENTE<\/p>\n<p><strong>VICEPRESIDENTA<\/strong><\/p>\n<p><span style=\"font-size: 14px;\">MARIA DEL CARMEN PINO VERA<\/span><\/p>\n<p><strong style=\"font-size: 14px;\">SECRETARIA<\/strong><\/p>\n<p>INMACULADA GALACHO V\u00c1ZQUEZ<\/p>\n<p><strong>TESORERA<\/strong><\/p>\n<p><span style=\"font-size: 14px;\">JOS\u00c9 MIGUEL VALLEJO \u00c1LVAREZ<\/span><\/p>\n<p><strong style=\"font-size: 14px;\">VOCALES<\/strong><\/p>\n<p>MAR\u00cdA DEL MAR CRUCES RIOS<\/p>\n<p><span style=\"font-size: 14px;\">PAULA OLIVER CHAC\u00d3N<\/span><\/p>\n<p>MACARENA RAYA SALVA<\/p>\n<p>EVA MAR\u00cdA RAMOS GUERRERO<\/p>\n<\/div>\n<p>[\/et_pb_cta][\/et_pb_column][\/et_pb_row][et_pb_row _builder_version=\u00bb3.25&#8243; background_size=\u00bbinitial\u00bb background_position=\u00bbtop_left\u00bb background_repeat=\u00bbrepeat\u00bb global_colors_info=\u00bb{}\u00bb column_structure=\u00bb1_4,1_4,1_4,1_4&#8243;][et_pb_column type=\u00bb1_4&#8243; _builder_version=\u00bb3.25&#8243; custom_padding=\u00bb|||\u00bb global_colors_info=\u00bb{}\u00bb custom_padding__hover=\u00bb|||\u00bb][et_pb_blurb title=\u00bbSaludo\u00bb url=\u00bb\/ampa\/saludo-del-presidente\/\u00bb use_icon=\u00bbon\u00bb font_icon=\u00bb&#xe60f;||divi||400&#8243; image_icon_background_color=\u00bb#ffffff\u00bb image_icon_width=\u00bb48px\u00bb admin_label=\u00bbSaludo\u00bb _builder_version=\u00bb4.13.0&#8243; header_text_color=\u00bb#66757e\u00bb background_size=\u00bbinitial\u00bb background_position=\u00bbtop_left\u00bb background_repeat=\u00bbrepeat\u00bb image_icon_custom_padding=\u00bb25px|25px|25px|25px|false|false\u00bb text_orientation=\u00bbcenter\u00bb border_radii_image=\u00bbon|100%|100%|100%|100%\u00bb border_width_all_image=\u00bb3px\u00bb border_color_all_image=\u00bb#66757e\u00bb border_style=\u00bbsolid\u00bb use_circle=\u00bbon\u00bb use_circle_border=\u00bbon\u00bb circle_border_color=\u00bb#66757e\u00bb circle_color=\u00bb#ffffff\u00bb global_colors_info=\u00bb{}\u00bb image_icon_background_color__sticky_enabled=\u00bb#dc001b\u00bb image_icon_background_color__sticky=\u00bb#dc001b\u00bb][\/et_pb_blurb][\/et_pb_column][et_pb_column type=\u00bb1_4&#8243; _builder_version=\u00bb3.25&#8243; custom_padding=\u00bb|||\u00bb global_colors_info=\u00bb{}\u00bb custom_padding__hover=\u00bb|||\u00bb][et_pb_blurb title=\u00bbActividades\u00bb url=\u00bb\/ampa\/actividades-internas\/\u00bb use_icon=\u00bbon\u00bb font_icon=\u00bb&#x69;||divi||400&#8243; image_icon_background_color=\u00bb#ffffff\u00bb image_icon_width=\u00bb48px\u00bb admin_label=\u00bbActividades\u00bb _builder_version=\u00bb4.13.0&#8243; header_text_color=\u00bb#66757e\u00bb background_size=\u00bbinitial\u00bb background_position=\u00bbtop_left\u00bb background_repeat=\u00bbrepeat\u00bb image_icon_custom_padding=\u00bb25px|25px|25px|25px|false|false\u00bb text_orientation=\u00bbcenter\u00bb max_width_tablet=\u00bb50px\u00bb border_radii_image=\u00bbon|100%|100%|100%|100%\u00bb border_width_all_image=\u00bb3px\u00bb border_color_all_image=\u00bb#66757e\u00bb use_circle=\u00bbon\u00bb use_circle_border=\u00bbon\u00bb circle_border_color=\u00bb#66757e\u00bb circle_color=\u00bb#ffffff\u00bb global_colors_info=\u00bb{}\u00bb image_icon_background_color__sticky_enabled=\u00bb#dc001b\u00bb image_icon_background_color__sticky=\u00bb#dc001b\u00bb][\/et_pb_blurb][\/et_pb_column][et_pb_column type=\u00bb1_4&#8243; _builder_version=\u00bb3.25&#8243; custom_padding=\u00bb|||\u00bb global_colors_info=\u00bb{}\u00bb custom_padding__hover=\u00bb|||\u00bb][et_pb_blurb title=\u00bb\u00bfPor qu\u00e9 asociarse?\u00bb url=\u00bb\/ampa\/por-que-asociaciarse\/\u00bb use_icon=\u00bbon\u00bb font_icon=\u00bb&#xe08b;||divi||400&#8243; image_icon_background_color=\u00bb#ffffff\u00bb image_icon_width=\u00bb48px\u00bb admin_label=\u00bbHistoria\u00bb _builder_version=\u00bb4.13.0&#8243; header_text_color=\u00bb#66757e\u00bb background_size=\u00bbinitial\u00bb background_position=\u00bbtop_left\u00bb background_repeat=\u00bbrepeat\u00bb image_icon_custom_padding=\u00bb25px|25px|25px|25px|false|false\u00bb text_orientation=\u00bbcenter\u00bb max_width_tablet=\u00bb50px\u00bb border_radii_image=\u00bbon|100%|100%|100%|100%\u00bb border_width_all_image=\u00bb3px\u00bb border_color_all_image=\u00bb#66757e\u00bb use_circle=\u00bbon\u00bb use_circle_border=\u00bbon\u00bb circle_border_color=\u00bb#66757e\u00bb circle_color=\u00bb#ffffff\u00bb global_colors_info=\u00bb{}\u00bb image_icon_background_color__sticky_enabled=\u00bb#dc001b\u00bb image_icon_background_color__sticky=\u00bb#dc001b\u00bb][\/et_pb_blurb][\/et_pb_column][et_pb_column type=\u00bb1_4&#8243; _builder_version=\u00bb3.25&#8243; custom_padding=\u00bb|||\u00bb global_colors_info=\u00bb{}\u00bb custom_padding__hover=\u00bb|||\u00bb][et_pb_blurb title=\u00bbContacta con nosotros\u00bb url=\u00bb\/ampa\/contacta\/\u00bb use_icon=\u00bbon\u00bb font_icon=\u00bb&#xe010;||divi||400&#8243; image_icon_background_color=\u00bb#ffffff\u00bb image_icon_width=\u00bb48px\u00bb admin_label=\u00bbContacta\u00bb _builder_version=\u00bb4.13.0&#8243; header_text_color=\u00bb#66757e\u00bb background_size=\u00bbinitial\u00bb background_position=\u00bbtop_left\u00bb background_repeat=\u00bbrepeat\u00bb image_icon_custom_padding=\u00bb25px|25px|25px|25px|false|false\u00bb text_orientation=\u00bbcenter\u00bb max_width_tablet=\u00bb50px\u00bb border_radii_image=\u00bbon|100%|100%|100%|100%\u00bb border_width_all_image=\u00bb3px\u00bb border_color_all_image=\u00bb#66757e\u00bb use_circle=\u00bbon\u00bb use_circle_border=\u00bbon\u00bb circle_border_color=\u00bb#66757e\u00bb circle_color=\u00bb#ffffff\u00bb global_colors_info=\u00bb{}\u00bb image_icon_background_color__sticky_enabled=\u00bb#dc001b\u00bb image_icon_background_color__sticky=\u00bb#dc001b\u00bb][\/et_pb_blurb][\/et_pb_column][\/et_pb_row][\/et_pb_section]<\/p>\n","protected":false},"excerpt":{"rendered":"<p>Bienvenidos a la web de la Asociaci\u00f3n de Madres y Padres Mam\u00e1 Margarita, del Colegio Salesiano San Bartolom\u00e9. La Asamblea La Asamblea General, formada por todos los socios, es el \u00f3rgano superior de gobierno de la Asociaci\u00f3n. Los acuerdos, adoptados de forma democr\u00e1tica, son de obligado cumplimiento para todos los socios. Convocada y presidida por [&hellip;]<\/p>\n","protected":false},"author":2,"featured_media":0,"parent":0,"menu_order":0,"comment_status":"closed","ping_status":"closed","template":"","meta":{"_et_pb_use_builder":"on","_et_pb_old_content":"","_et_gb_content_width":"","footnotes":""},"class_list":["post-4865","page","type-page","status-publish","hentry"],"yoast_head":"<!-- This site is optimized with the Yoast SEO plugin v27.3 - https:\/\/yoast.com\/product\/yoast-seo-wordpress\/ -->\n<title>Organizaci\u00f3n - AMPA Mam\u00e1 Margarita | Salesianos M\u00e1laga<\/title>\n<meta name=\"robots\" content=\"index, follow, max-snippet:-1, max-image-preview:large, max-video-preview:-1\" \/>\n<link rel=\"canonical\" href=\"https:\/\/malaga.salesianos.edu\/ampa\/organizacion\/\" \/>\n<meta property=\"og:locale\" content=\"es_ES\" \/>\n<meta property=\"og:type\" content=\"article\" \/>\n<meta property=\"og:title\" content=\"Organizaci\u00f3n - AMPA Mam\u00e1 Margarita | Salesianos M\u00e1laga\" \/>\n<meta property=\"og:description\" content=\"Bienvenidos a la web de la Asociaci\u00f3n de Madres y Padres Mam\u00e1 Margarita, del Colegio Salesiano San Bartolom\u00e9. La Asamblea La Asamblea General, formada por todos los socios, es el \u00f3rgano superior de gobierno de la Asociaci\u00f3n. Los acuerdos, adoptados de forma democr\u00e1tica, son de obligado cumplimiento para todos los socios. Convocada y presidida por [&hellip;]\" \/>\n<meta property=\"og:url\" content=\"https:\/\/malaga.salesianos.edu\/ampa\/organizacion\/\" \/>\n<meta property=\"og:site_name\" content=\"AMPA Mam\u00e1 Margarita | Salesianos M\u00e1laga\" \/>\n<meta property=\"article:modified_time\" content=\"2022-02-09T19:25:05+00:00\" \/>\n<meta name=\"twitter:card\" content=\"summary_large_image\" \/>\n<meta name=\"twitter:label1\" content=\"Tiempo de lectura\" \/>\n\t<meta name=\"twitter:data1\" content=\"8 minutos\" \/>\n<script type=\"application\/ld+json\" class=\"yoast-schema-graph\">{\"@context\":\"https:\\\/\\\/schema.org\",\"@graph\":[{\"@type\":\"WebPage\",\"@id\":\"https:\\\/\\\/malaga.salesianos.edu\\\/ampa\\\/organizacion\\\/\",\"url\":\"https:\\\/\\\/malaga.salesianos.edu\\\/ampa\\\/organizacion\\\/\",\"name\":\"Organizaci\u00f3n - AMPA Mam\u00e1 Margarita | Salesianos M\u00e1laga\",\"isPartOf\":{\"@id\":\"https:\\\/\\\/malaga.salesianos.edu\\\/ampa\\\/#website\"},\"datePublished\":\"2017-10-18T08:17:07+00:00\",\"dateModified\":\"2022-02-09T19:25:05+00:00\",\"breadcrumb\":{\"@id\":\"https:\\\/\\\/malaga.salesianos.edu\\\/ampa\\\/organizacion\\\/#breadcrumb\"},\"inLanguage\":\"es\",\"potentialAction\":[{\"@type\":\"ReadAction\",\"target\":[\"https:\\\/\\\/malaga.salesianos.edu\\\/ampa\\\/organizacion\\\/\"]}]},{\"@type\":\"BreadcrumbList\",\"@id\":\"https:\\\/\\\/malaga.salesianos.edu\\\/ampa\\\/organizacion\\\/#breadcrumb\",\"itemListElement\":[{\"@type\":\"ListItem\",\"position\":1,\"name\":\"Portada\",\"item\":\"https:\\\/\\\/malaga.salesianos.edu\\\/ampa\\\/\"},{\"@type\":\"ListItem\",\"position\":2,\"name\":\"Organizaci\u00f3n\"}]},{\"@type\":\"WebSite\",\"@id\":\"https:\\\/\\\/malaga.salesianos.edu\\\/ampa\\\/#website\",\"url\":\"https:\\\/\\\/malaga.salesianos.edu\\\/ampa\\\/\",\"name\":\"AMPA Mam\u00e1 Margarita | Salesianos M\u00e1laga\",\"description\":\"Asociaci\u00f3n de madres y padres AMPA Mam\u00e1 Margarita | Colegio Salesiano San Bartolom\u00e9 de M\u00e1laga\",\"potentialAction\":[{\"@type\":\"SearchAction\",\"target\":{\"@type\":\"EntryPoint\",\"urlTemplate\":\"https:\\\/\\\/malaga.salesianos.edu\\\/ampa\\\/?s={search_term_string}\"},\"query-input\":{\"@type\":\"PropertyValueSpecification\",\"valueRequired\":true,\"valueName\":\"search_term_string\"}}],\"inLanguage\":\"es\"}]}<\/script>\n<!-- \/ Yoast SEO plugin. -->","yoast_head_json":{"title":"Organizaci\u00f3n - AMPA Mam\u00e1 Margarita | Salesianos M\u00e1laga","robots":{"index":"index","follow":"follow","max-snippet":"max-snippet:-1","max-image-preview":"max-image-preview:large","max-video-preview":"max-video-preview:-1"},"canonical":"https:\/\/malaga.salesianos.edu\/ampa\/organizacion\/","og_locale":"es_ES","og_type":"article","og_title":"Organizaci\u00f3n - AMPA Mam\u00e1 Margarita | Salesianos M\u00e1laga","og_description":"Bienvenidos a la web de la Asociaci\u00f3n de Madres y Padres Mam\u00e1 Margarita, del Colegio Salesiano San Bartolom\u00e9. La Asamblea La Asamblea General, formada por todos los socios, es el \u00f3rgano superior de gobierno de la Asociaci\u00f3n. Los acuerdos, adoptados de forma democr\u00e1tica, son de obligado cumplimiento para todos los socios. Convocada y presidida por [&hellip;]","og_url":"https:\/\/malaga.salesianos.edu\/ampa\/organizacion\/","og_site_name":"AMPA Mam\u00e1 Margarita | Salesianos M\u00e1laga","article_modified_time":"2022-02-09T19:25:05+00:00","twitter_card":"summary_large_image","twitter_misc":{"Tiempo de lectura":"8 minutos"},"schema":{"@context":"https:\/\/schema.org","@graph":[{"@type":"WebPage","@id":"https:\/\/malaga.salesianos.edu\/ampa\/organizacion\/","url":"https:\/\/malaga.salesianos.edu\/ampa\/organizacion\/","name":"Organizaci\u00f3n - AMPA Mam\u00e1 Margarita | Salesianos M\u00e1laga","isPartOf":{"@id":"https:\/\/malaga.salesianos.edu\/ampa\/#website"},"datePublished":"2017-10-18T08:17:07+00:00","dateModified":"2022-02-09T19:25:05+00:00","breadcrumb":{"@id":"https:\/\/malaga.salesianos.edu\/ampa\/organizacion\/#breadcrumb"},"inLanguage":"es","potentialAction":[{"@type":"ReadAction","target":["https:\/\/malaga.salesianos.edu\/ampa\/organizacion\/"]}]},{"@type":"BreadcrumbList","@id":"https:\/\/malaga.salesianos.edu\/ampa\/organizacion\/#breadcrumb","itemListElement":[{"@type":"ListItem","position":1,"name":"Portada","item":"https:\/\/malaga.salesianos.edu\/ampa\/"},{"@type":"ListItem","position":2,"name":"Organizaci\u00f3n"}]},{"@type":"WebSite","@id":"https:\/\/malaga.salesianos.edu\/ampa\/#website","url":"https:\/\/malaga.salesianos.edu\/ampa\/","name":"AMPA Mam\u00e1 Margarita | Salesianos M\u00e1laga","description":"Asociaci\u00f3n de madres y padres AMPA Mam\u00e1 Margarita | Colegio Salesiano San Bartolom\u00e9 de M\u00e1laga","potentialAction":[{"@type":"SearchAction","target":{"@type":"EntryPoint","urlTemplate":"https:\/\/malaga.salesianos.edu\/ampa\/?s={search_term_string}"},"query-input":{"@type":"PropertyValueSpecification","valueRequired":true,"valueName":"search_term_string"}}],"inLanguage":"es"}]}},"_links":{"self":[{"href":"https:\/\/malaga.salesianos.edu\/ampa\/wp-json\/wp\/v2\/pages\/4865","targetHints":{"allow":["GET"]}}],"collection":[{"href":"https:\/\/malaga.salesianos.edu\/ampa\/wp-json\/wp\/v2\/pages"}],"about":[{"href":"https:\/\/malaga.salesianos.edu\/ampa\/wp-json\/wp\/v2\/types\/page"}],"author":[{"embeddable":true,"href":"https:\/\/malaga.salesianos.edu\/ampa\/wp-json\/wp\/v2\/users\/2"}],"replies":[{"embeddable":true,"href":"https:\/\/malaga.salesianos.edu\/ampa\/wp-json\/wp\/v2\/comments?post=4865"}],"version-history":[{"count":18,"href":"https:\/\/malaga.salesianos.edu\/ampa\/wp-json\/wp\/v2\/pages\/4865\/revisions"}],"predecessor-version":[{"id":9780,"href":"https:\/\/malaga.salesianos.edu\/ampa\/wp-json\/wp\/v2\/pages\/4865\/revisions\/9780"}],"wp:attachment":[{"href":"https:\/\/malaga.salesianos.edu\/ampa\/wp-json\/wp\/v2\/media?parent=4865"}],"curies":[{"name":"wp","href":"https:\/\/api.w.org\/{rel}","templated":true}]}}