{"id":4845,"date":"2017-10-18T09:40:13","date_gmt":"2017-10-18T07:40:13","guid":{"rendered":"https:\/\/malaga.salesianos.edu\/ampa\/?page_id=4845"},"modified":"2017-10-24T20:08:39","modified_gmt":"2017-10-24T18:08:39","slug":"saludo-del-presidente","status":"publish","type":"page","link":"https:\/\/malaga.salesianos.edu\/ampa\/saludo-del-presidente\/","title":{"rendered":"Saludo del Presidente"},"content":{"rendered":"<p>[et_pb_section bb_built=\u00bb1&#8243; fullwidth=\u00bbon\u00bb specialty=\u00bboff\u00bb][et_pb_fullwidth_header title=\u00bbAMPA Mam\u00e1 Margarita\u00bb background_layout=\u00bblight\u00bb text_orientation=\u00bbjustified\u00bb header_fullscreen=\u00bboff\u00bb header_scroll_down=\u00bboff\u00bb background_url=\u00bbhttps:\/\/malaga.salesianos.edu\/ampa\/wp-content\/uploads\/sites\/4\/2017\/04\/DSC0006c.jpg\u00bb content_orientation=\u00bbcenter\u00bb image_orientation=\u00bbcenter\u00bb title_font_color=\u00bb#ffffff\u00bb custom_button_one=\u00bboff\u00bb button_one_icon_placement=\u00bbright\u00bb custom_button_two=\u00bboff\u00bb button_two_icon_placement=\u00bbright\u00bb module_class=\u00bbpagina-imagen-cabecera\u00bb title_font_size=\u00bb40px\u00bb _builder_version=\u00bb3.0.82&#8243; background_image=\u00bbhttps:\/\/malaga.salesianos.edu\/ampa\/wp-content\/uploads\/sites\/4\/2017\/10\/Patio_colegio_panoramica.jpg\u00bb box_shadow_position_button_one=\u00bbouter\u00bb box_shadow_position_button_two=\u00bbouter\u00bb box_shadow_position=\u00bbouter\u00bb background_position=\u00bbtop_left\u00bb \/][\/et_pb_section][et_pb_section bb_built=\u00bb1&#8243; fullwidth=\u00bboff\u00bb specialty=\u00bboff\u00bb transparent_background=\u00bboff\u00bb allow_player_pause=\u00bboff\u00bb inner_shadow=\u00bboff\u00bb parallax=\u00bboff\u00bb parallax_method=\u00bboff\u00bb custom_padding=\u00bb-4%|||\u00bb make_fullwidth=\u00bboff\u00bb use_custom_width=\u00bboff\u00bb width_unit=\u00bbon\u00bb make_equal=\u00bboff\u00bb use_custom_gutter=\u00bboff\u00bb module_class=\u00bbpagina-seccion-contenido\u00bb][et_pb_row make_fullwidth=\u00bboff\u00bb use_custom_width=\u00bboff\u00bb width_unit=\u00bbon\u00bb use_custom_gutter=\u00bboff\u00bb allow_player_pause=\u00bboff\u00bb parallax=\u00bboff\u00bb parallax_method=\u00bboff\u00bb make_equal=\u00bboff\u00bb parallax_1=\u00bboff\u00bb parallax_method_1=\u00bboff\u00bb module_class=\u00bbpagina-texto\u00bb background_position=\u00bbtop_left\u00bb background_repeat=\u00bbrepeat\u00bb background_size=\u00bbinitial\u00bb][et_pb_column type=\u00bb4_4&#8243;][et_pb_post_title title=\u00bbon\u00bb meta=\u00bbon\u00bb author=\u00bboff\u00bb date=\u00bboff\u00bb categories=\u00bboff\u00bb comments=\u00bboff\u00bb featured_image=\u00bboff\u00bb featured_placement=\u00bbbelow\u00bb parallax_effect=\u00bboff\u00bb parallax_method=\u00bboff\u00bb text_orientation=\u00bbleft\u00bb text_color=\u00bbdark\u00bb text_background=\u00bboff\u00bb text_bg_color=\u00bbrgba(255,255,255,0.9)\u00bb use_border_color=\u00bboff\u00bb border_color=\u00bb#ffffff\u00bb border_style=\u00bbsolid\u00bb title_font_size=\u00bb26&#8243; title_font_size_last_edited=\u00bbon|phone\u00bb parallax=\u00bboff\u00bb _builder_version=\u00bb3.0.82&#8243; \/][et_pb_text background_layout=\u00bblight\u00bb text_orientation=\u00bbjustified\u00bb border_style=\u00bbsolid\u00bb _builder_version=\u00bb3.0.82&#8243; box_shadow_position=\u00bbouter\u00bb module_alignment=\u00bbjustified\u00bb]<\/p>\n<p>Bienvenidos a la <strong>web de la Asociaci\u00f3n de Madres y Padres Mam\u00e1 Margarita, <\/strong>del<strong> Colegio Salesiano San Bartolom\u00e9<\/strong>.<\/p>\n<p>[\/et_pb_text][\/et_pb_column][\/et_pb_row][et_pb_row][et_pb_column type=\u00bb2_3&#8243;][et_pb_testimonial _builder_version=\u00bb3.0.82&#8243; author=\u00bbJos\u00e9 Francisco Moreno Llorente\u00bb job_title=\u00bbPresidente AMPA\u00bb portrait_url=\u00bbhttps:\/\/malaga.salesianos.edu\/ampa\/wp-content\/uploads\/sites\/4\/2017\/10\/jose_francisco_ampa.jpg\u00bb url_new_window=\u00bboff\u00bb quote_icon=\u00bbon\u00bb use_background_color=\u00bbon\u00bb quote_icon_background_color=\u00bb#f5f5f5&#8243; box_shadow_position_image=\u00bbouter\u00bb background_layout=\u00bblight\u00bb border_style=\u00bbsolid\u00bb box_shadow_position=\u00bbouter\u00bb]<\/p>\n<p>\u00a1Bienvenidos a AMPA Mam\u00e1 Margarita!<\/p>\n<p>Como padres creemos que es de vital importancia nuestra implicaci\u00f3n tanto en la educaci\u00f3n como en la ense\u00f1anza de nuestros hijos.<\/p>\n<p>La palabra \u2018ilusi\u00f3n\u2019 es la que mejor de\ufb01ne el semblante de las madres y padres que forman parte de nuestra AMPA. Desde la Junta contribuimos a concienciarse acerca de la importancia de colaborar, en mayor o menor medida, en el desarrollo del rico proyecto educativo de nuestro Colegio, en bien, en primer lugar, de nuestros hijos.<\/p>\n<p>\u00a1An\u00edmate, te necesitamos! \u00a1Contigo somos m\u00e1s y mejor!<\/p>\n<p>[\/et_pb_testimonial][\/et_pb_column][et_pb_column type=\u00bb1_3&#8243;][et_pb_image _builder_version=\u00bb3.0.82&#8243; src=\u00bbhttps:\/\/malaga.salesianos.edu\/ampa\/wp-content\/uploads\/sites\/4\/2017\/02\/logoampamlg-1_trasparente-2.png\u00bb show_in_lightbox=\u00bboff\u00bb url_new_window=\u00bboff\u00bb use_overlay=\u00bboff\u00bb always_center_on_mobile=\u00bbon\u00bb border_style=\u00bbsolid\u00bb force_fullwidth=\u00bboff\u00bb show_bottom_space=\u00bbon\u00bb box_shadow_position=\u00bbouter\u00bb animation_style=\u00bbslide\u00bb animation_direction=\u00bbright\u00bb \/][\/et_pb_column][\/et_pb_row][et_pb_row _builder_version=\u00bb3.0.83&#8243; background_size=\u00bbinitial\u00bb background_position=\u00bbtop_left\u00bb background_repeat=\u00bbrepeat\u00bb _i=\u00bb3&#8243; _address=\u00bb1.3&#8243;][et_pb_column type=\u00bb1_4&#8243;][et_pb_blurb admin_label=\u00bbJunta Directiva\u00bb title=\u00bbJunta Directiva\u00bb url=\u00bb\/ampa\/organizacion\/\u00bb use_icon=\u00bbon\u00bb font_icon=\u00bb%%158%%\u00bb use_circle=\u00bbon\u00bb circle_color=\u00bb#ffffff\u00bb use_circle_border=\u00bbon\u00bb circle_border_color=\u00bb#66757e\u00bb _builder_version=\u00bb3.0.82&#8243; header_text_color=\u00bb#66757e\u00bb background_size=\u00bbinitial\u00bb background_position=\u00bbtop_left\u00bb background_repeat=\u00bbrepeat\u00bb text_orientation=\u00bbcenter\u00bb _i=\u00bb0&#8243; _address=\u00bb1.3.2.0&#8243; url_new_window=\u00bboff\u00bb icon_placement=\u00bbtop\u00bb use_icon_font_size=\u00bboff\u00bb box_shadow_position_image=\u00bbouter\u00bb background_layout=\u00bblight\u00bb border_style=\u00bbsolid\u00bb max_width_tablet=\u00bb50px\u00bb box_shadow_position=\u00bbouter\u00bb \/][\/et_pb_column][et_pb_column type=\u00bb1_4&#8243;][et_pb_blurb admin_label=\u00bbActividades\u00bb title=\u00bbActividades\u00bb url=\u00bb\/ampa\/actividades-internas\/\u00bb use_icon=\u00bbon\u00bb font_icon=\u00bb%%72%%\u00bb use_circle=\u00bbon\u00bb circle_color=\u00bb#ffffff\u00bb use_circle_border=\u00bbon\u00bb circle_border_color=\u00bb#66757e\u00bb _builder_version=\u00bb3.0.83&#8243; header_text_color=\u00bb#66757e\u00bb background_size=\u00bbinitial\u00bb background_position=\u00bbtop_left\u00bb background_repeat=\u00bbrepeat\u00bb text_orientation=\u00bbcenter\u00bb _i=\u00bb0&#8243; _address=\u00bb1.3.0.0&#8243; url_new_window=\u00bboff\u00bb icon_placement=\u00bbtop\u00bb use_icon_font_size=\u00bboff\u00bb background_layout=\u00bblight\u00bb max_width_tablet=\u00bb50px\u00bb \/][\/et_pb_column][et_pb_column type=\u00bb1_4&#8243;][et_pb_blurb admin_label=\u00bbHistoria\u00bb title=\u00bb\u00bfPor qu\u00e9 asociarse?\u00bb url=\u00bb\/ampa\/por-que-asociaciarse\/\u00bb use_icon=\u00bbon\u00bb font_icon=\u00bb%%259%%\u00bb use_circle=\u00bbon\u00bb circle_color=\u00bb#ffffff\u00bb use_circle_border=\u00bbon\u00bb circle_border_color=\u00bb#66757e\u00bb _builder_version=\u00bb3.0.83&#8243; header_text_color=\u00bb#66757e\u00bb background_size=\u00bbinitial\u00bb background_position=\u00bbtop_left\u00bb background_repeat=\u00bbrepeat\u00bb text_orientation=\u00bbcenter\u00bb _i=\u00bb0&#8243; _address=\u00bb1.3.3.0&#8243; url_new_window=\u00bboff\u00bb icon_placement=\u00bbtop\u00bb use_icon_font_size=\u00bboff\u00bb background_layout=\u00bblight\u00bb max_width_tablet=\u00bb50px\u00bb \/][\/et_pb_column][et_pb_column type=\u00bb1_4&#8243;][et_pb_blurb admin_label=\u00bbContacta\u00bb title=\u00bbContacta con nosotros\u00bb url=\u00bb\/ampa\/contacta\/\u00bb use_icon=\u00bbon\u00bb font_icon=\u00bb%%109%%\u00bb use_circle=\u00bbon\u00bb circle_color=\u00bb#ffffff\u00bb use_circle_border=\u00bbon\u00bb circle_border_color=\u00bb#66757e\u00bb _builder_version=\u00bb3.0.83&#8243; header_text_color=\u00bb#66757e\u00bb background_size=\u00bbinitial\u00bb background_position=\u00bbtop_left\u00bb background_repeat=\u00bbrepeat\u00bb text_orientation=\u00bbcenter\u00bb url_new_window=\u00bboff\u00bb icon_placement=\u00bbtop\u00bb use_icon_font_size=\u00bboff\u00bb background_layout=\u00bblight\u00bb \/][\/et_pb_column][\/et_pb_row][\/et_pb_section]<\/p>\n","protected":false},"excerpt":{"rendered":"<p>Bienvenidos a la web de la Asociaci\u00f3n de Madres y Padres Mam\u00e1 Margarita, del Colegio Salesiano San Bartolom\u00e9. <div class=\"et_pb_row et_pb_row_0 et_pb_row_empty\">\n\t\t\t\t\n\t\t\t\t\n\t\t\t\t\n\t\t\t\t\n\t\t\t\t\n\t\t\t<\/div> \u00a1Bienvenidos a AMPA Mam\u00e1 Margarita! Como padres creemos que es de vital importancia nuestra implicaci\u00f3n tanto en la educaci\u00f3n como en la ense\u00f1anza de nuestros hijos. La palabra \u2018ilusi\u00f3n\u2019 es la que mejor de\ufb01ne el semblante [&hellip;]<\/p>\n","protected":false},"author":2,"featured_media":0,"parent":0,"menu_order":0,"comment_status":"closed","ping_status":"closed","template":"","meta":{"_et_pb_use_builder":"on","_et_pb_old_content":"","_et_gb_content_width":"","footnotes":""},"class_list":["post-4845","page","type-page","status-publish","hentry"],"yoast_head":"<!-- This site is optimized with the Yoast SEO plugin v27.3 - https:\/\/yoast.com\/product\/yoast-seo-wordpress\/ -->\n<title>Saludo del Presidente - AMPA Mam\u00e1 Margarita | Salesianos M\u00e1laga<\/title>\n<meta name=\"robots\" content=\"index, follow, max-snippet:-1, max-image-preview:large, max-video-preview:-1\" \/>\n<link rel=\"canonical\" href=\"https:\/\/malaga.salesianos.edu\/ampa\/saludo-del-presidente\/\" \/>\n<meta property=\"og:locale\" content=\"es_ES\" \/>\n<meta property=\"og:type\" content=\"article\" \/>\n<meta property=\"og:title\" content=\"Saludo del Presidente - AMPA Mam\u00e1 Margarita | Salesianos M\u00e1laga\" \/>\n<meta property=\"og:description\" content=\"Bienvenidos a la web de la Asociaci\u00f3n de Madres y Padres Mam\u00e1 Margarita, del Colegio Salesiano San Bartolom\u00e9. \u00a1Bienvenidos a AMPA Mam\u00e1 Margarita! Como padres creemos que es de vital importancia nuestra implicaci\u00f3n tanto en la educaci\u00f3n como en la ense\u00f1anza de nuestros hijos. La palabra \u2018ilusi\u00f3n\u2019 es la que mejor de\ufb01ne el semblante [&hellip;]\" \/>\n<meta property=\"og:url\" content=\"https:\/\/malaga.salesianos.edu\/ampa\/saludo-del-presidente\/\" \/>\n<meta property=\"og:site_name\" content=\"AMPA Mam\u00e1 Margarita | Salesianos M\u00e1laga\" \/>\n<meta property=\"article:modified_time\" content=\"2017-10-24T18:08:39+00:00\" \/>\n<meta name=\"twitter:card\" content=\"summary_large_image\" \/>\n<meta name=\"twitter:label1\" content=\"Tiempo de lectura\" \/>\n\t<meta name=\"twitter:data1\" content=\"5 minutos\" \/>\n<script type=\"application\/ld+json\" class=\"yoast-schema-graph\">{\"@context\":\"https:\\\/\\\/schema.org\",\"@graph\":[{\"@type\":\"WebPage\",\"@id\":\"https:\\\/\\\/malaga.salesianos.edu\\\/ampa\\\/saludo-del-presidente\\\/\",\"url\":\"https:\\\/\\\/malaga.salesianos.edu\\\/ampa\\\/saludo-del-presidente\\\/\",\"name\":\"Saludo del Presidente - AMPA Mam\u00e1 Margarita | Salesianos M\u00e1laga\",\"isPartOf\":{\"@id\":\"https:\\\/\\\/malaga.salesianos.edu\\\/ampa\\\/#website\"},\"datePublished\":\"2017-10-18T07:40:13+00:00\",\"dateModified\":\"2017-10-24T18:08:39+00:00\",\"breadcrumb\":{\"@id\":\"https:\\\/\\\/malaga.salesianos.edu\\\/ampa\\\/saludo-del-presidente\\\/#breadcrumb\"},\"inLanguage\":\"es\",\"potentialAction\":[{\"@type\":\"ReadAction\",\"target\":[\"https:\\\/\\\/malaga.salesianos.edu\\\/ampa\\\/saludo-del-presidente\\\/\"]}]},{\"@type\":\"BreadcrumbList\",\"@id\":\"https:\\\/\\\/malaga.salesianos.edu\\\/ampa\\\/saludo-del-presidente\\\/#breadcrumb\",\"itemListElement\":[{\"@type\":\"ListItem\",\"position\":1,\"name\":\"Portada\",\"item\":\"https:\\\/\\\/malaga.salesianos.edu\\\/ampa\\\/\"},{\"@type\":\"ListItem\",\"position\":2,\"name\":\"Saludo del Presidente\"}]},{\"@type\":\"WebSite\",\"@id\":\"https:\\\/\\\/malaga.salesianos.edu\\\/ampa\\\/#website\",\"url\":\"https:\\\/\\\/malaga.salesianos.edu\\\/ampa\\\/\",\"name\":\"AMPA Mam\u00e1 Margarita | Salesianos M\u00e1laga\",\"description\":\"Asociaci\u00f3n de madres y padres AMPA Mam\u00e1 Margarita | Colegio Salesiano San Bartolom\u00e9 de M\u00e1laga\",\"potentialAction\":[{\"@type\":\"SearchAction\",\"target\":{\"@type\":\"EntryPoint\",\"urlTemplate\":\"https:\\\/\\\/malaga.salesianos.edu\\\/ampa\\\/?s={search_term_string}\"},\"query-input\":{\"@type\":\"PropertyValueSpecification\",\"valueRequired\":true,\"valueName\":\"search_term_string\"}}],\"inLanguage\":\"es\"}]}<\/script>\n<!-- \/ Yoast SEO plugin. -->","yoast_head_json":{"title":"Saludo del Presidente - AMPA Mam\u00e1 Margarita | Salesianos M\u00e1laga","robots":{"index":"index","follow":"follow","max-snippet":"max-snippet:-1","max-image-preview":"max-image-preview:large","max-video-preview":"max-video-preview:-1"},"canonical":"https:\/\/malaga.salesianos.edu\/ampa\/saludo-del-presidente\/","og_locale":"es_ES","og_type":"article","og_title":"Saludo del Presidente - AMPA Mam\u00e1 Margarita | Salesianos M\u00e1laga","og_description":"Bienvenidos a la web de la Asociaci\u00f3n de Madres y Padres Mam\u00e1 Margarita, del Colegio Salesiano San Bartolom\u00e9. \u00a1Bienvenidos a AMPA Mam\u00e1 Margarita! Como padres creemos que es de vital importancia nuestra implicaci\u00f3n tanto en la educaci\u00f3n como en la ense\u00f1anza de nuestros hijos. La palabra \u2018ilusi\u00f3n\u2019 es la que mejor de\ufb01ne el semblante [&hellip;]","og_url":"https:\/\/malaga.salesianos.edu\/ampa\/saludo-del-presidente\/","og_site_name":"AMPA Mam\u00e1 Margarita | Salesianos M\u00e1laga","article_modified_time":"2017-10-24T18:08:39+00:00","twitter_card":"summary_large_image","twitter_misc":{"Tiempo de lectura":"5 minutos"},"schema":{"@context":"https:\/\/schema.org","@graph":[{"@type":"WebPage","@id":"https:\/\/malaga.salesianos.edu\/ampa\/saludo-del-presidente\/","url":"https:\/\/malaga.salesianos.edu\/ampa\/saludo-del-presidente\/","name":"Saludo del Presidente - AMPA Mam\u00e1 Margarita | Salesianos M\u00e1laga","isPartOf":{"@id":"https:\/\/malaga.salesianos.edu\/ampa\/#website"},"datePublished":"2017-10-18T07:40:13+00:00","dateModified":"2017-10-24T18:08:39+00:00","breadcrumb":{"@id":"https:\/\/malaga.salesianos.edu\/ampa\/saludo-del-presidente\/#breadcrumb"},"inLanguage":"es","potentialAction":[{"@type":"ReadAction","target":["https:\/\/malaga.salesianos.edu\/ampa\/saludo-del-presidente\/"]}]},{"@type":"BreadcrumbList","@id":"https:\/\/malaga.salesianos.edu\/ampa\/saludo-del-presidente\/#breadcrumb","itemListElement":[{"@type":"ListItem","position":1,"name":"Portada","item":"https:\/\/malaga.salesianos.edu\/ampa\/"},{"@type":"ListItem","position":2,"name":"Saludo del Presidente"}]},{"@type":"WebSite","@id":"https:\/\/malaga.salesianos.edu\/ampa\/#website","url":"https:\/\/malaga.salesianos.edu\/ampa\/","name":"AMPA Mam\u00e1 Margarita | Salesianos M\u00e1laga","description":"Asociaci\u00f3n de madres y padres AMPA Mam\u00e1 Margarita | Colegio Salesiano San Bartolom\u00e9 de M\u00e1laga","potentialAction":[{"@type":"SearchAction","target":{"@type":"EntryPoint","urlTemplate":"https:\/\/malaga.salesianos.edu\/ampa\/?s={search_term_string}"},"query-input":{"@type":"PropertyValueSpecification","valueRequired":true,"valueName":"search_term_string"}}],"inLanguage":"es"}]}},"_links":{"self":[{"href":"https:\/\/malaga.salesianos.edu\/ampa\/wp-json\/wp\/v2\/pages\/4845","targetHints":{"allow":["GET"]}}],"collection":[{"href":"https:\/\/malaga.salesianos.edu\/ampa\/wp-json\/wp\/v2\/pages"}],"about":[{"href":"https:\/\/malaga.salesianos.edu\/ampa\/wp-json\/wp\/v2\/types\/page"}],"author":[{"embeddable":true,"href":"https:\/\/malaga.salesianos.edu\/ampa\/wp-json\/wp\/v2\/users\/2"}],"replies":[{"embeddable":true,"href":"https:\/\/malaga.salesianos.edu\/ampa\/wp-json\/wp\/v2\/comments?post=4845"}],"version-history":[{"count":22,"href":"https:\/\/malaga.salesianos.edu\/ampa\/wp-json\/wp\/v2\/pages\/4845\/revisions"}],"predecessor-version":[{"id":5077,"href":"https:\/\/malaga.salesianos.edu\/ampa\/wp-json\/wp\/v2\/pages\/4845\/revisions\/5077"}],"wp:attachment":[{"href":"https:\/\/malaga.salesianos.edu\/ampa\/wp-json\/wp\/v2\/media?parent=4845"}],"curies":[{"name":"wp","href":"https:\/\/api.w.org\/{rel}","templated":true}]}}